{"id":48,"date":"2019-04-18T11:12:45","date_gmt":"2019-04-18T11:12:45","guid":{"rendered":"https:\/\/envothemes.com\/envo-ecommerce\/?page_id=48"},"modified":"2024-05-24T17:44:17","modified_gmt":"2024-05-24T15:44:17","slug":"contact","status":"publish","type":"page","link":"https:\/\/personalcity.net\/home\/contact\/","title":{"rendered":"Kontaktieren Sie uns"},"content":{"rendered":"<p data-sourcepos=\"3:1-3:24\"><strong>Wir sind f\u00fcr Sie da!<\/strong><\/p>\n<p data-sourcepos=\"5:1-5:103\">Ob Sie Fragen zu unseren Produkten, Ihrer Bestellung haben oder uns einfach nur etwas mitteilen m\u00f6chten, wir sind f\u00fcr Sie da. Z\u00f6gern Sie nicht, uns jederzeit zu kontaktieren.<\/p>\n<p data-sourcepos=\"7:1-7:51\"><strong>Finden Sie den besten Weg, uns zu kontaktieren:<\/strong><\/p>\n<ul data-sourcepos=\"9:1-9:11\">\n<li data-sourcepos=\"9:1-9:11\"><strong>Telefon:<\/strong> Rufen Sie uns unter +49.176.56648953 von Montag bis Freitag von 9:00 bis 18:00 Uhr an.<\/li>\n<li data-sourcepos=\"10:1-10:5\"><strong>E-Mail:<\/strong> Senden Sie uns eine E-Mail an help@personalcity.net . Wir werden Ihnen innerhalb von 24 Stunden antworten.<\/li>\n<li data-sourcepos=\"11:1-11:1\"><strong>Kontaktformular:<\/strong> F\u00fcllen Sie unser Online-Kontaktformular aus und ein Mitarbeiter wird sich so schnell wie m\u00f6glich mit Ihnen in Verbindung setzen.<\/li>\n<li data-sourcepos=\"12:1-13:0\"><strong>Social Media:<\/strong> Folgen Sie uns auf unseren Social-Media-Kan\u00e4len und senden Sie uns eine direkte Nachricht.<\/li>\n<\/ul>\n<p data-sourcepos=\"14:1-14:25\"><strong>Kontaktinformationen:<\/strong><\/p>\n<p><em>Vivovini GmbH <\/em><\/p>\n<p><em>Anemonenweg 4<\/em><\/p>\n<p><em>42579 Krefeld<\/em><\/p>\n<p><em>Deutschland<\/em><\/p>\n<p><em>Pr\u00e4ambel<\/em><\/p>\n<p data-sourcepos=\"21:1-21:45\"><strong>Wir freuen uns immer, von Ihnen zu h\u00f6ren!<\/strong><\/p>\n","protected":false},"excerpt":{"rendered":"<p>Wir sind f\u00fcr Sie da! Ob Sie Fragen zu unseren Produkten, Ihrer Bestellung haben oder uns einfach nur etwas mitteilen m\u00f6chten, wir sind f\u00fcr Sie da. Z\u00f6gern Sie nicht, uns jederzeit zu kontaktieren. Finden Sie den besten Weg, uns zu kontaktieren: Telefon: Rufen Sie uns unter +49.176.56648953 von Montag bis Freitag von 9:00 bis 18:00&hellip; <br \/> <a class=\"read-more\" href=\"https:\/\/personalcity.net\/home\/contact\/\">Weiterlesen<\/a><\/p>\n","protected":false},"author":1,"featured_media":0,"parent":0,"menu_order":0,"comment_status":"closed","ping_status":"closed","template":"template-parts\/template-page-builders.php","meta":{"footnotes":""},"class_list":["post-48","page","type-page","status-publish","hentry"],"_links":{"self":[{"href":"https:\/\/personalcity.net\/home\/wp-json\/wp\/v2\/pages\/48","targetHints":{"allow":["GET"]}}],"collection":[{"href":"https:\/\/personalcity.net\/home\/wp-json\/wp\/v2\/pages"}],"about":[{"href":"https:\/\/personalcity.net\/home\/wp-json\/wp\/v2\/types\/page"}],"author":[{"embeddable":true,"href":"https:\/\/personalcity.net\/home\/wp-json\/wp\/v2\/users\/1"}],"replies":[{"embeddable":true,"href":"https:\/\/personalcity.net\/home\/wp-json\/wp\/v2\/comments?post=48"}],"version-history":[{"count":3,"href":"https:\/\/personalcity.net\/home\/wp-json\/wp\/v2\/pages\/48\/revisions"}],"predecessor-version":[{"id":5404,"href":"https:\/\/personalcity.net\/home\/wp-json\/wp\/v2\/pages\/48\/revisions\/5404"}],"wp:attachment":[{"href":"https:\/\/personalcity.net\/home\/wp-json\/wp\/v2\/media?parent=48"}],"curies":[{"name":"wp","href":"https:\/\/api.w.org\/{rel}","templated":true}]}}