{"id":5362,"date":"2024-05-24T14:20:10","date_gmt":"2024-05-24T12:20:10","guid":{"rendered":"http:\/\/personalcity.net\/home\/?page_id=5362"},"modified":"2024-05-24T17:29:40","modified_gmt":"2024-05-24T15:29:40","slug":"impressum","status":"publish","type":"page","link":"https:\/\/personalcity.net\/home\/impressum\/","title":{"rendered":"Impressum"},"content":{"rendered":"\n<p><strong>Vivovini GmbH<\/strong><\/p>\n\n\n\n<p><strong>Anemonenweg 4<\/strong><\/p>\n\n\n\n<p><strong>42579 Krefeld<\/strong><\/p>\n\n\n\n<p><strong>Deutschland<\/strong><\/p>\n\n\n\n<p><strong>Telefon: +49 176 56648953<\/strong><\/p>\n\n\n\n<p><strong>eMail: info@personalcity.net<\/strong><\/p>\n\n\n\n<p><strong>USt-ID-Nr.: DE363089171<\/strong><\/p>\n\n\n\n<p><strong>Handelsregistereintrag:<\/strong> Amtsgericht Krefeld, HRB 33996<\/p>\n\n\n\n<p><strong>Gesch\u00e4ftsf\u00fchrer:<\/strong> Ren\u00e9 Zerpowski und J\u00f6rg Fuchs<\/p>\n\n\n\n<p>Alternative Streitbeilegung:<\/p>\n\n\n\n<p>Die Europ\u00e4ische Kommission stellt eine Plattform f\u00fcr die au\u00dfergerichtliche Online-Streitbeilegung (OS-Plattform) bereit, aufrufbar unter https:\/\/ec.europa.eu\/odr.<\/p>\n\n\n\n<p>Wir sind nicht bereit und nicht verpflichtet, an Streitbeilegungsverfahren vor Verbraucherschlichtungsstellen teilzunehmen.<\/p>\n","protected":false},"excerpt":{"rendered":"<p>Vivovini GmbH Anemonenweg 4 42579 Krefeld Deutschland Telefon: +49 176 56648953 eMail: info@personalcity.net USt-ID-Nr.: DE363089171 Handelsregistereintrag: Amtsgericht Krefeld, HRB 33996 Gesch\u00e4ftsf\u00fchrer: Ren\u00e9 Zerpowski und J\u00f6rg Fuchs Alternative Streitbeilegung: Die Europ\u00e4ische Kommission stellt eine Plattform f\u00fcr die au\u00dfergerichtliche Online-Streitbeilegung (OS-Plattform) bereit, aufrufbar unter https:\/\/ec.europa.eu\/odr. Wir sind nicht bereit und nicht verpflichtet, an Streitbeilegungsverfahren vor Verbraucherschlichtungsstellen teilzunehmen.<\/p>\n","protected":false},"author":1,"featured_media":0,"parent":0,"menu_order":0,"comment_status":"closed","ping_status":"closed","template":"","meta":{"footnotes":""},"class_list":["post-5362","page","type-page","status-publish","hentry"],"_links":{"self":[{"href":"https:\/\/personalcity.net\/home\/wp-json\/wp\/v2\/pages\/5362","targetHints":{"allow":["GET"]}}],"collection":[{"href":"https:\/\/personalcity.net\/home\/wp-json\/wp\/v2\/pages"}],"about":[{"href":"https:\/\/personalcity.net\/home\/wp-json\/wp\/v2\/types\/page"}],"author":[{"embeddable":true,"href":"https:\/\/personalcity.net\/home\/wp-json\/wp\/v2\/users\/1"}],"replies":[{"embeddable":true,"href":"https:\/\/personalcity.net\/home\/wp-json\/wp\/v2\/comments?post=5362"}],"version-history":[{"count":5,"href":"https:\/\/personalcity.net\/home\/wp-json\/wp\/v2\/pages\/5362\/revisions"}],"predecessor-version":[{"id":5393,"href":"https:\/\/personalcity.net\/home\/wp-json\/wp\/v2\/pages\/5362\/revisions\/5393"}],"wp:attachment":[{"href":"https:\/\/personalcity.net\/home\/wp-json\/wp\/v2\/media?parent=5362"}],"curies":[{"name":"wp","href":"https:\/\/api.w.org\/{rel}","templated":true}]}}