{"id":4342,"date":"2024-05-24T11:10:58","date_gmt":"2024-05-24T09:10:58","guid":{"rendered":"http:\/\/personalcity.net\/home\/produkt\/sternfilter-4x-gitterfilter-cross-gitter-stern-filter-dynasun-pro-58mm-58-mm-effektlinse-star-box\/"},"modified":"2025-04-28T15:51:14","modified_gmt":"2025-04-28T13:51:14","slug":"sternfilter-4x-gitterfilter-cross-gitter-stern-filter-dynasun-pro-58mm-58-mm-effektlinse-star-box","status":"publish","type":"product","link":"https:\/\/personalcity.net\/home\/produkt\/sternfilter-4x-gitterfilter-cross-gitter-stern-filter-dynasun-pro-58mm-58-mm-effektlinse-star-box\/","title":{"rendered":"Sternfilter 4x Gitterfilter Cross Gitter Stern Filter DynaSun PRO 58mm 58 mm Effektlinse Star +Box"},"content":{"rendered":"<p>Sternfilter 4x Gitterfilter Cross Gitter Stern Filter DynaSun PRO 58mm 58 mm Effektlinse Star +Box Dieser Filter passt ausschlie\u00dflich an Objektive, Adapter, Kameras, Camcorder, etc. mit 58mm Filtergewindedurchmesser! DynaSun Star 4 point-cross-Filter erzeugt beim Photographieren aufregenden Star-Effekt. Im Vordergrund von einer Lichtquelle, egal ob es ein Lampe, Kerze oder ein funkender Punkt ist, durch unseren Filter k\u00f6nnen Sie zaubernden Moment mit Starkreuz aufnehmen. Die Position des Kreuzes kann auch beliebig durch Drehung des Filters erreicht werden. Durch DynaSun Star 4 point-cross-Filter kann Lichteffekt vergr\u00f6\u00dfert werden, gr\u00f6\u00dfer als die Wahrheit. Die Lichtquelle sieht wie ein Star aus, strahlend mit funkelndem Kreuz. Dieser Effekt wird durch eine Reihe d\u00fcnner Linien produziert, in einer waagerechten und vertikalen Position. Lieferumfang: * DynaSun STAR-Filter * Hardbox<\/p>\n","protected":false},"excerpt":{"rendered":"<p>Sternfilter 4x Gitterfilter Cross Gitter Stern Filter DynaSun PRO 58mm 58 mm Effektlinse Star +Box Dieser Filter passt ausschlie\u00dflich an Objektive, Adapter, Kameras, Camcorder, etc. mit 58mm Filtergewindedurchmesser! DynaSun Star 4 point-cross-Filter erzeugt beim Photographieren aufregenden Star-Effekt. Im Vordergrund von einer Lichtquelle, egal ob es ein Lampe, Kerze oder ein funkender Punkt ist, durch unseren&hellip; <br \/> <a class=\"read-more\" href=\"https:\/\/personalcity.net\/home\/produkt\/sternfilter-4x-gitterfilter-cross-gitter-stern-filter-dynasun-pro-58mm-58-mm-effektlinse-star-box\/\">Weiterlesen<\/a><\/p>\n","protected":false},"featured_media":4302,"comment_status":"open","ping_status":"closed","template":"","meta":[],"product_cat":[218],"product_tag":[],"class_list":{"0":"post-4342","1":"product","2":"type-product","3":"status-publish","4":"has-post-thumbnail","6":"product_cat-elektronik","8":"first","9":"outofstock","10":"shipping-taxable","11":"purchasable","12":"product-type-simple"},"_links":{"self":[{"href":"https:\/\/personalcity.net\/home\/wp-json\/wp\/v2\/product\/4342","targetHints":{"allow":["GET"]}}],"collection":[{"href":"https:\/\/personalcity.net\/home\/wp-json\/wp\/v2\/product"}],"about":[{"href":"https:\/\/personalcity.net\/home\/wp-json\/wp\/v2\/types\/product"}],"replies":[{"embeddable":true,"href":"https:\/\/personalcity.net\/home\/wp-json\/wp\/v2\/comments?post=4342"}],"wp:featuredmedia":[{"embeddable":true,"href":"https:\/\/personalcity.net\/home\/wp-json\/wp\/v2\/media\/4302"}],"wp:attachment":[{"href":"https:\/\/personalcity.net\/home\/wp-json\/wp\/v2\/media?parent=4342"}],"wp:term":[{"taxonomy":"product_cat","embeddable":true,"href":"https:\/\/personalcity.net\/home\/wp-json\/wp\/v2\/product_cat?post=4342"},{"taxonomy":"product_tag","embeddable":true,"href":"https:\/\/personalcity.net\/home\/wp-json\/wp\/v2\/product_tag?post=4342"}],"curies":[{"name":"wp","href":"https:\/\/api.w.org\/{rel}","templated":true}]}}