{"id":4351,"date":"2024-05-24T11:11:00","date_gmt":"2024-05-24T09:11:00","guid":{"rendered":"http:\/\/personalcity.net\/home\/produkt\/dynasun-c-pl-cpl-67mm-polfilter-uv-filter-skylight-67-mm-sternfilter-nahlinsen-gegenlichtblende\/"},"modified":"2025-04-28T15:50:53","modified_gmt":"2025-04-28T13:50:53","slug":"dynasun-c-pl-cpl-67mm-polfilter-uv-filter-skylight-67-mm-sternfilter-nahlinsen-gegenlichtblende","status":"publish","type":"product","link":"https:\/\/personalcity.net\/home\/produkt\/dynasun-c-pl-cpl-67mm-polfilter-uv-filter-skylight-67-mm-sternfilter-nahlinsen-gegenlichtblende\/","title":{"rendered":"DynaSun C-PL CPL 67mm Polfilter +UV Filter +Skylight 67 mm +Sternfilter +Nahlinsen +Gegenlichtblende"},"content":{"rendered":"<p>DynaSun C-PL CPL 67mm Polfilter +UV Filter +Skylight 67 mm +Sternfilter +Nahlinsen +Gegenlichtblende Dieser Filter passt ausschlie\u00dflich an Objektive, Adapter, Kameras, Camcorder, etc. mit 67mm Filtergewindedurchmesser! UV Der unentbehrliche Universalfilter. Farblos, sperrt UV-Strahlen. Dies bewirkt, dass durch die unsichtbaren UV-Strahlen verursachte Unsch\u00e4rfen und Dunst weggefiltert werden. SKY Unser Skylight Filter verringert das \u00fcberm\u00e4\u00dfige Licht, das h\u00e4ufig in der freien Farbenfotographie, besonders im ge\u00f6ffneten Farbton unter einem freien, blauen Himmel auftritt. CPL Polarisationsfilter sind die wichtigsten Filter zur Steigerung der Bildwirkung von Farbfotos. Da sie farbneutral sind, eignen sie sich f\u00fcr analog wie f\u00fcr digital. Die Wirkung von Polfiltern kann nicht mit keiner Software erreicht werden. STAR DynaSun Star 4 point-cross-Filter erzeugt beim Photographieren aufregenden Star-Effekt. Im Vordergrund von einer Lichtquelle, egal ob es ein Lampe, Kerze oder ein funkender Punkt ist, durch unseren Filter k\u00f6nnen Sie zaubernden Moment mit Starkreuz aufnehmen. CLOSE UP Mit diese Linse gelingen auf einfachste Weise gute Nahaufnahmen. Dies f\u00fchrt zu einer Vergr\u00f6\u00dferung des zu fotografierenden Objektes. Mit jedem Objektiv kommen Sie damit n\u00e4her an Ihr Motiv heran. Eine Nahlinse verk\u00fcrzt die Brennweite des Objektivs und damit die Naheinstellgrenze (Mindestabstand zum Objekt). Gegenlichtblende Mit der DynaSun HD04 Gegenlichtblende wird der Streulichteinfall minimiert und somit die Bildqualit\u00e4t Ihrer Aufnahmen um ein Vielfaches erh\u00f6ht. Die Blende wird auf das Objektiv &#8211; Filtergewinde aufgeschraubt, dank der Gegenschraube, die sich auf der Blende befindet k\u00f6nnen Sie die Blende beliebig ausrichten und fixieren.<\/p>\n","protected":false},"excerpt":{"rendered":"<p>DynaSun C-PL CPL 67mm Polfilter +UV Filter +Skylight 67 mm +Sternfilter +Nahlinsen +Gegenlichtblende Dieser Filter passt ausschlie\u00dflich an Objektive, Adapter, Kameras, Camcorder, etc. mit 67mm Filtergewindedurchmesser! UV Der unentbehrliche Universalfilter. Farblos, sperrt UV-Strahlen. Dies bewirkt, dass durch die unsichtbaren UV-Strahlen verursachte Unsch\u00e4rfen und Dunst weggefiltert werden. SKY Unser Skylight Filter verringert das \u00fcberm\u00e4\u00dfige Licht, das&hellip; <br \/> <a class=\"read-more\" href=\"https:\/\/personalcity.net\/home\/produkt\/dynasun-c-pl-cpl-67mm-polfilter-uv-filter-skylight-67-mm-sternfilter-nahlinsen-gegenlichtblende\/\">Weiterlesen<\/a><\/p>\n","protected":false},"featured_media":4352,"comment_status":"open","ping_status":"closed","template":"","meta":[],"product_cat":[218],"product_tag":[],"class_list":{"0":"post-4351","1":"product","2":"type-product","3":"status-publish","4":"has-post-thumbnail","6":"product_cat-elektronik","8":"first","9":"outofstock","10":"shipping-taxable","11":"purchasable","12":"product-type-simple"},"_links":{"self":[{"href":"https:\/\/personalcity.net\/home\/wp-json\/wp\/v2\/product\/4351","targetHints":{"allow":["GET"]}}],"collection":[{"href":"https:\/\/personalcity.net\/home\/wp-json\/wp\/v2\/product"}],"about":[{"href":"https:\/\/personalcity.net\/home\/wp-json\/wp\/v2\/types\/product"}],"replies":[{"embeddable":true,"href":"https:\/\/personalcity.net\/home\/wp-json\/wp\/v2\/comments?post=4351"}],"wp:featuredmedia":[{"embeddable":true,"href":"https:\/\/personalcity.net\/home\/wp-json\/wp\/v2\/media\/4352"}],"wp:attachment":[{"href":"https:\/\/personalcity.net\/home\/wp-json\/wp\/v2\/media?parent=4351"}],"wp:term":[{"taxonomy":"product_cat","embeddable":true,"href":"https:\/\/personalcity.net\/home\/wp-json\/wp\/v2\/product_cat?post=4351"},{"taxonomy":"product_tag","embeddable":true,"href":"https:\/\/personalcity.net\/home\/wp-json\/wp\/v2\/product_tag?post=4351"}],"curies":[{"name":"wp","href":"https:\/\/api.w.org\/{rel}","templated":true}]}}