{"id":4409,"date":"2024-05-24T11:11:13","date_gmt":"2024-05-24T09:11:13","guid":{"rendered":"http:\/\/personalcity.net\/home\/produkt\/profi-batteriegriff-battery-grip-akkugriff-handgriff-dynasun-e8-eos-550d-600d-bg-e8\/"},"modified":"2025-04-28T15:50:22","modified_gmt":"2025-04-28T13:50:22","slug":"profi-batteriegriff-battery-grip-akkugriff-handgriff-dynasun-e8-eos-550d-600d-bg-e8","status":"publish","type":"product","link":"https:\/\/personalcity.net\/home\/produkt\/profi-batteriegriff-battery-grip-akkugriff-handgriff-dynasun-e8-eos-550d-600d-bg-e8\/","title":{"rendered":"Profi Batteriegriff Battery Grip Akkugriff Handgriff DynaSun E8 EOS 550D 600D BG-E8"},"content":{"rendered":"<p>Profi Batteriegriff Battery Grip Akkugriff Handgriff DynaSun E8 f\u00fcr EOS 550D 600D wie der BG-E8 mit extra Batteriefach f\u00fcr AA Batterien Beschreibung Der Batteriegriff DynaSun E8 f\u00fcr EOS 550D 600D erm\u00f6glicht Ihnen besonders bei Aufnahmen im Hochformat eine optimierte Handhabung. Die Kamera l\u00e4sst sich deutlich besser halten und kann dank der rutschsicheren Grifffl\u00e4che nicht mehr aus der Hand gleiten. Der Batteriegriff fasst eine oder zwei Lithium-Ionen Akkus nicht im Lieferumgunfang, so l\u00e4\u00dft sich die Energiekapazit\u00e4t, welche der Kamera zur Verf\u00fcgung steht, verdoppeln und vermeiden l\u00e4stiges Akku Wechseln wie z.B. bei Fotoshootings oder Modeshows. Dadurch sparen Sie auch Zeit und Stress und k\u00f6nnen durchgehend fotografieren. Ausserdem haben Sie auch die M\u00f6glichkeit den Griff auf ein Stativ zu befestigen. Der Griff besitzt Ausl\u00f6seknopf, der bei Hochformataufnahmen besser zu erreichen ist als der Ausl\u00f6ser der Kamera. Mit der Ausl\u00f6sesperre l\u00e4sst sich der Ausl\u00f6seknopf verriegeln, um versehentliches Ausl\u00f6sen zu verhindern. Zus\u00e4tzlich hat der Batteriegriff einen Multifunktionsw\u00e4hler, sowie eine AV-ON-Taste. Diese Bedienelemente erf\u00fcllen die gleichen Funktionen wie ihr jeweiliges Pendant an der Kamera. Zum Lieferumfang des Batteriegriffs geh\u00f6ren zwei herausnehmbare Akkuhalterungen, eine f\u00fcr Akku und eine f\u00fcr Mignon-Akkus. Best\u00fcckt mit zwei LP-E8 oder sechs Mignon-Akkus erm\u00f6glicht der Batteriegriff eine l\u00e4ngere Kameralaufzeit als bei der Verwendung eines einzelnen Akkus. Lieferumfang * DynaSun Batteriegriff E8 f\u00fcr EOS 550D 600D * Batteriefach f\u00fcr 6x AA Akkus\/Batterien * Batteriefach f\u00fcr 2x LP-E8 Akkus * Schutzkappe f\u00fcr die Anschlusskontakte<\/p>\n","protected":false},"excerpt":{"rendered":"<p>Profi Batteriegriff Battery Grip Akkugriff Handgriff DynaSun E8 f\u00fcr EOS 550D 600D wie der BG-E8 mit extra Batteriefach f\u00fcr AA Batterien Beschreibung Der Batteriegriff DynaSun E8 f\u00fcr EOS 550D 600D erm\u00f6glicht Ihnen besonders bei Aufnahmen im Hochformat eine optimierte Handhabung. Die Kamera l\u00e4sst sich deutlich besser halten und kann dank der rutschsicheren Grifffl\u00e4che nicht mehr&hellip; <br \/> <a class=\"read-more\" href=\"https:\/\/personalcity.net\/home\/produkt\/profi-batteriegriff-battery-grip-akkugriff-handgriff-dynasun-e8-eos-550d-600d-bg-e8\/\">Weiterlesen<\/a><\/p>\n","protected":false},"featured_media":4410,"comment_status":"open","ping_status":"closed","template":"","meta":[],"product_cat":[218],"product_tag":[],"class_list":{"0":"post-4409","1":"product","2":"type-product","3":"status-publish","4":"has-post-thumbnail","6":"product_cat-elektronik","8":"first","9":"outofstock","10":"shipping-taxable","11":"purchasable","12":"product-type-simple"},"_links":{"self":[{"href":"https:\/\/personalcity.net\/home\/wp-json\/wp\/v2\/product\/4409","targetHints":{"allow":["GET"]}}],"collection":[{"href":"https:\/\/personalcity.net\/home\/wp-json\/wp\/v2\/product"}],"about":[{"href":"https:\/\/personalcity.net\/home\/wp-json\/wp\/v2\/types\/product"}],"replies":[{"embeddable":true,"href":"https:\/\/personalcity.net\/home\/wp-json\/wp\/v2\/comments?post=4409"}],"wp:featuredmedia":[{"embeddable":true,"href":"https:\/\/personalcity.net\/home\/wp-json\/wp\/v2\/media\/4410"}],"wp:attachment":[{"href":"https:\/\/personalcity.net\/home\/wp-json\/wp\/v2\/media?parent=4409"}],"wp:term":[{"taxonomy":"product_cat","embeddable":true,"href":"https:\/\/personalcity.net\/home\/wp-json\/wp\/v2\/product_cat?post=4409"},{"taxonomy":"product_tag","embeddable":true,"href":"https:\/\/personalcity.net\/home\/wp-json\/wp\/v2\/product_tag?post=4409"}],"curies":[{"name":"wp","href":"https:\/\/api.w.org\/{rel}","templated":true}]}}