{"id":4413,"date":"2024-05-24T11:11:14","date_gmt":"2024-05-24T09:11:14","guid":{"rendered":"http:\/\/personalcity.net\/home\/produkt\/profi-batteriegriff-battery-grip-akkugriff-handgriff-dynasun-e10-1100d-bg-e10\/"},"modified":"2025-04-28T15:50:22","modified_gmt":"2025-04-28T13:50:22","slug":"profi-batteriegriff-battery-grip-akkugriff-handgriff-dynasun-e10-1100d-bg-e10","status":"publish","type":"product","link":"https:\/\/personalcity.net\/home\/produkt\/profi-batteriegriff-battery-grip-akkugriff-handgriff-dynasun-e10-1100d-bg-e10\/","title":{"rendered":"Profi Batteriegriff Battery Grip Akkugriff Handgriff DynaSun E10 1100D BG-E10"},"content":{"rendered":"<p>Profi Batteriegriff Battery Grip Akkugriff Handgriff DynaSun E10 f\u00fcr 1100D wie der BG-E10 Beschreibung Der Batteriegriff DynaSun E10 f\u00fcr 1100D erm\u00f6glicht Ihnen besonders bei Aufnahmen im Hochformat eine optimierte Handhabung. Die Kamera l\u00e4sst sich deutlich besser halten und kann dank der rutschsicheren Grifffl\u00e4che nicht mehr aus der Hand gleiten. Der Batteriegriff fasst eine oder zwei Lithium-Ionen Akkus nicht im Lieferumgunfang, so l\u00e4\u00dft sich die Energiekapazit\u00e4t, welche der Kamera zur Verf\u00fcgung steht, verdoppeln und vermeiden l\u00e4stiges Akku Wechseln wie z.B. bei Fotoshootings oder Modeshows. Dadurch sparen Sie auch Zeit und Stress und k\u00f6nnen durchgehend fotografieren. Ausserdem haben Sie auch die M\u00f6glichkeit den Griff auf ein Stativ zu befestigen. Technische Daten * Komfortable Bedienung bei Hochformataufnahmen * Hauptw\u00e4hlrad f\u00fcr Vertikalgriff * Verdopplung der Betriebsdauer * Stativgewinde * \u00d6se zum befestigen einer Handschlaufe * Rutschfeste, gummierte Griff-Fl\u00e4che * Kompatibel mit ein oder zwei LP-E Akku * Passend f\u00fcr (Kamera): 1100D Lieferumfang * DynaSun Batteriegriff E10 f\u00fcr 1100D * Schutzkappe f\u00fcr die Anschlusskontakte<\/p>\n","protected":false},"excerpt":{"rendered":"<p>Profi Batteriegriff Battery Grip Akkugriff Handgriff DynaSun E10 f\u00fcr 1100D wie der BG-E10 Beschreibung Der Batteriegriff DynaSun E10 f\u00fcr 1100D erm\u00f6glicht Ihnen besonders bei Aufnahmen im Hochformat eine optimierte Handhabung. Die Kamera l\u00e4sst sich deutlich besser halten und kann dank der rutschsicheren Grifffl\u00e4che nicht mehr aus der Hand gleiten. Der Batteriegriff fasst eine oder zwei&hellip; <br \/> <a class=\"read-more\" href=\"https:\/\/personalcity.net\/home\/produkt\/profi-batteriegriff-battery-grip-akkugriff-handgriff-dynasun-e10-1100d-bg-e10\/\">Weiterlesen<\/a><\/p>\n","protected":false},"featured_media":4414,"comment_status":"open","ping_status":"closed","template":"","meta":[],"product_cat":[218],"product_tag":[],"class_list":{"0":"post-4413","1":"product","2":"type-product","3":"status-publish","4":"has-post-thumbnail","6":"product_cat-elektronik","8":"first","9":"outofstock","10":"shipping-taxable","11":"purchasable","12":"product-type-simple"},"_links":{"self":[{"href":"https:\/\/personalcity.net\/home\/wp-json\/wp\/v2\/product\/4413","targetHints":{"allow":["GET"]}}],"collection":[{"href":"https:\/\/personalcity.net\/home\/wp-json\/wp\/v2\/product"}],"about":[{"href":"https:\/\/personalcity.net\/home\/wp-json\/wp\/v2\/types\/product"}],"replies":[{"embeddable":true,"href":"https:\/\/personalcity.net\/home\/wp-json\/wp\/v2\/comments?post=4413"}],"wp:featuredmedia":[{"embeddable":true,"href":"https:\/\/personalcity.net\/home\/wp-json\/wp\/v2\/media\/4414"}],"wp:attachment":[{"href":"https:\/\/personalcity.net\/home\/wp-json\/wp\/v2\/media?parent=4413"}],"wp:term":[{"taxonomy":"product_cat","embeddable":true,"href":"https:\/\/personalcity.net\/home\/wp-json\/wp\/v2\/product_cat?post=4413"},{"taxonomy":"product_tag","embeddable":true,"href":"https:\/\/personalcity.net\/home\/wp-json\/wp\/v2\/product_tag?post=4413"}],"curies":[{"name":"wp","href":"https:\/\/api.w.org\/{rel}","templated":true}]}}