{"id":4421,"date":"2024-05-24T11:11:19","date_gmt":"2024-05-24T09:11:19","guid":{"rendered":"http:\/\/personalcity.net\/home\/produkt\/profi-batteriegriff-battery-grip-akkugriff-handgriff-dynasun-d10-d300-d300s-d700-wie-der-mb-d10-mbd10-mit-extra-batteriefach-fuer-aa-batterien\/"},"modified":"2025-04-28T15:50:22","modified_gmt":"2025-04-28T13:50:22","slug":"profi-batteriegriff-battery-grip-akkugriff-handgriff-dynasun-d10-d300-d300s-d700-wie-der-mb-d10-mbd10-mit-extra-batteriefach-fuer-aa-batterien","status":"publish","type":"product","link":"https:\/\/personalcity.net\/home\/produkt\/profi-batteriegriff-battery-grip-akkugriff-handgriff-dynasun-d10-d300-d300s-d700-wie-der-mb-d10-mbd10-mit-extra-batteriefach-fuer-aa-batterien\/","title":{"rendered":"Profi Batteriegriff Battery Grip Akkugriff Handgriff DynaSun D10 D300 D300S D700 wie der MB-D10 MBD10 mit extra Batteriefach f\u00fcr AA Batterien"},"content":{"rendered":"<p>Profi Batteriegriff Battery Grip Akkugriff Handgriff DynaSun D10 f\u00fcr D300 D300S D700 wie der MB-D10 MBD10 mit extra Batteriefach f\u00fcr AA Batterien Beschreibung Der Batteriegriff DynaSun D10 f\u00fcr D300 D300S D700 erm\u00f6glicht Ihnen besonders bei Aufnahmen im Hochformat eine optimierte Handhabung. Die Kamera l\u00e4sst sich deutlich besser halten und kann dank der rutschsicheren Grifffl\u00e4che nicht mehr aus der Hand gleiten. Der Batteriegriff fasst eine oder zwei Lithium-Ionen Akkus nicht im Lieferumgunfang, so l\u00e4\u00dft sich die Energiekapazit\u00e4t, welche der Kamera zur Verf\u00fcgung steht, verdoppeln und vermeiden l\u00e4stiges Akku Wechseln wie z.B. bei Fotoshootings oder Modeshows. Dadurch sparen Sie auch Zeit und Stress und k\u00f6nnen durchgehend fotografieren. Ausserdem haben Sie auch die M\u00f6glichkeit den Griff auf ein Stativ zu befestigen. Der Griff besitzt Ausl\u00f6seknopf, der bei Hochformataufnahmen besser zu erreichen ist als der Ausl\u00f6ser der Kamera. Zum Lieferumfang des Batteriegriffs geh\u00f6ren zwei herausnehmbare Akkuhalterungen, eine f\u00fcr Akku und eine f\u00fcr Mignon-Akkus. Best\u00fcckt mit zwei EN-EL3E oder 8 Mignon-Akkus erm\u00f6glicht der Batteriegriff eine l\u00e4ngere Kameralaufzeit als bei der Verwendung eines einzelnen Akkus. Technische Daten * Komfortable Bedienung bei Hochformataufnahmen * Batteriefach f\u00fcr 2x EN-EL3E * Betrieb mit 8 AA Akkus bzw. Batterien m\u00f6glich * Ein-\/Aus-Schalter f\u00fcr Vertikalgriff * Verdopplung der Betriebsdauer * Stativgewinde * \u00d6se zum befestigen einer Handschlaufe * Rutschfeste, gummierte Griff-Fl\u00e4che * Kompatibel mit ein ode zwei EN-EL3E Akku * Passend f\u00fcr (Kamera): D300 D300S D700 Lieferumfang * DynaSun Batteriegriff BG-D10 f\u00fcr D300 D300S D700 * Batteriefach f\u00fcr 8x AA Akkus\/Batterien * Batteriefach f\u00fcr 2x EN-EL3E Akku * Schutzkappe f\u00fcr die Anschlusskontakte<\/p>\n","protected":false},"excerpt":{"rendered":"<p>Profi Batteriegriff Battery Grip Akkugriff Handgriff DynaSun D10 f\u00fcr D300 D300S D700 wie der MB-D10 MBD10 mit extra Batteriefach f\u00fcr AA Batterien Beschreibung Der Batteriegriff DynaSun D10 f\u00fcr D300 D300S D700 erm\u00f6glicht Ihnen besonders bei Aufnahmen im Hochformat eine optimierte Handhabung. Die Kamera l\u00e4sst sich deutlich besser halten und kann dank der rutschsicheren Grifffl\u00e4che nicht&hellip; <br \/> <a class=\"read-more\" href=\"https:\/\/personalcity.net\/home\/produkt\/profi-batteriegriff-battery-grip-akkugriff-handgriff-dynasun-d10-d300-d300s-d700-wie-der-mb-d10-mbd10-mit-extra-batteriefach-fuer-aa-batterien\/\">Weiterlesen<\/a><\/p>\n","protected":false},"featured_media":4422,"comment_status":"open","ping_status":"closed","template":"","meta":[],"product_cat":[218],"product_tag":[],"class_list":{"0":"post-4421","1":"product","2":"type-product","3":"status-publish","4":"has-post-thumbnail","6":"product_cat-elektronik","8":"first","9":"outofstock","10":"shipping-taxable","11":"purchasable","12":"product-type-simple"},"_links":{"self":[{"href":"https:\/\/personalcity.net\/home\/wp-json\/wp\/v2\/product\/4421","targetHints":{"allow":["GET"]}}],"collection":[{"href":"https:\/\/personalcity.net\/home\/wp-json\/wp\/v2\/product"}],"about":[{"href":"https:\/\/personalcity.net\/home\/wp-json\/wp\/v2\/types\/product"}],"replies":[{"embeddable":true,"href":"https:\/\/personalcity.net\/home\/wp-json\/wp\/v2\/comments?post=4421"}],"wp:featuredmedia":[{"embeddable":true,"href":"https:\/\/personalcity.net\/home\/wp-json\/wp\/v2\/media\/4422"}],"wp:attachment":[{"href":"https:\/\/personalcity.net\/home\/wp-json\/wp\/v2\/media?parent=4421"}],"wp:term":[{"taxonomy":"product_cat","embeddable":true,"href":"https:\/\/personalcity.net\/home\/wp-json\/wp\/v2\/product_cat?post=4421"},{"taxonomy":"product_tag","embeddable":true,"href":"https:\/\/personalcity.net\/home\/wp-json\/wp\/v2\/product_tag?post=4421"}],"curies":[{"name":"wp","href":"https:\/\/api.w.org\/{rel}","templated":true}]}}