{"id":4436,"date":"2024-05-24T11:11:28","date_gmt":"2024-05-24T09:11:28","guid":{"rendered":"http:\/\/personalcity.net\/home\/produkt\/profi-batteriegriff-battery-grip-akkugriff-handgriff-dynasun-5100-d5100-d5200-kabel\/"},"modified":"2025-04-28T15:49:59","modified_gmt":"2025-04-28T13:49:59","slug":"profi-batteriegriff-battery-grip-akkugriff-handgriff-dynasun-5100-d5100-d5200-kabel","status":"publish","type":"product","link":"https:\/\/personalcity.net\/home\/produkt\/profi-batteriegriff-battery-grip-akkugriff-handgriff-dynasun-5100-d5100-d5200-kabel\/","title":{"rendered":"Profi Batteriegriff Battery Grip Akkugriff Handgriff DynaSun 5100 D5100 D5200 + Kabel"},"content":{"rendered":"<p>Profi Batteriegriff Battery Grip Akkugriff Handgriff DynaSun 5100 f\u00fcr D5100 und D5200 mit Anschlusskabel mit Anschlusskabel Beschreibung Der Batteriegriff DynaSun 5100 f\u00fcr D5100 und D5200 erm\u00f6glicht Ihnen besonders bei Aufnahmen im Hochformat eine optimierte Handhabung. Die Kamera l\u00e4sst sich deutlich besser halten und kann dank der rutschsicheren Grifffl\u00e4che nicht mehr aus der Hand gleiten. Der Batteriegriff fasst eine oder zwei Lithium-Ionen EN-EL14 Akkus nicht im Lieferumgunfang, so l\u00e4\u00dft sich die Energiekapazit\u00e4t, welche der Kamera zur Verf\u00fcgung steht, verdoppeln und vermeiden l\u00e4stiges Akku Wechseln wie z.B. bei Fotoshootings oder Modeshows. Dadurch sparen Sie auch Zeit und Stress und k\u00f6nnen durchgehend fotografieren. Ausserdem haben Sie auch die M\u00f6glichkeit den Griff auf ein Stativ zu befestigen. Technische Daten * Komfortable Bedienung bei Hochformataufnahmen * Verdopplung der Betriebsdauer * Stativgewinde * Hochformatausl\u00f6ser f\u00fcr Hochformatbilder * Rutschfeste, gummierte Griff-Fl\u00e4che * Kompatibel mit ein oder zwei EN-EL14 Akku * Ma\u00dfe: ca. 11,8 x 9,6 x 7,6cm * Gewicht: ca. 150g (ohne Akkus) * Passend f\u00fcr (Kamera): D5100 und D5200Lieferumfang * DynaSun Batteriegriff 5100 f\u00fcr D5100 und D5200 * Anschlusskabel<\/p>\n","protected":false},"excerpt":{"rendered":"<p>Profi Batteriegriff Battery Grip Akkugriff Handgriff DynaSun 5100 f\u00fcr D5100 und D5200 mit Anschlusskabel mit Anschlusskabel Beschreibung Der Batteriegriff DynaSun 5100 f\u00fcr D5100 und D5200 erm\u00f6glicht Ihnen besonders bei Aufnahmen im Hochformat eine optimierte Handhabung. Die Kamera l\u00e4sst sich deutlich besser halten und kann dank der rutschsicheren Grifffl\u00e4che nicht mehr aus der Hand gleiten. Der&hellip; <br \/> <a class=\"read-more\" href=\"https:\/\/personalcity.net\/home\/produkt\/profi-batteriegriff-battery-grip-akkugriff-handgriff-dynasun-5100-d5100-d5200-kabel\/\">Weiterlesen<\/a><\/p>\n","protected":false},"featured_media":4437,"comment_status":"open","ping_status":"closed","template":"","meta":[],"product_cat":[218],"product_tag":[],"class_list":{"0":"post-4436","1":"product","2":"type-product","3":"status-publish","4":"has-post-thumbnail","6":"product_cat-elektronik","8":"first","9":"outofstock","10":"shipping-taxable","11":"purchasable","12":"product-type-simple"},"_links":{"self":[{"href":"https:\/\/personalcity.net\/home\/wp-json\/wp\/v2\/product\/4436","targetHints":{"allow":["GET"]}}],"collection":[{"href":"https:\/\/personalcity.net\/home\/wp-json\/wp\/v2\/product"}],"about":[{"href":"https:\/\/personalcity.net\/home\/wp-json\/wp\/v2\/types\/product"}],"replies":[{"embeddable":true,"href":"https:\/\/personalcity.net\/home\/wp-json\/wp\/v2\/comments?post=4436"}],"wp:featuredmedia":[{"embeddable":true,"href":"https:\/\/personalcity.net\/home\/wp-json\/wp\/v2\/media\/4437"}],"wp:attachment":[{"href":"https:\/\/personalcity.net\/home\/wp-json\/wp\/v2\/media?parent=4436"}],"wp:term":[{"taxonomy":"product_cat","embeddable":true,"href":"https:\/\/personalcity.net\/home\/wp-json\/wp\/v2\/product_cat?post=4436"},{"taxonomy":"product_tag","embeddable":true,"href":"https:\/\/personalcity.net\/home\/wp-json\/wp\/v2\/product_tag?post=4436"}],"curies":[{"name":"wp","href":"https:\/\/api.w.org\/{rel}","templated":true}]}}