{"id":4440,"date":"2024-05-24T11:11:30","date_gmt":"2024-05-24T09:11:30","guid":{"rendered":"http:\/\/personalcity.net\/home\/produkt\/profi-batteriegriff-battery-grip-akkugriff-handgriff-dynasun-60-d40-d40x-d60-d3000\/"},"modified":"2025-04-28T15:49:59","modified_gmt":"2025-04-28T13:49:59","slug":"profi-batteriegriff-battery-grip-akkugriff-handgriff-dynasun-60-d40-d40x-d60-d3000","status":"publish","type":"product","link":"https:\/\/personalcity.net\/home\/produkt\/profi-batteriegriff-battery-grip-akkugriff-handgriff-dynasun-60-d40-d40x-d60-d3000\/","title":{"rendered":"Profi Batteriegriff Battery Grip Akkugriff Handgriff DynaSun 60 D40 D40x D60 D3000"},"content":{"rendered":"<p>Profi Batteriegriff Battery Grip Akkugriff Handgriff DynaSun 60 f\u00fcr D40 D40x D60 D3000 Beschreibung Der Batteriegriff DynaSun 60 f\u00fcr D40 D40x D60 D3000 erm\u00f6glicht Ihnen besonders bei Aufnahmen im Hochformat eine optimierte Handhabung. Die Kamera l\u00e4sst sich deutlich besser halten und kann dank der rutschsicheren Grifffl\u00e4che nicht mehr aus der Hand gleiten. Der Batteriegriff fasst eine oder zwei Lithium-Ionen EN-EL9 Akkus nicht im Lieferumgunfang, so l\u00e4\u00dft sich die Energiekapazit\u00e4t, welche der Kamera zur Verf\u00fcgung steht, verdoppeln und vermeiden l\u00e4stiges Akku Wechseln wie z.B. bei Fotoshootings oder Modeshows. Dadurch sparen Sie auch Zeit und Stress und k\u00f6nnen durchgehend fotografieren. Ausserdem haben Sie auch die M\u00f6glichkeit den Griff auf ein Stativ zu befestigen. Technische Daten * Komfortable Bedienung bei Hochformataufnahmen * Verdopplung der Betriebsdauer * Stativgewinde * \u00d6se zum befestigen einer Handschlaufe * Hochformatausl\u00f6ser f\u00fcr Hochformatbilder * Rutschfeste, gummierte Griff-Fl\u00e4che * Kompatibel mit ein oder zwei EN-EL9 \/ EN-EL9a Akku * Gewicht: ca. 160 gr. (ohne Akkus) * Ma\u00dfe: ca. 12,5 x 10,4 x 7,8cm * Passend f\u00fcr (Kamera): D40 D40x D60 D3000 Lieferumfang * DynaSun Batteriegriff 5000 f\u00fcr D40 D40x D60 D3000<\/p>\n","protected":false},"excerpt":{"rendered":"<p>Profi Batteriegriff Battery Grip Akkugriff Handgriff DynaSun 60 f\u00fcr D40 D40x D60 D3000 Beschreibung Der Batteriegriff DynaSun 60 f\u00fcr D40 D40x D60 D3000 erm\u00f6glicht Ihnen besonders bei Aufnahmen im Hochformat eine optimierte Handhabung. Die Kamera l\u00e4sst sich deutlich besser halten und kann dank der rutschsicheren Grifffl\u00e4che nicht mehr aus der Hand gleiten. Der Batteriegriff fasst&hellip; <br \/> <a class=\"read-more\" href=\"https:\/\/personalcity.net\/home\/produkt\/profi-batteriegriff-battery-grip-akkugriff-handgriff-dynasun-60-d40-d40x-d60-d3000\/\">Weiterlesen<\/a><\/p>\n","protected":false},"featured_media":4441,"comment_status":"open","ping_status":"closed","template":"","meta":[],"product_cat":[218],"product_tag":[],"class_list":{"0":"post-4440","1":"product","2":"type-product","3":"status-publish","4":"has-post-thumbnail","6":"product_cat-elektronik","8":"first","9":"outofstock","10":"shipping-taxable","11":"purchasable","12":"product-type-simple"},"_links":{"self":[{"href":"https:\/\/personalcity.net\/home\/wp-json\/wp\/v2\/product\/4440","targetHints":{"allow":["GET"]}}],"collection":[{"href":"https:\/\/personalcity.net\/home\/wp-json\/wp\/v2\/product"}],"about":[{"href":"https:\/\/personalcity.net\/home\/wp-json\/wp\/v2\/types\/product"}],"replies":[{"embeddable":true,"href":"https:\/\/personalcity.net\/home\/wp-json\/wp\/v2\/comments?post=4440"}],"wp:featuredmedia":[{"embeddable":true,"href":"https:\/\/personalcity.net\/home\/wp-json\/wp\/v2\/media\/4441"}],"wp:attachment":[{"href":"https:\/\/personalcity.net\/home\/wp-json\/wp\/v2\/media?parent=4440"}],"wp:term":[{"taxonomy":"product_cat","embeddable":true,"href":"https:\/\/personalcity.net\/home\/wp-json\/wp\/v2\/product_cat?post=4440"},{"taxonomy":"product_tag","embeddable":true,"href":"https:\/\/personalcity.net\/home\/wp-json\/wp\/v2\/product_tag?post=4440"}],"curies":[{"name":"wp","href":"https:\/\/api.w.org\/{rel}","templated":true}]}}