{"id":4444,"date":"2024-05-24T11:11:31","date_gmt":"2024-05-24T09:11:31","guid":{"rendered":"http:\/\/personalcity.net\/home\/produkt\/profi-batteriegriff-battery-grip-akkugriff-handgriff-dynasun-750-d750-wie-der-mb-d16-mit-extra-batteriefach-fuer-aa-batterien\/"},"modified":"2025-04-28T15:49:59","modified_gmt":"2025-04-28T13:49:59","slug":"profi-batteriegriff-battery-grip-akkugriff-handgriff-dynasun-750-d750-wie-der-mb-d16-mit-extra-batteriefach-fuer-aa-batterien","status":"publish","type":"product","link":"https:\/\/personalcity.net\/home\/produkt\/profi-batteriegriff-battery-grip-akkugriff-handgriff-dynasun-750-d750-wie-der-mb-d16-mit-extra-batteriefach-fuer-aa-batterien\/","title":{"rendered":"Profi Batteriegriff Battery Grip Akkugriff Handgriff DynaSun 750 D750 wie der MB-D16 mit extra Batteriefach f\u00fcr AA Batterien"},"content":{"rendered":"<p>Profi Batteriegriff Battery Grip Akkugriff Handgriff DynaSun 750 f\u00fcr D750 wie der MB-D16 mit extra Batteriefach f\u00fcr AA Batterien Beschreibung Der Batteriegriff DynaSun 750 f\u00fcr D750 erm\u00f6glicht Ihnen besonders bei Aufnahmen im Hochformat eine optimierte Handhabung. Die Kamera l\u00e4sst sich deutlich besser halten und kann dank der rutschsicheren Grifffl\u00e4che nicht mehr aus der Hand gleiten. Der Batteriegriff fasst eine oder zwei Lithium-Ionen Akkus nicht im Lieferumgunfang, so l\u00e4\u00dft sich die Energiekapazit\u00e4t, welche der Kamera zur Verf\u00fcgung steht, verdoppeln und vermeiden l\u00e4stiges Akku Wechseln wie z.B. bei Fotoshootings oder Modeshows. Dadurch sparen Sie auch Zeit und Stress und k\u00f6nnen durchgehend fotografieren. Ausserdem haben Sie auch die M\u00f6glichkeit den Griff auf ein Stativ zu befestigen. Der Griff besitzt einen zweistufigen Ausl\u00f6seknopf, der bei Hochformataufnahmen besser zu erreichen ist als der Ausl\u00f6ser der Kamera. Mit der Ausl\u00f6sesperre l\u00e4sst sich der Ausl\u00f6seknopf verriegeln, um versehentliches Ausl\u00f6sen zu verhindern. Zus\u00e4tzlich hat der Batteriegriff einen Multifunktionsw\u00e4hler, zwei Wahlr\u00e4der, sowie eine AF-Taste. Diese Bedienelemente erf\u00fcllen die gleichen Funktionen wie ihr jeweiliges Pendant an der Kamera. Technische Daten * Komfortable Bedienung bei Hochformataufnahmen * Batteriefach f\u00fcr AA Batterien * Betrieb mit 6 AA Akkus bzw. Batterien m\u00f6glich * Multifunktionstaste * AF-L Taste * 2 Wahlr\u00e4der \/ Einstellrad * Verdopplung der Betriebsdauer * Stativgewinde * Rutschfeste, gummierte Griff-Fl\u00e4che * Kompatibel mit EN-EL15 Akku * Passend f\u00fcr (Kamera): D750 Lieferumfang * DynaSun Batteriegriff 750 f\u00fcr D750 * Batteriefach f\u00fcr 6x AA Akkus\/Batterien * Batteriefach f\u00fcr EN-EL15 Akkus * Schutzkappe f\u00fcr die Anschlusskontakte<\/p>\n","protected":false},"excerpt":{"rendered":"<p>Profi Batteriegriff Battery Grip Akkugriff Handgriff DynaSun 750 f\u00fcr D750 wie der MB-D16 mit extra Batteriefach f\u00fcr AA Batterien Beschreibung Der Batteriegriff DynaSun 750 f\u00fcr D750 erm\u00f6glicht Ihnen besonders bei Aufnahmen im Hochformat eine optimierte Handhabung. Die Kamera l\u00e4sst sich deutlich besser halten und kann dank der rutschsicheren Grifffl\u00e4che nicht mehr aus der Hand gleiten.&hellip; <br \/> <a class=\"read-more\" href=\"https:\/\/personalcity.net\/home\/produkt\/profi-batteriegriff-battery-grip-akkugriff-handgriff-dynasun-750-d750-wie-der-mb-d16-mit-extra-batteriefach-fuer-aa-batterien\/\">Weiterlesen<\/a><\/p>\n","protected":false},"featured_media":4445,"comment_status":"open","ping_status":"closed","template":"","meta":[],"product_cat":[218],"product_tag":[],"class_list":{"0":"post-4444","1":"product","2":"type-product","3":"status-publish","4":"has-post-thumbnail","6":"product_cat-elektronik","8":"first","9":"outofstock","10":"shipping-taxable","11":"purchasable","12":"product-type-simple"},"_links":{"self":[{"href":"https:\/\/personalcity.net\/home\/wp-json\/wp\/v2\/product\/4444","targetHints":{"allow":["GET"]}}],"collection":[{"href":"https:\/\/personalcity.net\/home\/wp-json\/wp\/v2\/product"}],"about":[{"href":"https:\/\/personalcity.net\/home\/wp-json\/wp\/v2\/types\/product"}],"replies":[{"embeddable":true,"href":"https:\/\/personalcity.net\/home\/wp-json\/wp\/v2\/comments?post=4444"}],"wp:featuredmedia":[{"embeddable":true,"href":"https:\/\/personalcity.net\/home\/wp-json\/wp\/v2\/media\/4445"}],"wp:attachment":[{"href":"https:\/\/personalcity.net\/home\/wp-json\/wp\/v2\/media?parent=4444"}],"wp:term":[{"taxonomy":"product_cat","embeddable":true,"href":"https:\/\/personalcity.net\/home\/wp-json\/wp\/v2\/product_cat?post=4444"},{"taxonomy":"product_tag","embeddable":true,"href":"https:\/\/personalcity.net\/home\/wp-json\/wp\/v2\/product_tag?post=4444"}],"curies":[{"name":"wp","href":"https:\/\/api.w.org\/{rel}","templated":true}]}}