{"id":4448,"date":"2024-05-24T11:11:34","date_gmt":"2024-05-24T09:11:34","guid":{"rendered":"http:\/\/personalcity.net\/home\/produkt\/profi-batteriegriff-battery-grip-akkugriff-handgriff-dynasun-e16-eos-7d-mark-ii-wie-der-bg-e16-bge16-mit-extra-batteriefach-fuer-aa-batterien\/"},"modified":"2025-04-28T15:49:59","modified_gmt":"2025-04-28T13:49:59","slug":"profi-batteriegriff-battery-grip-akkugriff-handgriff-dynasun-e16-eos-7d-mark-ii-wie-der-bg-e16-bge16-mit-extra-batteriefach-fuer-aa-batterien","status":"publish","type":"product","link":"https:\/\/personalcity.net\/home\/produkt\/profi-batteriegriff-battery-grip-akkugriff-handgriff-dynasun-e16-eos-7d-mark-ii-wie-der-bg-e16-bge16-mit-extra-batteriefach-fuer-aa-batterien\/","title":{"rendered":"Profi Batteriegriff Battery Grip Akkugriff Handgriff DynaSun E16 EOS 7D MARK II wie der BG-E16 BGE16 mit extra Batteriefach f\u00fcr AA Batterien"},"content":{"rendered":"<p>Profi Batteriegriff Battery Grip Akkugriff Handgriff DynaSun E16 f\u00fcr EOS 7D Mark II wie der BG-E16 BGE16 mit extra Batteriefach f\u00fcr AA Batterien Beschreibung Der Batteriegriff DynaSun E16 f\u00fcr EOS 7D Mark II erm\u00f6glicht Ihnen besonders bei Aufnahmen im Hochformat eine optimierte Handhabung. Die Kamera l\u00e4sst sich deutlich besser halten und kann dank der rutschsicheren Grifffl\u00e4che nicht mehr aus der Hand gleiten. Der Batteriegriff fasst eine oder zwei Lithium-Ionen Akkus nicht im Lieferumgunfang, so l\u00e4\u00dft sich die Energiekapazit\u00e4t, welche der Kamera zur Verf\u00fcgung steht, verdoppeln und vermeiden l\u00e4stiges Akku Wechseln wie z.B. bei Fotoshootings oder Modeshows. Dadurch sparen Sie auch Zeit und Stress und k\u00f6nnen durchgehend fotografieren. Ausserdem haben Sie auch die M\u00f6glichkeit den Griff auf ein Stativ zu befestigen. Der Griff besitzt Ausl\u00f6seknopf, der bei Hochformataufnahmen besser zu erreichen ist als der Ausl\u00f6ser der Kamera. Zus\u00e4tzlich hat der Batteriegriff einen Multifunktionsw\u00e4hler, sowie eine AF-Taste. Diese Bedienelemente erf\u00fcllen die gleichen Funktionen wie ihr jeweiliges Pendant an der Kamera. Zum Lieferumfang des Batteriegriffs geh\u00f6ren zwei herausnehmbare Akkuhalterungen, eine f\u00fcr Akku und eine f\u00fcr Mignon-Akkus. Technische Daten * Komfortable Bedienung bei Hochformataufnahmen * Batteriefach f\u00fcr 2x LP- E6\/E6N Akku * Betrieb mit 6 AA Akkus bzw. Batterien m\u00f6glich * Ein-\/Aus-Schalter f\u00fcr Vertikalgriff * AF-Start-Punktwahl * AF-Punktwahl * AE-Lock-Punktwahl * Ausl\u00f6ser f\u00fcr Hochformataufnahmen * Hauptw\u00e4hlrad f\u00fcr Vertikalgriff * Verdopplung der Betriebsdauer * Stativgewinde * \u00d6se zum befestigen einer Handschlaufe * Rutschfeste, gummierte Griff-Fl\u00e4che * Kompatibel mit ein ode zwei LP- E6\/E6N Akku * Passend f\u00fcr (Kamera): EOS 7D Mark II<\/p>\n","protected":false},"excerpt":{"rendered":"<p>Profi Batteriegriff Battery Grip Akkugriff Handgriff DynaSun E16 f\u00fcr EOS 7D Mark II wie der BG-E16 BGE16 mit extra Batteriefach f\u00fcr AA Batterien Beschreibung Der Batteriegriff DynaSun E16 f\u00fcr EOS 7D Mark II erm\u00f6glicht Ihnen besonders bei Aufnahmen im Hochformat eine optimierte Handhabung. Die Kamera l\u00e4sst sich deutlich besser halten und kann dank der rutschsicheren&hellip; <br \/> <a class=\"read-more\" href=\"https:\/\/personalcity.net\/home\/produkt\/profi-batteriegriff-battery-grip-akkugriff-handgriff-dynasun-e16-eos-7d-mark-ii-wie-der-bg-e16-bge16-mit-extra-batteriefach-fuer-aa-batterien\/\">Weiterlesen<\/a><\/p>\n","protected":false},"featured_media":4449,"comment_status":"open","ping_status":"closed","template":"","meta":[],"product_cat":[218],"product_tag":[],"class_list":{"0":"post-4448","1":"product","2":"type-product","3":"status-publish","4":"has-post-thumbnail","6":"product_cat-elektronik","8":"first","9":"outofstock","10":"shipping-taxable","11":"purchasable","12":"product-type-simple"},"_links":{"self":[{"href":"https:\/\/personalcity.net\/home\/wp-json\/wp\/v2\/product\/4448","targetHints":{"allow":["GET"]}}],"collection":[{"href":"https:\/\/personalcity.net\/home\/wp-json\/wp\/v2\/product"}],"about":[{"href":"https:\/\/personalcity.net\/home\/wp-json\/wp\/v2\/types\/product"}],"replies":[{"embeddable":true,"href":"https:\/\/personalcity.net\/home\/wp-json\/wp\/v2\/comments?post=4448"}],"wp:featuredmedia":[{"embeddable":true,"href":"https:\/\/personalcity.net\/home\/wp-json\/wp\/v2\/media\/4449"}],"wp:attachment":[{"href":"https:\/\/personalcity.net\/home\/wp-json\/wp\/v2\/media?parent=4448"}],"wp:term":[{"taxonomy":"product_cat","embeddable":true,"href":"https:\/\/personalcity.net\/home\/wp-json\/wp\/v2\/product_cat?post=4448"},{"taxonomy":"product_tag","embeddable":true,"href":"https:\/\/personalcity.net\/home\/wp-json\/wp\/v2\/product_tag?post=4448"}],"curies":[{"name":"wp","href":"https:\/\/api.w.org\/{rel}","templated":true}]}}