{"id":4452,"date":"2024-05-24T11:11:37","date_gmt":"2024-05-24T09:11:37","guid":{"rendered":"http:\/\/personalcity.net\/home\/produkt\/dynasun-550-led-makro-ringblitz-ringleuchten-mit-dauerlicht-funktion-fuer-makrofotografie-ring-blitz-blitzgeraet\/"},"modified":"2025-04-28T15:49:59","modified_gmt":"2025-04-28T13:49:59","slug":"dynasun-550-led-makro-ringblitz-ringleuchten-mit-dauerlicht-funktion-fuer-makrofotografie-ring-blitz-blitzgeraet","status":"publish","type":"product","link":"https:\/\/personalcity.net\/home\/produkt\/dynasun-550-led-makro-ringblitz-ringleuchten-mit-dauerlicht-funktion-fuer-makrofotografie-ring-blitz-blitzgeraet\/","title":{"rendered":"DynaSun 550 LED Makro Ringblitz Ringleuchten mit Dauerlicht Funktion f\u00fcr Makrofotografie Ring Blitz Blitzger\u00e4t"},"content":{"rendered":"<p>DynaSun 550 LED Makro Ringblitz Ringleuchten mit Dauerlicht Funktion f\u00fcr Makrofotografie Ring Blitz Blitzger\u00e4t Beschreibung DynaSun 550 LED-Makro-Ringblitz besteht aus 48 High-Brightness-LED\u2019s. Ein hoch effizientes Schaltungsdesign h\u00e4lt die Stabilit\u00e4t der Lichtausg\u00e4nge konstant. Es kann auf den meisten Modellen von DSLR-Kameras installiert werden. Mit Adapterringen wird Kompatibilit\u00e4t f\u00fcr viele Makro-Objektive bereitgestellt. Es gibt Blitzmodus, Light-Modus und auf verschiedenen Ebenen Helligkeitsanpassungen. Es ist speziell entwickelt f\u00fcr die Bereiche der Makro-Aufnahmen z.B. in der wissenschaftlichen Forschung, medizinische Fotografie und \u00e4hnlichen Makro-Fotoarbeiten. Es bietet kontinuierliches oder stabiles halb Licht oder voll Licht, um damit h\u00f6here Fotografie Bed\u00fcrfnisse zu erf\u00fcllen. Der Blitzkopf kann spezielle Lichteffekte generieren. Bei einer vollen Umdrehung der Flash gibt es gibt keine Schatten bei der Makro-Fotografie mehr. Die neue Farbwiedergabe-Technologie liefert extreme Farbgenauigkeit und Reproduktionen f\u00fcr kritische Anwendungen. Dieses alles ist fantastisch f\u00fcr Foto-Aufnahmen von Blumen und Insekten aus kleinsten Entfernungen. Der besagte Light-Modus kann nat\u00fcrlich auch verwendet werden, um Videos aus n\u00e4chster N\u00e4he aufzunehmen. Kompatibilit\u00e4tLED-Makro-Ringblitz f\u00fcr Kameras mit Standard-Blitzschuh und 52mm\/58mm\/62mm\/67mm Makro-Objektiv geeignet.<\/p>\n","protected":false},"excerpt":{"rendered":"<p>DynaSun 550 LED Makro Ringblitz Ringleuchten mit Dauerlicht Funktion f\u00fcr Makrofotografie Ring Blitz Blitzger\u00e4t Beschreibung DynaSun 550 LED-Makro-Ringblitz besteht aus 48 High-Brightness-LED\u2019s. Ein hoch effizientes Schaltungsdesign h\u00e4lt die Stabilit\u00e4t der Lichtausg\u00e4nge konstant. Es kann auf den meisten Modellen von DSLR-Kameras installiert werden. Mit Adapterringen wird Kompatibilit\u00e4t f\u00fcr viele Makro-Objektive bereitgestellt. Es gibt Blitzmodus, Light-Modus und&hellip; <br \/> <a class=\"read-more\" href=\"https:\/\/personalcity.net\/home\/produkt\/dynasun-550-led-makro-ringblitz-ringleuchten-mit-dauerlicht-funktion-fuer-makrofotografie-ring-blitz-blitzgeraet\/\">Weiterlesen<\/a><\/p>\n","protected":false},"featured_media":4453,"comment_status":"open","ping_status":"closed","template":"","meta":[],"product_cat":[218],"product_tag":[],"class_list":{"0":"post-4452","1":"product","2":"type-product","3":"status-publish","4":"has-post-thumbnail","6":"product_cat-elektronik","8":"first","9":"outofstock","10":"shipping-taxable","11":"purchasable","12":"product-type-simple"},"_links":{"self":[{"href":"https:\/\/personalcity.net\/home\/wp-json\/wp\/v2\/product\/4452","targetHints":{"allow":["GET"]}}],"collection":[{"href":"https:\/\/personalcity.net\/home\/wp-json\/wp\/v2\/product"}],"about":[{"href":"https:\/\/personalcity.net\/home\/wp-json\/wp\/v2\/types\/product"}],"replies":[{"embeddable":true,"href":"https:\/\/personalcity.net\/home\/wp-json\/wp\/v2\/comments?post=4452"}],"wp:featuredmedia":[{"embeddable":true,"href":"https:\/\/personalcity.net\/home\/wp-json\/wp\/v2\/media\/4453"}],"wp:attachment":[{"href":"https:\/\/personalcity.net\/home\/wp-json\/wp\/v2\/media?parent=4452"}],"wp:term":[{"taxonomy":"product_cat","embeddable":true,"href":"https:\/\/personalcity.net\/home\/wp-json\/wp\/v2\/product_cat?post=4452"},{"taxonomy":"product_tag","embeddable":true,"href":"https:\/\/personalcity.net\/home\/wp-json\/wp\/v2\/product_tag?post=4452"}],"curies":[{"name":"wp","href":"https:\/\/api.w.org\/{rel}","templated":true}]}}