{"id":4468,"date":"2024-05-24T11:11:41","date_gmt":"2024-05-24T09:11:41","guid":{"rendered":"http:\/\/personalcity.net\/home\/produkt\/dekostoff-hintergrund-stoffhintegrund-dynasun-3x6-pink-in-polypropylen-nur-40g-sqm\/"},"modified":"2025-04-28T15:49:37","modified_gmt":"2025-04-28T13:49:37","slug":"dekostoff-hintergrund-stoffhintegrund-dynasun-3x6-pink-in-polypropylen-nur-40g-sqm","status":"publish","type":"product","link":"https:\/\/personalcity.net\/home\/produkt\/dekostoff-hintergrund-stoffhintegrund-dynasun-3x6-pink-in-polypropylen-nur-40g-sqm\/","title":{"rendered":"Dekostoff Hintergrund Stoffhintegrund DynaSun 3\u00d76 Pink in Polypropylen nur 40g\/sqm"},"content":{"rendered":"<p>LEICHTER STOFFHINTERGRUND DEKOSTOFF DYNASUN WOB4001 02 BRIGHT PINK 3x6m Beschreibung DynaSun WOB4001 Series sind hochwertige Hintergrunde aus sehr leichtem und d\u00fcnnem T\u00fcll-\u00e4hnlichem Stoff, ideal f\u00fcr Studio-und Portr\u00e4taufnahmen. Die Hintergrunde sind super d\u00fcnne, k\u00f6nnte mit Baumwolle Backdrop um kreativen Effekten in den Hintergrund zu geben. Es gibt so viele kreative M\u00f6glichkeiten, diese Hintergrunde zu benutzen, z.B. eignet sich als Dekostoff, zum Abdecken oder Zuh\u00e4ngen. Technische Daten * Unifarben * Ma\u00dfe: ca. 3x6m * Sehr leichtes und d\u00fcnnes Material * F\u00fcr interessante, abwechslungsreiche Aufnahmen * Auch als Dekostoff verwendbar, zum Zuh\u00e4ngen, Abdecken und vieles mehr<\/p>\n","protected":false},"excerpt":{"rendered":"<p>LEICHTER STOFFHINTERGRUND DEKOSTOFF DYNASUN WOB4001 02 BRIGHT PINK 3x6m Beschreibung DynaSun WOB4001 Series sind hochwertige Hintergrunde aus sehr leichtem und d\u00fcnnem T\u00fcll-\u00e4hnlichem Stoff, ideal f\u00fcr Studio-und Portr\u00e4taufnahmen. Die Hintergrunde sind super d\u00fcnne, k\u00f6nnte mit Baumwolle Backdrop um kreativen Effekten in den Hintergrund zu geben. Es gibt so viele kreative M\u00f6glichkeiten, diese Hintergrunde zu benutzen, z.B.&hellip; <br \/> <a class=\"read-more\" href=\"https:\/\/personalcity.net\/home\/produkt\/dekostoff-hintergrund-stoffhintegrund-dynasun-3x6-pink-in-polypropylen-nur-40g-sqm\/\">Weiterlesen<\/a><\/p>\n","protected":false},"featured_media":4469,"comment_status":"open","ping_status":"closed","template":"","meta":[],"product_cat":[218],"product_tag":[],"class_list":{"0":"post-4468","1":"product","2":"type-product","3":"status-publish","4":"has-post-thumbnail","6":"product_cat-elektronik","8":"first","9":"outofstock","10":"shipping-taxable","11":"purchasable","12":"product-type-simple"},"_links":{"self":[{"href":"https:\/\/personalcity.net\/home\/wp-json\/wp\/v2\/product\/4468","targetHints":{"allow":["GET"]}}],"collection":[{"href":"https:\/\/personalcity.net\/home\/wp-json\/wp\/v2\/product"}],"about":[{"href":"https:\/\/personalcity.net\/home\/wp-json\/wp\/v2\/types\/product"}],"replies":[{"embeddable":true,"href":"https:\/\/personalcity.net\/home\/wp-json\/wp\/v2\/comments?post=4468"}],"wp:featuredmedia":[{"embeddable":true,"href":"https:\/\/personalcity.net\/home\/wp-json\/wp\/v2\/media\/4469"}],"wp:attachment":[{"href":"https:\/\/personalcity.net\/home\/wp-json\/wp\/v2\/media?parent=4468"}],"wp:term":[{"taxonomy":"product_cat","embeddable":true,"href":"https:\/\/personalcity.net\/home\/wp-json\/wp\/v2\/product_cat?post=4468"},{"taxonomy":"product_tag","embeddable":true,"href":"https:\/\/personalcity.net\/home\/wp-json\/wp\/v2\/product_tag?post=4468"}],"curies":[{"name":"wp","href":"https:\/\/api.w.org\/{rel}","templated":true}]}}