{"id":4488,"date":"2024-05-24T11:11:46","date_gmt":"2024-05-24T09:11:46","guid":{"rendered":"http:\/\/personalcity.net\/home\/produkt\/fotostudio-motiv-stoff-hintergrund-dynasun-ch036-28x40-old-time-struktur-dicke-baumwolle-120g-sqm\/"},"modified":"2025-04-28T15:49:37","modified_gmt":"2025-04-28T13:49:37","slug":"fotostudio-motiv-stoff-hintergrund-dynasun-ch036-28x40-old-time-struktur-dicke-baumwolle-120g-sqm","status":"publish","type":"product","link":"https:\/\/personalcity.net\/home\/produkt\/fotostudio-motiv-stoff-hintergrund-dynasun-ch036-28x40-old-time-struktur-dicke-baumwolle-120g-sqm\/","title":{"rendered":"Fotostudio Motiv Stoff Hintergrund DynaSun CH036 2,8\u00d74,0 Old Time Struktur Dicke Baumwolle 120g\/sqm"},"content":{"rendered":"<p>HINTERGRUND BACKGROUND STOFFHINTERGRUND BACKDROP PRO STUDIO DYNASUN CH36 Ma\u00dfe: 2,80 mt x 4,00 mt, Dicke Baumwolle 120g\/sqm Beschreibung Der Hintergrund DynaSun CH36 ist aus strapazierf\u00e4higem Stoff mit Ma\u00df von 2,80 Meter x 4,00 Meter (ohne Naht in der Mitte). Besonderes geeignet f\u00fcr Portrait-, Studio- und Tieffotografie. Diese Hintergrund ist Leicht, handlich und bietet Fotografen Farben und Muster, um Ihre Kreativit\u00e4t auszuleben. Dieser Studiohintergrund besteht aus Baumwolle (kein billig Produkt, wie Polypropylen oder Synthetik) und die Stoffdicke ist 120g\/m\u00b2. Bevor Sie sich f\u00fcr billige Hintegr\u00fcnde entscheiden, achten Sie auf diese Werte. (Beste Hintergr\u00fcnde sind immer auf Baumwolle und Stoffdicke mindestens 120g\/m\u00b2) Unsere Hintergr\u00fcnde sind umges\u00e4umt. Sie k\u00f6nnen unseren Hintergrund einfach auf das Hintergrundsystem aufh\u00e4ngen. Handarbeit, jeder Hintergrund ist ein Unikat (daher sind nat\u00fcrlich leichte Abweichungen zu den Bildern m\u00f6glich) Jeder Hintergrund wird einzeln eingef\u00e4rbt, keine Rollenfertigung und somit ein absolutes Unikat f\u00fcr Sie. Technische Daten * F\u00fcr Foto- und Videoaufnahmen geeignet * Gr\u00f6\u00dfe: 2,8&#215;4 m * Ohne Mittelnaht * Baumwollstoff (Muslin) * Stoff reflektiert nicht * Robust und strapazierf\u00e4hig * Handarbeit, jeder Hintergrund ist ein Unikat<\/p>\n","protected":false},"excerpt":{"rendered":"<p>HINTERGRUND BACKGROUND STOFFHINTERGRUND BACKDROP PRO STUDIO DYNASUN CH36 Ma\u00dfe: 2,80 mt x 4,00 mt, Dicke Baumwolle 120g\/sqm Beschreibung Der Hintergrund DynaSun CH36 ist aus strapazierf\u00e4higem Stoff mit Ma\u00df von 2,80 Meter x 4,00 Meter (ohne Naht in der Mitte). Besonderes geeignet f\u00fcr Portrait-, Studio- und Tieffotografie. Diese Hintergrund ist Leicht, handlich und bietet Fotografen Farben&hellip; <br \/> <a class=\"read-more\" href=\"https:\/\/personalcity.net\/home\/produkt\/fotostudio-motiv-stoff-hintergrund-dynasun-ch036-28x40-old-time-struktur-dicke-baumwolle-120g-sqm\/\">Weiterlesen<\/a><\/p>\n","protected":false},"featured_media":4489,"comment_status":"open","ping_status":"closed","template":"","meta":[],"product_cat":[218],"product_tag":[],"class_list":{"0":"post-4488","1":"product","2":"type-product","3":"status-publish","4":"has-post-thumbnail","6":"product_cat-elektronik","8":"first","9":"outofstock","10":"shipping-taxable","11":"purchasable","12":"product-type-simple"},"_links":{"self":[{"href":"https:\/\/personalcity.net\/home\/wp-json\/wp\/v2\/product\/4488","targetHints":{"allow":["GET"]}}],"collection":[{"href":"https:\/\/personalcity.net\/home\/wp-json\/wp\/v2\/product"}],"about":[{"href":"https:\/\/personalcity.net\/home\/wp-json\/wp\/v2\/types\/product"}],"replies":[{"embeddable":true,"href":"https:\/\/personalcity.net\/home\/wp-json\/wp\/v2\/comments?post=4488"}],"wp:featuredmedia":[{"embeddable":true,"href":"https:\/\/personalcity.net\/home\/wp-json\/wp\/v2\/media\/4489"}],"wp:attachment":[{"href":"https:\/\/personalcity.net\/home\/wp-json\/wp\/v2\/media?parent=4488"}],"wp:term":[{"taxonomy":"product_cat","embeddable":true,"href":"https:\/\/personalcity.net\/home\/wp-json\/wp\/v2\/product_cat?post=4488"},{"taxonomy":"product_tag","embeddable":true,"href":"https:\/\/personalcity.net\/home\/wp-json\/wp\/v2\/product_tag?post=4488"}],"curies":[{"name":"wp","href":"https:\/\/api.w.org\/{rel}","templated":true}]}}