{"id":4504,"date":"2024-05-24T11:11:51","date_gmt":"2024-05-24T09:11:51","guid":{"rendered":"http:\/\/personalcity.net\/home\/produkt\/hintergrundsystem-fotostudio-profi-aluminium-dynasun-fs901-stoff-hintergrund-pro-w001-28x40-weiss\/"},"modified":"2025-04-28T15:49:37","modified_gmt":"2025-04-28T13:49:37","slug":"hintergrundsystem-fotostudio-profi-aluminium-dynasun-fs901-stoff-hintergrund-pro-w001-28x40-weiss","status":"publish","type":"product","link":"https:\/\/personalcity.net\/home\/produkt\/hintergrundsystem-fotostudio-profi-aluminium-dynasun-fs901-stoff-hintergrund-pro-w001-28x40-weiss\/","title":{"rendered":"Hintergrundsystem Fotostudio Profi Aluminium DynaSun FS901 +Stoff Hintergrund Pro W001 2,8\u00d74,0 Weiss"},"content":{"rendered":"<p>HINTERGRUND SYSTEM SUPPORT\/STAND DYNASUN FS901 + STOFFHINTERGRUND PRO STUDIO DYNASUN W001 WEISS JUMBO VERSION: L\u00e4nge 3mt mit Tragtasche Ma\u00dfe: 2,80 mt x 4,00 mt, Dicke Baumwolle 140g\/sqm Beschreibung Hintergrundsystem Unser DynaSun FS901 ist Hintergrundstativ f\u00fcr Papier- oder Stoffhintergrund mit einer praktischen Tragtasche. Es ist ein qualitatives Produkt f\u00fcr hohen Anspruch. Genau solches System br\u00e4uchten Sie f\u00fcr Ihr Fotostudio und Ihre professionellen Fotos. Bestehend aus zwei stabilen, 3-teiligen Leuchten-Stativen. Inkl. Hintergrund-Querstange. Sie bieten hier auf ein qualitativ gutes Produkt. Unser Produkt ist voll aus Aluminium. Unser Durchmesser ist doppelt als die anderen billigen Versionen. Bei Auswahl der Hintergrundstative sollen Sie auf die Qualit\u00e4t des Produktes achten. Die 2 Stative haben beim unteren Rohr ein Durchmesser von 34,5mm, und sind Federged\u00e4mpft (Sehr wichtig f\u00fcr ein Fotostudio). Dazu kommt die H\u00f6he von 265cm der Stative, die Sie bei anderen billigen Produkten nicht haben. Durchmesser der Teleskopstange ist ca. 3cm, doppelt als die anderen billigen Versionen. Preis-Leistungsverh\u00e4ltnis ist unser Produkt Top! Hintergrund Absolute Neuheit in der Studio. Endlich k\u00f6nnen moderne und professioneller Aufnahme ohne Raumprobleme und ganz einfach realisiert werden. Der Hintergrund DynaSun ist aus strapazierf\u00e4higem Stoff mit Ma\u00df von 2,80 Meter x 4,00 Meter (ohne Naht in der Mitte). Besonderes geeignet f\u00fcr Portrait-, Studio- und Tieffotografie. Dieser Studiohintergrund besteht aus Baumwolle (kein billig Produkt, wie Polypropylen oder Synthetik) und die Stoffdicke ist 140g\/m\u00b2.<\/p>\n","protected":false},"excerpt":{"rendered":"<p>HINTERGRUND SYSTEM SUPPORT\/STAND DYNASUN FS901 + STOFFHINTERGRUND PRO STUDIO DYNASUN W001 WEISS JUMBO VERSION: L\u00e4nge 3mt mit Tragtasche Ma\u00dfe: 2,80 mt x 4,00 mt, Dicke Baumwolle 140g\/sqm Beschreibung Hintergrundsystem Unser DynaSun FS901 ist Hintergrundstativ f\u00fcr Papier- oder Stoffhintergrund mit einer praktischen Tragtasche. Es ist ein qualitatives Produkt f\u00fcr hohen Anspruch. Genau solches System br\u00e4uchten Sie&hellip; <br \/> <a class=\"read-more\" href=\"https:\/\/personalcity.net\/home\/produkt\/hintergrundsystem-fotostudio-profi-aluminium-dynasun-fs901-stoff-hintergrund-pro-w001-28x40-weiss\/\">Weiterlesen<\/a><\/p>\n","protected":false},"featured_media":4505,"comment_status":"open","ping_status":"closed","template":"","meta":[],"product_cat":[218],"product_tag":[],"class_list":{"0":"post-4504","1":"product","2":"type-product","3":"status-publish","4":"has-post-thumbnail","6":"product_cat-elektronik","8":"first","9":"outofstock","10":"shipping-taxable","11":"purchasable","12":"product-type-simple"},"_links":{"self":[{"href":"https:\/\/personalcity.net\/home\/wp-json\/wp\/v2\/product\/4504","targetHints":{"allow":["GET"]}}],"collection":[{"href":"https:\/\/personalcity.net\/home\/wp-json\/wp\/v2\/product"}],"about":[{"href":"https:\/\/personalcity.net\/home\/wp-json\/wp\/v2\/types\/product"}],"replies":[{"embeddable":true,"href":"https:\/\/personalcity.net\/home\/wp-json\/wp\/v2\/comments?post=4504"}],"wp:featuredmedia":[{"embeddable":true,"href":"https:\/\/personalcity.net\/home\/wp-json\/wp\/v2\/media\/4505"}],"wp:attachment":[{"href":"https:\/\/personalcity.net\/home\/wp-json\/wp\/v2\/media?parent=4504"}],"wp:term":[{"taxonomy":"product_cat","embeddable":true,"href":"https:\/\/personalcity.net\/home\/wp-json\/wp\/v2\/product_cat?post=4504"},{"taxonomy":"product_tag","embeddable":true,"href":"https:\/\/personalcity.net\/home\/wp-json\/wp\/v2\/product_tag?post=4504"}],"curies":[{"name":"wp","href":"https:\/\/api.w.org\/{rel}","templated":true}]}}