{"id":4554,"date":"2024-05-24T11:12:12","date_gmt":"2024-05-24T09:12:12","guid":{"rendered":"http:\/\/personalcity.net\/home\/produkt\/2x-studioclip-federklemme-dynasun-a280-hintergrund-klemme-5-8-spigot-1-4-gewinde\/"},"modified":"2025-04-28T15:49:01","modified_gmt":"2025-04-28T13:49:01","slug":"2x-studioclip-federklemme-dynasun-a280-hintergrund-klemme-5-8-spigot-1-4-gewinde","status":"publish","type":"product","link":"https:\/\/personalcity.net\/home\/produkt\/2x-studioclip-federklemme-dynasun-a280-hintergrund-klemme-5-8-spigot-1-4-gewinde\/","title":{"rendered":"2x Studioclip Federklemme DynaSun A280 Hintergrund Klemme 5\/8 Spigot &#038; 1\/4 Gewinde"},"content":{"rendered":"<p>Kit 2x Universal Studioclip Federklemme DynaSun A280 Hintergrund Klemme mit 5\/8 Spigot &#038; 1\/4 Gewinde Ideal f\u00fcr Studio-Blitzger\u00e4te und Halter zu befestigen Beschreibung DynaSun A280 universal Studio Clip wird ben\u00f6tigt um Studio-Blitzger\u00e4te und Halter zu befestigen. Universal einsetzbare Federklemme mit einem gro\u00dfe Klemmbereich. Ideal zum Fixieren von Hintergr\u00fcnden, Aufhellern, etc. Technische Daten * Klemme mit Aussengewinde * 5\/8&#8243; Spigot * 1\/4&#8243; Gewinde * Zur Befestigung an allen Tischkanten oder an der Stativs\u00e4ule * Eigengewicht: ca. 0,32kg Lieferumfang * 2x Federklemme DynaSun A280 mit Spigot<\/p>\n","protected":false},"excerpt":{"rendered":"<p>Kit 2x Universal Studioclip Federklemme DynaSun A280 Hintergrund Klemme mit 5\/8 Spigot &#038; 1\/4 Gewinde Ideal f\u00fcr Studio-Blitzger\u00e4te und Halter zu befestigen Beschreibung DynaSun A280 universal Studio Clip wird ben\u00f6tigt um Studio-Blitzger\u00e4te und Halter zu befestigen. Universal einsetzbare Federklemme mit einem gro\u00dfe Klemmbereich. Ideal zum Fixieren von Hintergr\u00fcnden, Aufhellern, etc. Technische Daten * Klemme mit&hellip; <br \/> <a class=\"read-more\" href=\"https:\/\/personalcity.net\/home\/produkt\/2x-studioclip-federklemme-dynasun-a280-hintergrund-klemme-5-8-spigot-1-4-gewinde\/\">Weiterlesen<\/a><\/p>\n","protected":false},"featured_media":4555,"comment_status":"open","ping_status":"closed","template":"","meta":[],"product_cat":[218],"product_tag":[],"class_list":{"0":"post-4554","1":"product","2":"type-product","3":"status-publish","4":"has-post-thumbnail","6":"product_cat-elektronik","8":"first","9":"outofstock","10":"shipping-taxable","11":"purchasable","12":"product-type-simple"},"_links":{"self":[{"href":"https:\/\/personalcity.net\/home\/wp-json\/wp\/v2\/product\/4554","targetHints":{"allow":["GET"]}}],"collection":[{"href":"https:\/\/personalcity.net\/home\/wp-json\/wp\/v2\/product"}],"about":[{"href":"https:\/\/personalcity.net\/home\/wp-json\/wp\/v2\/types\/product"}],"replies":[{"embeddable":true,"href":"https:\/\/personalcity.net\/home\/wp-json\/wp\/v2\/comments?post=4554"}],"wp:featuredmedia":[{"embeddable":true,"href":"https:\/\/personalcity.net\/home\/wp-json\/wp\/v2\/media\/4555"}],"wp:attachment":[{"href":"https:\/\/personalcity.net\/home\/wp-json\/wp\/v2\/media?parent=4554"}],"wp:term":[{"taxonomy":"product_cat","embeddable":true,"href":"https:\/\/personalcity.net\/home\/wp-json\/wp\/v2\/product_cat?post=4554"},{"taxonomy":"product_tag","embeddable":true,"href":"https:\/\/personalcity.net\/home\/wp-json\/wp\/v2\/product_tag?post=4554"}],"curies":[{"name":"wp","href":"https:\/\/api.w.org\/{rel}","templated":true}]}}