{"id":4556,"date":"2024-05-24T11:12:13","date_gmt":"2024-05-24T09:12:13","guid":{"rendered":"http:\/\/personalcity.net\/home\/produkt\/dynasun-035-serie-m-klemme-klemmgriffe-clip-studioclip-fuer-kameras-leuchten-tablets-und-zubehoer-an-flachen-oder-rohre\/"},"modified":"2025-04-28T15:49:01","modified_gmt":"2025-04-28T13:49:01","slug":"dynasun-035-serie-m-klemme-klemmgriffe-clip-studioclip-fuer-kameras-leuchten-tablets-und-zubehoer-an-flachen-oder-rohre","status":"publish","type":"product","link":"https:\/\/personalcity.net\/home\/produkt\/dynasun-035-serie-m-klemme-klemmgriffe-clip-studioclip-fuer-kameras-leuchten-tablets-und-zubehoer-an-flachen-oder-rohre\/","title":{"rendered":"DynaSun 035 Serie M Klemme Klemmgriffe Clip Studioclip f\u00fcr Kameras Leuchten Tablets und Zubeh\u00f6r an flachen oder Rohre"},"content":{"rendered":"<p>DynaSun 035 Serie M Klemme Klemmgriffe Clip Studioclip z.B. f\u00fcr Kameras, Leuchten, Tablets etc. Robuste Klemme zum Anbringen von Kameras, Tablets und Zubeh\u00f6r an flachen oder Rohre Beschreibung Mit den DynaSun 035 Klemmgriffe kann man Kameras, Leuchten und unz\u00e4hlige andere Dinge an flachen oder runden Gegenst\u00e4nden mit einem Durchmesser von 13mm bis zu 53mm anbringen. Kann praktisch auf jeder Leiste, Schiene, Mast oder Balken montiert. Die gummierten Klemmengriffe sorgen f\u00fcr eine stabile Befestigung von Rohren oder Stangen. DynaSun 035 Super Clamp hat Gummigriffe um die Montagefl\u00e4che zu sch\u00fctzen und die Traktion zu verbessern, und es enth\u00e4lt ein Dreieckskeil f\u00fcr die Montage auf flachen Oberfl\u00e4chen wie Balken, T\u00fcren und Regale. An der Seite der Klammer befinden sich ein Spigot mit ein 1\/4&#8243;- und ein 3\/8&#8243;- Innengewinde, sodass jedes Kamerastativ, Lampenstativ oder andere Zubeh\u00f6rteile mit Stativgewinde angeschlossen werden k\u00f6nnen. Geeignet f\u00fcr Kameras und Ausr\u00fcstungsgegenst\u00e4nde mit einem 1\/4&#8243; und 3\/8&#8243;-Innengewinde Technische Daten * Robuste Kontruktion * Anti Twist-Bolzen system f\u00fcr Leuchten und K\u00f6pfe * Spigot 5\/8 &#8222;Bolzen mit 1\/4&#8243; und 3\/8&#8220; Gewinde * Gummigriffe f\u00fcr noch bessere Traktion und Oberfl\u00e4chenschutz * Mit Dreieckskeil zum Klemmen auf ebenen Fl\u00e4chen * Einstellbare Handgriff f\u00fcr maximalen Drehmoments * Sicherheitsbolzen mit Entriegelungsknopf * Ein Muss f\u00fcr jeden Studio Foto und Video mit unbegrenzte Verwendungen * \u00d6ffnungsweite: 5,3 cm<\/p>\n","protected":false},"excerpt":{"rendered":"<p>DynaSun 035 Serie M Klemme Klemmgriffe Clip Studioclip z.B. f\u00fcr Kameras, Leuchten, Tablets etc. Robuste Klemme zum Anbringen von Kameras, Tablets und Zubeh\u00f6r an flachen oder Rohre Beschreibung Mit den DynaSun 035 Klemmgriffe kann man Kameras, Leuchten und unz\u00e4hlige andere Dinge an flachen oder runden Gegenst\u00e4nden mit einem Durchmesser von 13mm bis zu 53mm anbringen.&hellip; <br \/> <a class=\"read-more\" href=\"https:\/\/personalcity.net\/home\/produkt\/dynasun-035-serie-m-klemme-klemmgriffe-clip-studioclip-fuer-kameras-leuchten-tablets-und-zubehoer-an-flachen-oder-rohre\/\">Weiterlesen<\/a><\/p>\n","protected":false},"featured_media":4557,"comment_status":"open","ping_status":"closed","template":"","meta":[],"product_cat":[218],"product_tag":[],"class_list":{"0":"post-4556","1":"product","2":"type-product","3":"status-publish","4":"has-post-thumbnail","6":"product_cat-elektronik","8":"first","9":"outofstock","10":"shipping-taxable","11":"purchasable","12":"product-type-simple"},"_links":{"self":[{"href":"https:\/\/personalcity.net\/home\/wp-json\/wp\/v2\/product\/4556","targetHints":{"allow":["GET"]}}],"collection":[{"href":"https:\/\/personalcity.net\/home\/wp-json\/wp\/v2\/product"}],"about":[{"href":"https:\/\/personalcity.net\/home\/wp-json\/wp\/v2\/types\/product"}],"replies":[{"embeddable":true,"href":"https:\/\/personalcity.net\/home\/wp-json\/wp\/v2\/comments?post=4556"}],"wp:featuredmedia":[{"embeddable":true,"href":"https:\/\/personalcity.net\/home\/wp-json\/wp\/v2\/media\/4557"}],"wp:attachment":[{"href":"https:\/\/personalcity.net\/home\/wp-json\/wp\/v2\/media?parent=4556"}],"wp:term":[{"taxonomy":"product_cat","embeddable":true,"href":"https:\/\/personalcity.net\/home\/wp-json\/wp\/v2\/product_cat?post=4556"},{"taxonomy":"product_tag","embeddable":true,"href":"https:\/\/personalcity.net\/home\/wp-json\/wp\/v2\/product_tag?post=4556"}],"curies":[{"name":"wp","href":"https:\/\/api.w.org\/{rel}","templated":true}]}}