{"id":4562,"date":"2024-05-24T11:12:15","date_gmt":"2024-05-24T09:12:15","guid":{"rendered":"http:\/\/personalcity.net\/home\/produkt\/universal-aufblasbar-blitz-diffusor-falt-softbox-dynasun-ds2115-fuer-blitzgeraet\/"},"modified":"2025-04-28T15:49:01","modified_gmt":"2025-04-28T13:49:01","slug":"universal-aufblasbar-blitz-diffusor-falt-softbox-dynasun-ds2115-fuer-blitzgeraet","status":"publish","type":"product","link":"https:\/\/personalcity.net\/home\/produkt\/universal-aufblasbar-blitz-diffusor-falt-softbox-dynasun-ds2115-fuer-blitzgeraet\/","title":{"rendered":"Universal Aufblasbar Blitz Diffusor Falt Softbox DynaSun DS2115 f\u00fcr Blitzger\u00e4t"},"content":{"rendered":"<p>Universal Aufblasbar Blitz Diffusor Falt Softbox DynaSun DS2115 f\u00fcr Flash Blitzger\u00e4t Beschreibung Unsere Softbox ist sehr leicht und praktisch. Es ist sehr einfach mit Ihrem Camera-Flash zu kombinieren. Flash Softbox DS2115 vergr\u00f6\u00dfert Ihren Lichteffekt und leistet einen ordentlichen Diffusor-Effekt. Licht wird weicher und gleichm\u00e4\u00dfig. Er gibt ein ganz nat\u00fcrliches und harmoniertes Lichtverh\u00e4ltnis wieder. Die aufblasbare Softbox kann man leicht einstellen und passt ganz genau und gut an Ihrer Kamera. Sie gibt ein gleiches Licht auf Ihr Subjekt. Ihre Fotos werden hervorragend. Softbox ist kombinierbar mit fast allen Kameras auf dem Markt. Unsere Softbox ist super leicht und kann \u00fcberall mitgenommen werden. Ihr Flash-Gun mit der Softbox wird einen \u00fcberraschenden Effekt zeugen. \u00dcberzeugen Sie sich selbst davon. Technische Daten * Gr\u00f6\u00dfer als alle andere Reflektor Diffusors f\u00fcr soft light, aber leichter als alle * Ma\u00dfe: ca. 15 x 21 cm ( 6 x 8.5 inches) * kein flash bracket notwendig. (spart Gewicht und Kosten f\u00fcr bracket und flash cords) * Geeignet f\u00fcr landscape bis portrait positions, schneller als mit einem bracket * verweichlicht die Schatten und positioniert es hinter und unter dem Subjekt * Erh\u00f6ht den Hautfarbton und vermeidet rote Augen * Passt ideal zu Ihrem Weit-Winkel-Objektiv * Echter wei\u00dfer Reflektor mit professionellem black exterior finish * Einfach zu nutzen und zum Mitnehmen * Mit elastischem Band, einfach zu verwenden. * Er ist aufblasbar. Sie k\u00f6nnen unseren Softbox \u00fcberall mitnehmen, wo Sie denn m\u00f6chten und brauchen. Lieferumfang * Falt Softbox DynaSun DS2115<\/p>\n","protected":false},"excerpt":{"rendered":"<p>Universal Aufblasbar Blitz Diffusor Falt Softbox DynaSun DS2115 f\u00fcr Flash Blitzger\u00e4t Beschreibung Unsere Softbox ist sehr leicht und praktisch. Es ist sehr einfach mit Ihrem Camera-Flash zu kombinieren. Flash Softbox DS2115 vergr\u00f6\u00dfert Ihren Lichteffekt und leistet einen ordentlichen Diffusor-Effekt. Licht wird weicher und gleichm\u00e4\u00dfig. Er gibt ein ganz nat\u00fcrliches und harmoniertes Lichtverh\u00e4ltnis wieder. Die aufblasbare&hellip; <br \/> <a class=\"read-more\" href=\"https:\/\/personalcity.net\/home\/produkt\/universal-aufblasbar-blitz-diffusor-falt-softbox-dynasun-ds2115-fuer-blitzgeraet\/\">Weiterlesen<\/a><\/p>\n","protected":false},"featured_media":4563,"comment_status":"open","ping_status":"closed","template":"","meta":[],"product_cat":[218],"product_tag":[],"class_list":{"0":"post-4562","1":"product","2":"type-product","3":"status-publish","4":"has-post-thumbnail","6":"product_cat-elektronik","8":"first","9":"outofstock","10":"shipping-taxable","11":"purchasable","12":"product-type-simple"},"_links":{"self":[{"href":"https:\/\/personalcity.net\/home\/wp-json\/wp\/v2\/product\/4562","targetHints":{"allow":["GET"]}}],"collection":[{"href":"https:\/\/personalcity.net\/home\/wp-json\/wp\/v2\/product"}],"about":[{"href":"https:\/\/personalcity.net\/home\/wp-json\/wp\/v2\/types\/product"}],"replies":[{"embeddable":true,"href":"https:\/\/personalcity.net\/home\/wp-json\/wp\/v2\/comments?post=4562"}],"wp:featuredmedia":[{"embeddable":true,"href":"https:\/\/personalcity.net\/home\/wp-json\/wp\/v2\/media\/4563"}],"wp:attachment":[{"href":"https:\/\/personalcity.net\/home\/wp-json\/wp\/v2\/media?parent=4562"}],"wp:term":[{"taxonomy":"product_cat","embeddable":true,"href":"https:\/\/personalcity.net\/home\/wp-json\/wp\/v2\/product_cat?post=4562"},{"taxonomy":"product_tag","embeddable":true,"href":"https:\/\/personalcity.net\/home\/wp-json\/wp\/v2\/product_tag?post=4562"}],"curies":[{"name":"wp","href":"https:\/\/api.w.org\/{rel}","templated":true}]}}