{"id":4564,"date":"2024-05-24T11:12:16","date_gmt":"2024-05-24T09:12:16","guid":{"rendered":"http:\/\/personalcity.net\/home\/produkt\/10x-schutzfolie-film-screen-protector-display-lcd-tgrsp\/"},"modified":"2025-04-28T15:49:01","modified_gmt":"2025-04-28T13:49:01","slug":"10x-schutzfolie-film-screen-protector-display-lcd-tgrsp","status":"publish","type":"product","link":"https:\/\/personalcity.net\/home\/produkt\/10x-schutzfolie-film-screen-protector-display-lcd-tgrsp\/","title":{"rendered":"10x SCHUTZFOLIE FILM SCREEN PROTECTOR DISPLAY LCD TGRSP"},"content":{"rendered":"<p>LCD SCREEN PROTECTOR\/SCHUTZFOLIE 10 x DYNASUN FILM TGRSSP F\u00dcR KAMERA, CAMCORDER, HAND HELD DEVICES, HANDYS, PSP, NINTENDO, IPOD, PALM Beschreibung Unser DynaSun LCD Screen Protector ist ideale Schtzfolie f\u00fcr alles mit Bildschirm bis zu 5&#8243; wie Digital Camera und Camcorder LCD Screen, Mobile Phone, Blackberry, Pocket PC, PSP, Palm Pilot, iPod, iPod Nano. Die R\u00fcckseite ist selbst klebend. Mit dieser Folie auf Ihrem Bildschirm ist Ihr Ger\u00e4t wie im originalen Zustand. Sch\u00fctzen Sie Ihren Bildschirm vor Staub und Kratzer. Es ist speziell entworfen f\u00fcr perfekten Sitz auf Ihrem LCD-Schirm. Sie werden nie mehr Sorgen haben um die Oberfl\u00e4che. Jede Packung hat 10 screen protector. Technische Daten &#8211; kompatibel mit &#8211; Digital camera &#8211; Camcorder &#8211; Mobile Phones &#8211; Ipod &#8211; PSP &#8211; Nintendo DS &#8211; Palm &#8211; Navigator &#8211; und alle Ger\u00e4te mit LCD screen &#8211; 99% UV Protection: Verringert die Augenbelastung, die durch den LCD-Schirm verursacht wird &#8211; Anti-Kratzer Film: dick und h\u00e4lt lang &#8211; 99% Transparent &#8211; Ultra-klare Oberfl\u00e4che &#8211; macht Touch-Screen leichter zu bedienen &#8211; Blendschutz, Staubschutz und luftblasefrei &#8211; Decken Sie damit die gesamte Fl\u00e4che Ihres Bildschrims &#8211; F\u00fcr: 1.7&#8243;,1.8&#8243;,2.0&#8243;,2.2&#8243;,2.5&#8243;,2.8&#8243;,3.0&#8243;,3.2&#8243;,3.5&#8243;,4.0&#8243;,5.0&#8243; &#8211; Max. Gr\u00f6\u00dfe: 5.0&#8243; (100&#215;80 mm)<\/p>\n","protected":false},"excerpt":{"rendered":"<p>LCD SCREEN PROTECTOR\/SCHUTZFOLIE 10 x DYNASUN FILM TGRSSP F\u00dcR KAMERA, CAMCORDER, HAND HELD DEVICES, HANDYS, PSP, NINTENDO, IPOD, PALM Beschreibung Unser DynaSun LCD Screen Protector ist ideale Schtzfolie f\u00fcr alles mit Bildschirm bis zu 5&#8243; wie Digital Camera und Camcorder LCD Screen, Mobile Phone, Blackberry, Pocket PC, PSP, Palm Pilot, iPod, iPod Nano. Die R\u00fcckseite&hellip; <br \/> <a class=\"read-more\" href=\"https:\/\/personalcity.net\/home\/produkt\/10x-schutzfolie-film-screen-protector-display-lcd-tgrsp\/\">Weiterlesen<\/a><\/p>\n","protected":false},"featured_media":4565,"comment_status":"open","ping_status":"closed","template":"","meta":[],"product_cat":[218],"product_tag":[],"class_list":{"0":"post-4564","1":"product","2":"type-product","3":"status-publish","4":"has-post-thumbnail","6":"product_cat-elektronik","8":"first","9":"outofstock","10":"shipping-taxable","11":"purchasable","12":"product-type-simple"},"_links":{"self":[{"href":"https:\/\/personalcity.net\/home\/wp-json\/wp\/v2\/product\/4564","targetHints":{"allow":["GET"]}}],"collection":[{"href":"https:\/\/personalcity.net\/home\/wp-json\/wp\/v2\/product"}],"about":[{"href":"https:\/\/personalcity.net\/home\/wp-json\/wp\/v2\/types\/product"}],"replies":[{"embeddable":true,"href":"https:\/\/personalcity.net\/home\/wp-json\/wp\/v2\/comments?post=4564"}],"wp:featuredmedia":[{"embeddable":true,"href":"https:\/\/personalcity.net\/home\/wp-json\/wp\/v2\/media\/4565"}],"wp:attachment":[{"href":"https:\/\/personalcity.net\/home\/wp-json\/wp\/v2\/media?parent=4564"}],"wp:term":[{"taxonomy":"product_cat","embeddable":true,"href":"https:\/\/personalcity.net\/home\/wp-json\/wp\/v2\/product_cat?post=4564"},{"taxonomy":"product_tag","embeddable":true,"href":"https:\/\/personalcity.net\/home\/wp-json\/wp\/v2\/product_tag?post=4564"}],"curies":[{"name":"wp","href":"https:\/\/api.w.org\/{rel}","templated":true}]}}