{"id":4568,"date":"2024-05-24T11:12:16","date_gmt":"2024-05-24T09:12:16","guid":{"rendered":"http:\/\/personalcity.net\/home\/produkt\/professionelle-kamera-lens-cleaning-set-5-in-1\/"},"modified":"2025-04-28T15:49:01","modified_gmt":"2025-04-28T13:49:01","slug":"professionelle-kamera-lens-cleaning-set-5-in-1","status":"publish","type":"product","link":"https:\/\/personalcity.net\/home\/produkt\/professionelle-kamera-lens-cleaning-set-5-in-1\/","title":{"rendered":"Professionelle Kamera Lens Cleaning Set 5 in 1"},"content":{"rendered":"<p>Professionelle Kamera Lens Cleaning Set 5 in 1 Beschreibung Die DynaSun Cleaner Kit 5 in 1 ist ein sehr leistungsf\u00e4hig und bedienungsfreundlich Reinigungssystem. Die B\u00fcrste bl\u00e4st aus Staubpartikel, auch diejenigen, die durch statische Elektrizit\u00e4t angezogen. Dieses Gebl\u00e4se ist eine hervorragende M\u00f6glichkeit, entfernen Staub von empfindlichen Ger\u00e4ten teilen ohne K\u00f6rperkontakt. Es funktioniert super auf digitalen Kamera-Sensoren, Linsen, Teleskope, Tastaturen, Mikroskope, Musikinstrumente und Pr\u00e4zisionsger\u00e4te. Lieferumfang * Reinigungsl\u00f6sung Fl\u00fcssigkeit * Gewebe Mikro-Faser * 5 Baumwolle Pod * Gebl\u00e4se-Pinsel * Objektiv Gewebe<\/p>\n","protected":false},"excerpt":{"rendered":"<p>Professionelle Kamera Lens Cleaning Set 5 in 1 Beschreibung Die DynaSun Cleaner Kit 5 in 1 ist ein sehr leistungsf\u00e4hig und bedienungsfreundlich Reinigungssystem. Die B\u00fcrste bl\u00e4st aus Staubpartikel, auch diejenigen, die durch statische Elektrizit\u00e4t angezogen. Dieses Gebl\u00e4se ist eine hervorragende M\u00f6glichkeit, entfernen Staub von empfindlichen Ger\u00e4ten teilen ohne K\u00f6rperkontakt. Es funktioniert super auf digitalen Kamera-Sensoren,&hellip; <br \/> <a class=\"read-more\" href=\"https:\/\/personalcity.net\/home\/produkt\/professionelle-kamera-lens-cleaning-set-5-in-1\/\">Weiterlesen<\/a><\/p>\n","protected":false},"featured_media":4569,"comment_status":"open","ping_status":"closed","template":"","meta":[],"product_cat":[218],"product_tag":[],"class_list":{"0":"post-4568","1":"product","2":"type-product","3":"status-publish","4":"has-post-thumbnail","6":"product_cat-elektronik","8":"first","9":"outofstock","10":"shipping-taxable","11":"purchasable","12":"product-type-simple"},"_links":{"self":[{"href":"https:\/\/personalcity.net\/home\/wp-json\/wp\/v2\/product\/4568","targetHints":{"allow":["GET"]}}],"collection":[{"href":"https:\/\/personalcity.net\/home\/wp-json\/wp\/v2\/product"}],"about":[{"href":"https:\/\/personalcity.net\/home\/wp-json\/wp\/v2\/types\/product"}],"replies":[{"embeddable":true,"href":"https:\/\/personalcity.net\/home\/wp-json\/wp\/v2\/comments?post=4568"}],"wp:featuredmedia":[{"embeddable":true,"href":"https:\/\/personalcity.net\/home\/wp-json\/wp\/v2\/media\/4569"}],"wp:attachment":[{"href":"https:\/\/personalcity.net\/home\/wp-json\/wp\/v2\/media?parent=4568"}],"wp:term":[{"taxonomy":"product_cat","embeddable":true,"href":"https:\/\/personalcity.net\/home\/wp-json\/wp\/v2\/product_cat?post=4568"},{"taxonomy":"product_tag","embeddable":true,"href":"https:\/\/personalcity.net\/home\/wp-json\/wp\/v2\/product_tag?post=4568"}],"curies":[{"name":"wp","href":"https:\/\/api.w.org\/{rel}","templated":true}]}}