{"id":4570,"date":"2024-05-24T11:12:17","date_gmt":"2024-05-24T09:12:17","guid":{"rendered":"http:\/\/personalcity.net\/home\/produkt\/kameratasche-fototasche-tasche-dynasun-wb3512-fuer-dslr-camcordertasche-foto-tasche\/"},"modified":"2025-04-28T15:49:01","modified_gmt":"2025-04-28T13:49:01","slug":"kameratasche-fototasche-tasche-dynasun-wb3512-fuer-dslr-camcordertasche-foto-tasche","status":"publish","type":"product","link":"https:\/\/personalcity.net\/home\/produkt\/kameratasche-fototasche-tasche-dynasun-wb3512-fuer-dslr-camcordertasche-foto-tasche\/","title":{"rendered":"Kameratasche Fototasche Tasche DynaSun WB3512 f\u00fcr DSLR Camcordertasche Foto Tasche"},"content":{"rendered":"<p>PROFI KAMERATASCHE F\u00dcR CAMERA &#038; VIDEO CAMERA DYNASUN WB3512 HARDWORK Passt zu fast allen Cameras, SLR Cameras, Objektive und Fotoaccessories . Beschreibung Unsere DynaSun WB3512 Tasche mit ultra Velourslederordnung ist super geeignet f\u00fcr jede kompakte Digital Camera, Film SLR mit Objektiv, Video Camera mit Zubeh\u00f6r. Beliebig einstellbarer Schaum-Pad Teil bietet eine optimale Tragbequemlichkeit und einen sicheren Schutz f\u00fcr Ihre wertvollen Ausr\u00fcstungen. Durch nur einen Handzug stehen alle Teile zu Ihrer Verf\u00fcgung. Eine Seitentasche ist f\u00fcr Accessoires wie Handy, PDA oder MP3-Player ideal. Ein einstellbarer Schultergurt bietet die M\u00f6glichkeit, bequem zu tragen. Ultra hervorgehoben mit Veloursleder hat diese stilvolle und hoch entwickelte Schultertasche ein schmales Profil f\u00fcr das Tragen von digitalen SLR mit Zoomobjektiv oder Video Cameras. Innerhalb des Hauptfaches, aufgrund des Schaum-Pad, kommen Sie schnell und sicher zu jedem einzelnen Teil. Die mit Rei\u00dfverschluss versehene Vordertasche, die mit voller L\u00e4nge verschlie\u00dfbare Klappe und eine verschlie\u00dfbare Tasche auf die Oberseite bieten zus\u00e4tzlichen Platz f\u00fcr Handb\u00fccher, Accessoires sowie pers\u00f6nliche Sachen. Technische Daten * Perfekt f\u00fcr unterwegs * Extra Schutz f\u00fcr die wertvollen Ausr\u00fcstungen * Passt fasst zu allen SLR System * Kundenfreundliche Innenteile * Sicherheit &#8211; Abnehm- und justierbarer Schultergurt * V\u00f6llig gepolsterter Innenraum * Leichte und kompakte Bauweise * Vielf\u00e4ltige Taschen * Seitentaschen * Gr\u00f6\u00dfe: 21x20x30cm * Farbe: Mix Blau\/Schwarz\/Grau Lieferumfang * DynaSun Professional Kamera Tasche WB3512 Hardwork * Schultergurt<\/p>\n","protected":false},"excerpt":{"rendered":"<p>PROFI KAMERATASCHE F\u00dcR CAMERA &#038; VIDEO CAMERA DYNASUN WB3512 HARDWORK Passt zu fast allen Cameras, SLR Cameras, Objektive und Fotoaccessories . Beschreibung Unsere DynaSun WB3512 Tasche mit ultra Velourslederordnung ist super geeignet f\u00fcr jede kompakte Digital Camera, Film SLR mit Objektiv, Video Camera mit Zubeh\u00f6r. Beliebig einstellbarer Schaum-Pad Teil bietet eine optimale Tragbequemlichkeit und einen&hellip; <br \/> <a class=\"read-more\" href=\"https:\/\/personalcity.net\/home\/produkt\/kameratasche-fototasche-tasche-dynasun-wb3512-fuer-dslr-camcordertasche-foto-tasche\/\">Weiterlesen<\/a><\/p>\n","protected":false},"featured_media":4571,"comment_status":"open","ping_status":"closed","template":"","meta":[],"product_cat":[218],"product_tag":[],"class_list":{"0":"post-4570","1":"product","2":"type-product","3":"status-publish","4":"has-post-thumbnail","6":"product_cat-elektronik","8":"first","9":"outofstock","10":"shipping-taxable","11":"purchasable","12":"product-type-simple"},"_links":{"self":[{"href":"https:\/\/personalcity.net\/home\/wp-json\/wp\/v2\/product\/4570","targetHints":{"allow":["GET"]}}],"collection":[{"href":"https:\/\/personalcity.net\/home\/wp-json\/wp\/v2\/product"}],"about":[{"href":"https:\/\/personalcity.net\/home\/wp-json\/wp\/v2\/types\/product"}],"replies":[{"embeddable":true,"href":"https:\/\/personalcity.net\/home\/wp-json\/wp\/v2\/comments?post=4570"}],"wp:featuredmedia":[{"embeddable":true,"href":"https:\/\/personalcity.net\/home\/wp-json\/wp\/v2\/media\/4571"}],"wp:attachment":[{"href":"https:\/\/personalcity.net\/home\/wp-json\/wp\/v2\/media?parent=4570"}],"wp:term":[{"taxonomy":"product_cat","embeddable":true,"href":"https:\/\/personalcity.net\/home\/wp-json\/wp\/v2\/product_cat?post=4570"},{"taxonomy":"product_tag","embeddable":true,"href":"https:\/\/personalcity.net\/home\/wp-json\/wp\/v2\/product_tag?post=4570"}],"curies":[{"name":"wp","href":"https:\/\/api.w.org\/{rel}","templated":true}]}}