{"id":4582,"date":"2024-05-24T11:12:25","date_gmt":"2024-05-24T09:12:25","guid":{"rendered":"http:\/\/personalcity.net\/home\/produkt\/servo-blitzausloeser-sync-pc-buchse-dynasun-pss02-iso-blitzschuh-fuer-studioblitz-mittenkontakt\/"},"modified":"2025-04-28T15:48:28","modified_gmt":"2025-04-28T13:48:28","slug":"servo-blitzausloeser-sync-pc-buchse-dynasun-pss02-iso-blitzschuh-fuer-studioblitz-mittenkontakt","status":"publish","type":"product","link":"https:\/\/personalcity.net\/home\/produkt\/servo-blitzausloeser-sync-pc-buchse-dynasun-pss02-iso-blitzschuh-fuer-studioblitz-mittenkontakt\/","title":{"rendered":"Servo Blitzausl\u00f6ser Sync PC Buchse DynaSun PSS02 ISO-Blitzschuh f\u00fcr Studioblitz Mittenkontakt"},"content":{"rendered":"<p>Professioneller Servo Blitzausl\u00f6ser DynaSun PSS02 Sync PC Buchse Blitzschuh f\u00fcr Aufsteckblitz Studioblitz Mittenkontakt Geeignet f\u00fcr fast alle Blitzger\u00e4te und Kamera ohne Blitzkabelanschluss mit Standard Blitzschuh Beschreibung Dieses Ger\u00e4t wird genutzt wenn, Ihre Kamera keinen Anschluss f\u00fcr einen Studioblitz oder ein anderes Blitzger\u00e4t besitzt. Hier k\u00f6nnen Sie ohne Probleme den Blitzausl\u00f6ser von DynaSun mit dem Namen PSS02 nutzen. Das PSS02 hat eine stabile Ausf\u00fchrung und ist mit einem Kamera-Mittenkontakt und Synchronbuchse ausgestattet.<\/p>\n","protected":false},"excerpt":{"rendered":"<p>Professioneller Servo Blitzausl\u00f6ser DynaSun PSS02 Sync PC Buchse Blitzschuh f\u00fcr Aufsteckblitz Studioblitz Mittenkontakt Geeignet f\u00fcr fast alle Blitzger\u00e4te und Kamera ohne Blitzkabelanschluss mit Standard Blitzschuh Beschreibung Dieses Ger\u00e4t wird genutzt wenn, Ihre Kamera keinen Anschluss f\u00fcr einen Studioblitz oder ein anderes Blitzger\u00e4t besitzt. Hier k\u00f6nnen Sie ohne Probleme den Blitzausl\u00f6ser von DynaSun mit dem Namen&hellip; <br \/> <a class=\"read-more\" href=\"https:\/\/personalcity.net\/home\/produkt\/servo-blitzausloeser-sync-pc-buchse-dynasun-pss02-iso-blitzschuh-fuer-studioblitz-mittenkontakt\/\">Weiterlesen<\/a><\/p>\n","protected":false},"featured_media":4583,"comment_status":"open","ping_status":"closed","template":"","meta":[],"product_cat":[218],"product_tag":[],"class_list":{"0":"post-4582","1":"product","2":"type-product","3":"status-publish","4":"has-post-thumbnail","6":"product_cat-elektronik","8":"first","9":"outofstock","10":"shipping-taxable","11":"purchasable","12":"product-type-simple"},"_links":{"self":[{"href":"https:\/\/personalcity.net\/home\/wp-json\/wp\/v2\/product\/4582","targetHints":{"allow":["GET"]}}],"collection":[{"href":"https:\/\/personalcity.net\/home\/wp-json\/wp\/v2\/product"}],"about":[{"href":"https:\/\/personalcity.net\/home\/wp-json\/wp\/v2\/types\/product"}],"replies":[{"embeddable":true,"href":"https:\/\/personalcity.net\/home\/wp-json\/wp\/v2\/comments?post=4582"}],"wp:featuredmedia":[{"embeddable":true,"href":"https:\/\/personalcity.net\/home\/wp-json\/wp\/v2\/media\/4583"}],"wp:attachment":[{"href":"https:\/\/personalcity.net\/home\/wp-json\/wp\/v2\/media?parent=4582"}],"wp:term":[{"taxonomy":"product_cat","embeddable":true,"href":"https:\/\/personalcity.net\/home\/wp-json\/wp\/v2\/product_cat?post=4582"},{"taxonomy":"product_tag","embeddable":true,"href":"https:\/\/personalcity.net\/home\/wp-json\/wp\/v2\/product_tag?post=4582"}],"curies":[{"name":"wp","href":"https:\/\/api.w.org\/{rel}","templated":true}]}}