{"id":4586,"date":"2024-05-24T11:12:25","date_gmt":"2024-05-24T09:12:25","guid":{"rendered":"http:\/\/personalcity.net\/home\/produkt\/optischer-servo-blitzausloeser-fernausloeser-pc-buchse-dynasun-pss4-iso-blitzschuh-aufsteckblitz-blitz\/"},"modified":"2025-04-28T15:49:01","modified_gmt":"2025-04-28T13:49:01","slug":"optischer-servo-blitzausloeser-fernausloeser-pc-buchse-dynasun-pss4-iso-blitzschuh-aufsteckblitz-blitz","status":"publish","type":"product","link":"https:\/\/personalcity.net\/home\/produkt\/optischer-servo-blitzausloeser-fernausloeser-pc-buchse-dynasun-pss4-iso-blitzschuh-aufsteckblitz-blitz\/","title":{"rendered":"Optischer Servo Blitzausl\u00f6ser Fernausl\u00f6ser PC Buchse DynaSun PSS4 ISO-Blitzschuh Aufsteckblitz Blitz"},"content":{"rendered":"<p>Professioneller Blitzausl\u00f6ser DynaSun PSS04 Servo Blitzschuh mit Sync PC Buchse f\u00fcr Aufsteckblitz Studioblitz Mittenkontakt Geeignet f\u00fcr fast alle Aufsteckblitz und Kameras mit Standard Blitzschuh Beschreibung DynaSun Trigger PSS04 Blitzschuh funktioniert wie der Blitzausl\u00f6ser PSS03 es reagiert auf das Licht der Hauptblitz und l\u00f6st zeitgleich den Flash aus, der auf ihn gesteckt ist. Der Unterschied des Blitzausl\u00f6sers PSS04 zum PSS03 ist folgender: DynaSun Trigger PSS04 hat zus\u00e4tzlich noch eine Sync Buchse f\u00fcr pc Sync Socket Adapter, mit jedem externen Blitz ausgel\u00f6st werden kann, hier allerdings mit Hilfe eines Sync Kabels. Hier ist keine eigene Stromversorgung (Batterien) notwendig! Die Stromversorgung erfolgt \u00fcber den darauf sitzenden Flash. Dieser Blitzausl\u00f6ser PSS04 ist unten mit einem 1\/4&#8243; Stativgewinde und oben mit einem Standard-Blitzschuh ausgestattet. Das Ger\u00e4t ist ein kleiner Kubus von 3x3x3 cm Kantenl\u00e4nge und wiegt nur 20gr.<\/p>\n","protected":false},"excerpt":{"rendered":"<p>Professioneller Blitzausl\u00f6ser DynaSun PSS04 Servo Blitzschuh mit Sync PC Buchse f\u00fcr Aufsteckblitz Studioblitz Mittenkontakt Geeignet f\u00fcr fast alle Aufsteckblitz und Kameras mit Standard Blitzschuh Beschreibung DynaSun Trigger PSS04 Blitzschuh funktioniert wie der Blitzausl\u00f6ser PSS03 es reagiert auf das Licht der Hauptblitz und l\u00f6st zeitgleich den Flash aus, der auf ihn gesteckt ist. Der Unterschied des&hellip; <br \/> <a class=\"read-more\" href=\"https:\/\/personalcity.net\/home\/produkt\/optischer-servo-blitzausloeser-fernausloeser-pc-buchse-dynasun-pss4-iso-blitzschuh-aufsteckblitz-blitz\/\">Weiterlesen<\/a><\/p>\n","protected":false},"featured_media":4587,"comment_status":"open","ping_status":"closed","template":"","meta":[],"product_cat":[218],"product_tag":[],"class_list":{"0":"post-4586","1":"product","2":"type-product","3":"status-publish","4":"has-post-thumbnail","6":"product_cat-elektronik","8":"first","9":"outofstock","10":"shipping-taxable","11":"purchasable","12":"product-type-simple"},"_links":{"self":[{"href":"https:\/\/personalcity.net\/home\/wp-json\/wp\/v2\/product\/4586","targetHints":{"allow":["GET"]}}],"collection":[{"href":"https:\/\/personalcity.net\/home\/wp-json\/wp\/v2\/product"}],"about":[{"href":"https:\/\/personalcity.net\/home\/wp-json\/wp\/v2\/types\/product"}],"replies":[{"embeddable":true,"href":"https:\/\/personalcity.net\/home\/wp-json\/wp\/v2\/comments?post=4586"}],"wp:featuredmedia":[{"embeddable":true,"href":"https:\/\/personalcity.net\/home\/wp-json\/wp\/v2\/media\/4587"}],"wp:attachment":[{"href":"https:\/\/personalcity.net\/home\/wp-json\/wp\/v2\/media?parent=4586"}],"wp:term":[{"taxonomy":"product_cat","embeddable":true,"href":"https:\/\/personalcity.net\/home\/wp-json\/wp\/v2\/product_cat?post=4586"},{"taxonomy":"product_tag","embeddable":true,"href":"https:\/\/personalcity.net\/home\/wp-json\/wp\/v2\/product_tag?post=4586"}],"curies":[{"name":"wp","href":"https:\/\/api.w.org\/{rel}","templated":true}]}}