{"id":4590,"date":"2024-05-24T11:12:26","date_gmt":"2024-05-24T09:12:26","guid":{"rendered":"http:\/\/personalcity.net\/home\/produkt\/2x-fotostudio-stoff-hintergrund-dynasun-w001-w002-28x4m-weiss-und-schwarz-dicke-baumwolle-140g-sqm\/"},"modified":"2025-04-28T15:48:28","modified_gmt":"2025-04-28T13:48:28","slug":"2x-fotostudio-stoff-hintergrund-dynasun-w001-w002-28x4m-weiss-und-schwarz-dicke-baumwolle-140g-sqm","status":"publish","type":"product","link":"https:\/\/personalcity.net\/home\/produkt\/2x-fotostudio-stoff-hintergrund-dynasun-w001-w002-28x4m-weiss-und-schwarz-dicke-baumwolle-140g-sqm\/","title":{"rendered":"2x Fotostudio Stoff Hintergrund DynaSun W001 +W002 2,8x4m Weiss und Schwarz Dicke Baumwolle 140g\/sqm"},"content":{"rendered":"<p>HINTERGRUND BACKGROUND STOFFHINTERGRUND BACKDROP PRO STUDIO DYNASUN W001 WEISS + DYNASUN W002 SCHWARZ Ma\u00dfe: 2,80 mt x 4,00 mt, Dicke Baumwolle 140g\/sqm Beschreibung Absolute Neuheit in der Studio. Endlich k\u00f6nnen moderne und professioneller Aufnahme ohne Raumprobleme und ganz einfach realisiert werden. Der Hintergrund DynaSun ist aus strapazierf\u00e4higem Stoff mit Ma\u00df von 2,80 Meter x 4,00 Meter (ohne Naht in der Mitte). Besonderes geeignet f\u00fcr Portrait-, Studio- und Tieffotografie. Diese Model ist Leicht, handlich und bietet Fotografen Farben und Muster, um Ihre Kreativit\u00e4t auszuleben. Dieser Studiohintergrund besteht aus Baumwolle (kein billig Produkt, wie Polypropylen oder Synthetik) und die Stoffdicke ist 140g\/m\u00b2. Bevor Sie sich f\u00fcr billige Hintegr\u00fcnde entscheiden, achten Sie auf diese Werte. (Beste Hintergr\u00fcnde sind immer auf Baumwolle und Stoffdicke mindestens 120g\/m\u00b2) Unsere Hintergr\u00fcnde sind umges\u00e4umt. Sie k\u00f6nnen unseren Hintergrund einfach auf das Hintergrundsystem aufh\u00e4ngen. Technische Daten * F\u00fcr Foto- und Videoaufnahmen geeignet * Gr\u00f6\u00dfe: 2,8&#215;4 m * Ohne Mittelnaht * Baumwollstoff (Muslin) * Stoff reflektiert nicht * Robust und strapazierf\u00e4hig * Waschbar bei 40 Grad Lieferumfang * Hintergrund DynaSun W001 Weiss * Hintergrund DynaSun W002 Schwarz<\/p>\n","protected":false},"excerpt":{"rendered":"<p>HINTERGRUND BACKGROUND STOFFHINTERGRUND BACKDROP PRO STUDIO DYNASUN W001 WEISS + DYNASUN W002 SCHWARZ Ma\u00dfe: 2,80 mt x 4,00 mt, Dicke Baumwolle 140g\/sqm Beschreibung Absolute Neuheit in der Studio. Endlich k\u00f6nnen moderne und professioneller Aufnahme ohne Raumprobleme und ganz einfach realisiert werden. Der Hintergrund DynaSun ist aus strapazierf\u00e4higem Stoff mit Ma\u00df von 2,80 Meter x 4,00&hellip; <br \/> <a class=\"read-more\" href=\"https:\/\/personalcity.net\/home\/produkt\/2x-fotostudio-stoff-hintergrund-dynasun-w001-w002-28x4m-weiss-und-schwarz-dicke-baumwolle-140g-sqm\/\">Weiterlesen<\/a><\/p>\n","protected":false},"featured_media":4591,"comment_status":"open","ping_status":"closed","template":"","meta":[],"product_cat":[218],"product_tag":[],"class_list":{"0":"post-4590","1":"product","2":"type-product","3":"status-publish","4":"has-post-thumbnail","6":"product_cat-elektronik","8":"first","9":"outofstock","10":"shipping-taxable","11":"purchasable","12":"product-type-simple"},"_links":{"self":[{"href":"https:\/\/personalcity.net\/home\/wp-json\/wp\/v2\/product\/4590","targetHints":{"allow":["GET"]}}],"collection":[{"href":"https:\/\/personalcity.net\/home\/wp-json\/wp\/v2\/product"}],"about":[{"href":"https:\/\/personalcity.net\/home\/wp-json\/wp\/v2\/types\/product"}],"replies":[{"embeddable":true,"href":"https:\/\/personalcity.net\/home\/wp-json\/wp\/v2\/comments?post=4590"}],"wp:featuredmedia":[{"embeddable":true,"href":"https:\/\/personalcity.net\/home\/wp-json\/wp\/v2\/media\/4591"}],"wp:attachment":[{"href":"https:\/\/personalcity.net\/home\/wp-json\/wp\/v2\/media?parent=4590"}],"wp:term":[{"taxonomy":"product_cat","embeddable":true,"href":"https:\/\/personalcity.net\/home\/wp-json\/wp\/v2\/product_cat?post=4590"},{"taxonomy":"product_tag","embeddable":true,"href":"https:\/\/personalcity.net\/home\/wp-json\/wp\/v2\/product_tag?post=4590"}],"curies":[{"name":"wp","href":"https:\/\/api.w.org\/{rel}","templated":true}]}}