{"id":4594,"date":"2024-05-24T11:12:27","date_gmt":"2024-05-24T09:12:27","guid":{"rendered":"http:\/\/personalcity.net\/home\/produkt\/profi-reflektorhalter-teleskoparm-reflektorset-dynasun-h2258-reflektor-klemme\/"},"modified":"2025-04-28T15:48:28","modified_gmt":"2025-04-28T13:48:28","slug":"profi-reflektorhalter-teleskoparm-reflektorset-dynasun-h2258-reflektor-klemme","status":"publish","type":"product","link":"https:\/\/personalcity.net\/home\/produkt\/profi-reflektorhalter-teleskoparm-reflektorset-dynasun-h2258-reflektor-klemme\/","title":{"rendered":"Profi Reflektorhalter Teleskoparm Reflektorset DynaSun H2258 Reflektor + Klemme"},"content":{"rendered":"<p>Profi Reflektorhalter Teleskoparm Reflektorset DynaSun H2258 Reflektor mit Klemme Beschreibung Der DynaSun H2258 Lichtreflektor Disc Halterungsarm zeichnet sich durch sein einwandfrei funktionierendes Kugel-Gelenksystem aus. Es ist ein ideales Zusatzger\u00e4t f\u00fcr die exakte Positionierung der Reflektoren und der faltbaren Hintergrundprodukte. Der DynaSun H2258 h\u00e4lt praktisch alle Art Reflektoren (Rundscheiben, quadratische oder rechteckige). Die L\u00e4nge des Armes ist 175cm. Er passt zu allen Arten von Reflektoren. Der Arm, St\u00e4nder, die Fu\u00dfrollen und die Kiste werden aus Qualit\u00e4tsmaterialien konstruiert und werden von den erfahrenen Handwerken zusammengebaut. Die Qualit\u00e4t ist bei allen unseren Produkten die erste Priorit\u00e4t. Technische Daten * Teleskop Arm * Min L\u00e4nge: 75cm * Max L\u00e4nge: 175cm Lieferumfang * Teleskoparm DynaSun H2258 * Gelenk G2258<\/p>\n","protected":false},"excerpt":{"rendered":"<p>Profi Reflektorhalter Teleskoparm Reflektorset DynaSun H2258 Reflektor mit Klemme Beschreibung Der DynaSun H2258 Lichtreflektor Disc Halterungsarm zeichnet sich durch sein einwandfrei funktionierendes Kugel-Gelenksystem aus. Es ist ein ideales Zusatzger\u00e4t f\u00fcr die exakte Positionierung der Reflektoren und der faltbaren Hintergrundprodukte. Der DynaSun H2258 h\u00e4lt praktisch alle Art Reflektoren (Rundscheiben, quadratische oder rechteckige). Die L\u00e4nge des Armes&hellip; <br \/> <a class=\"read-more\" href=\"https:\/\/personalcity.net\/home\/produkt\/profi-reflektorhalter-teleskoparm-reflektorset-dynasun-h2258-reflektor-klemme\/\">Weiterlesen<\/a><\/p>\n","protected":false},"featured_media":4595,"comment_status":"open","ping_status":"closed","template":"","meta":[],"product_cat":[218],"product_tag":[],"class_list":{"0":"post-4594","1":"product","2":"type-product","3":"status-publish","4":"has-post-thumbnail","6":"product_cat-elektronik","8":"first","9":"outofstock","10":"shipping-taxable","11":"purchasable","12":"product-type-simple"},"_links":{"self":[{"href":"https:\/\/personalcity.net\/home\/wp-json\/wp\/v2\/product\/4594","targetHints":{"allow":["GET"]}}],"collection":[{"href":"https:\/\/personalcity.net\/home\/wp-json\/wp\/v2\/product"}],"about":[{"href":"https:\/\/personalcity.net\/home\/wp-json\/wp\/v2\/types\/product"}],"replies":[{"embeddable":true,"href":"https:\/\/personalcity.net\/home\/wp-json\/wp\/v2\/comments?post=4594"}],"wp:featuredmedia":[{"embeddable":true,"href":"https:\/\/personalcity.net\/home\/wp-json\/wp\/v2\/media\/4595"}],"wp:attachment":[{"href":"https:\/\/personalcity.net\/home\/wp-json\/wp\/v2\/media?parent=4594"}],"wp:term":[{"taxonomy":"product_cat","embeddable":true,"href":"https:\/\/personalcity.net\/home\/wp-json\/wp\/v2\/product_cat?post=4594"},{"taxonomy":"product_tag","embeddable":true,"href":"https:\/\/personalcity.net\/home\/wp-json\/wp\/v2\/product_tag?post=4594"}],"curies":[{"name":"wp","href":"https:\/\/api.w.org\/{rel}","templated":true}]}}