{"id":4598,"date":"2024-05-24T11:12:28","date_gmt":"2024-05-24T09:12:28","guid":{"rendered":"http:\/\/personalcity.net\/home\/produkt\/profi-reflektorhalter-teleskoparm-dynasun-h2258w807-reflektorset-reflektor-mit-klemme-stativ\/"},"modified":"2025-04-28T15:48:28","modified_gmt":"2025-04-28T13:48:28","slug":"profi-reflektorhalter-teleskoparm-dynasun-h2258w807-reflektorset-reflektor-mit-klemme-stativ","status":"publish","type":"product","link":"https:\/\/personalcity.net\/home\/produkt\/profi-reflektorhalter-teleskoparm-dynasun-h2258w807-reflektorset-reflektor-mit-klemme-stativ\/","title":{"rendered":"Profi Reflektorhalter Teleskoparm DynaSun H2258W807 Reflektorset Reflektor mit Klemme +Stativ"},"content":{"rendered":"<p>Profi Reflektorhalter Teleskoparm DynaSun H2258W807 Reflektorset Reflektor mit Klemme Halterung und mit Stativ W807 Beschreibung Der DynaSun H2258W807 Lichtreflektor Disc Halterungsarm zeichnet sich durch sein einwandfrei funktionierendes Kugel-Gelenksystem aus. Es ist ein ideales Zusatzger\u00e4t f\u00fcr die exakte Positionierung der Reflektoren und der faltbaren Hintergrundprodukte. Der DynaSun H2258W807 h\u00e4lt praktisch alle Art Reflektoren (Rundscheiben, quadratische oder rechteckige). Die L\u00e4nge des Armes ist 175cm. Er passt zu allen Arten von Reflektoren. Der Arm, St\u00e4nder, die Fu\u00dfrollen und die Kiste werden aus Qualit\u00e4tsmaterialien konstruiert und werden von den erfahrenen Handwerken zusammengebaut. Die Qualit\u00e4t ist bei allen unseren Produkten die erste Priorit\u00e4t. Technische Daten Lampenstativ * Max. H\u00f6he: 300 cm * Min. H\u00f6he: 1100mm * Gewicht: 2,0 kg * Material: Aluminium * Farbe: schwarz * Segmente: 3 * Rohrdurchmesser: 34,5 mm, 31 mm, 25 mm * Anschlu\u00df (5\/8&#8243; Spigot, 1\/4&#8243; Gewinde) * Belastbarkeit bis 6 kg * Schnellspannhebel * Versatile und Kompakt * Sto\u00dfd\u00e4mpfer in jeder Sektion * Robust, stabil und leicht Teleskopverl\u00e4ngerung * Teleskop Arm * Min L\u00e4nge: 75cm * Max L\u00e4nge: 175cm Lieferumfang * Lampenstativ DynaSun W807 * Teleskoparm DynaSun H2258 * Gelenk G2258 * Tragtasche f\u00fcr DynaSun W807<\/p>\n","protected":false},"excerpt":{"rendered":"<p>Profi Reflektorhalter Teleskoparm DynaSun H2258W807 Reflektorset Reflektor mit Klemme Halterung und mit Stativ W807 Beschreibung Der DynaSun H2258W807 Lichtreflektor Disc Halterungsarm zeichnet sich durch sein einwandfrei funktionierendes Kugel-Gelenksystem aus. Es ist ein ideales Zusatzger\u00e4t f\u00fcr die exakte Positionierung der Reflektoren und der faltbaren Hintergrundprodukte. Der DynaSun H2258W807 h\u00e4lt praktisch alle Art Reflektoren (Rundscheiben, quadratische oder&hellip; <br \/> <a class=\"read-more\" href=\"https:\/\/personalcity.net\/home\/produkt\/profi-reflektorhalter-teleskoparm-dynasun-h2258w807-reflektorset-reflektor-mit-klemme-stativ\/\">Weiterlesen<\/a><\/p>\n","protected":false},"featured_media":4599,"comment_status":"open","ping_status":"closed","template":"","meta":[],"product_cat":[218],"product_tag":[],"class_list":{"0":"post-4598","1":"product","2":"type-product","3":"status-publish","4":"has-post-thumbnail","6":"product_cat-elektronik","8":"first","9":"outofstock","10":"shipping-taxable","11":"purchasable","12":"product-type-simple"},"_links":{"self":[{"href":"https:\/\/personalcity.net\/home\/wp-json\/wp\/v2\/product\/4598","targetHints":{"allow":["GET"]}}],"collection":[{"href":"https:\/\/personalcity.net\/home\/wp-json\/wp\/v2\/product"}],"about":[{"href":"https:\/\/personalcity.net\/home\/wp-json\/wp\/v2\/types\/product"}],"replies":[{"embeddable":true,"href":"https:\/\/personalcity.net\/home\/wp-json\/wp\/v2\/comments?post=4598"}],"wp:featuredmedia":[{"embeddable":true,"href":"https:\/\/personalcity.net\/home\/wp-json\/wp\/v2\/media\/4599"}],"wp:attachment":[{"href":"https:\/\/personalcity.net\/home\/wp-json\/wp\/v2\/media?parent=4598"}],"wp:term":[{"taxonomy":"product_cat","embeddable":true,"href":"https:\/\/personalcity.net\/home\/wp-json\/wp\/v2\/product_cat?post=4598"},{"taxonomy":"product_tag","embeddable":true,"href":"https:\/\/personalcity.net\/home\/wp-json\/wp\/v2\/product_tag?post=4598"}],"curies":[{"name":"wp","href":"https:\/\/api.w.org\/{rel}","templated":true}]}}