{"id":4602,"date":"2024-05-24T11:12:30","date_gmt":"2024-05-24T09:12:30","guid":{"rendered":"http:\/\/personalcity.net\/home\/produkt\/dynasun-pro-m11-50-blitz-und-schirmhalter-schirmneiger-schwarz-blitzhalter-knickgelenk-flash-schirm-halter-bracket-mit-3-8%e2%80%b3-und-5-8%e2%80%b3-anschluss\/"},"modified":"2025-04-28T15:48:28","modified_gmt":"2025-04-28T13:48:28","slug":"dynasun-pro-m11-50-blitz-und-schirmhalter-schirmneiger-schwarz-blitzhalter-knickgelenk-flash-schirm-halter-bracket-mit-3-8%e2%80%b3-und-5-8%e2%80%b3-anschluss","status":"publish","type":"product","link":"https:\/\/personalcity.net\/home\/produkt\/dynasun-pro-m11-50-blitz-und-schirmhalter-schirmneiger-schwarz-blitzhalter-knickgelenk-flash-schirm-halter-bracket-mit-3-8%e2%80%b3-und-5-8%e2%80%b3-anschluss\/","title":{"rendered":"DynaSun PRO M11-50 Blitz- und Schirmhalter Schirmneiger Schwarz Blitzhalter Knickgelenk Flash Schirm Halter Bracket mit 3\/8\u2033 und 5\/8\u2033 Anschlu\u00df"},"content":{"rendered":"<p>DynaSun PRO M11-50 Blitz- und Schirmhalter Schirmneiger Schwarz Blitzhalter Knickgelenk Flash Schirm Halter Bracket mit 3\/8&#8243; und 5\/8&#8243; Anschlu\u00df BeschreibungDer DynaSun M11-50 Blitz- und Schirmhalter kann auf ein Lampenstativ mit einem 5\/8&#8243; Spigot oder auf Stative mit 1\/4&#8243; sowie 3\/8&#8243;- Gewinde (Adapter enthalten) montiert werden. Perfekter Halt f\u00fcr Blitz und Schirm. Dieses erlaubt zum Beispiel die Befestigung von Schirmen an ein Stativ oder eine Klemme und die im Lieferumfang enthaltenen Adapter Anschlu\u00df mit Au\u00dfen- und Innen-Gewinde erlauben eine Vielzahl von weiteren Anwendungsm\u00f6glichkeiten. Kompatibilit\u00e4t Passt auf alle Stative mit 5\/8&#8243; Spigot-Anschluss und 1\/4&#8243; sowie 3\/8&#8243; Gewinde F\u00fcr Blitz- und Flashger\u00e4te mit Standard Spigot Anschlu\u00df Technische Daten * Passend f\u00fcr Blitz- und Flashger\u00e4te mit Standard Anschlu\u00df * Blitzhalterung aus stabilem Metall * Passend f\u00fcr Ger\u00e4te mit 1\/4&#8243;-, 3\/8&#8243;-Gewindeanschluss oder 5\/8&#8243; Spigot * Spigot mit 1\/4&#8243; und 3\/8&#8243; Gewinde * Adapter 1\/4&#8243; auf 3\/8&#8243; Gewinde * Befestigungsm\u00f6glichkeit f\u00fcr Schirme Lieferumfang 1x DynaSun PRO M11-50 Knickgelenk Blitz- und Schirmhalter 1x Anschlu\u00df Au\u00dfen-Gewinde 1\/4&#8243; und 3\/8&#8243; 1x Anschlu\u00df Innen-Gewinde 1\/4&#8243; und 3\/8&#8243;<\/p>\n","protected":false},"excerpt":{"rendered":"<p>DynaSun PRO M11-50 Blitz- und Schirmhalter Schirmneiger Schwarz Blitzhalter Knickgelenk Flash Schirm Halter Bracket mit 3\/8&#8243; und 5\/8&#8243; Anschlu\u00df BeschreibungDer DynaSun M11-50 Blitz- und Schirmhalter kann auf ein Lampenstativ mit einem 5\/8&#8243; Spigot oder auf Stative mit 1\/4&#8243; sowie 3\/8&#8243;- Gewinde (Adapter enthalten) montiert werden. Perfekter Halt f\u00fcr Blitz und Schirm. Dieses erlaubt zum Beispiel&hellip; <br \/> <a class=\"read-more\" href=\"https:\/\/personalcity.net\/home\/produkt\/dynasun-pro-m11-50-blitz-und-schirmhalter-schirmneiger-schwarz-blitzhalter-knickgelenk-flash-schirm-halter-bracket-mit-3-8%e2%80%b3-und-5-8%e2%80%b3-anschluss\/\">Weiterlesen<\/a><\/p>\n","protected":false},"featured_media":4603,"comment_status":"open","ping_status":"closed","template":"","meta":[],"product_cat":[218],"product_tag":[],"class_list":{"0":"post-4602","1":"product","2":"type-product","3":"status-publish","4":"has-post-thumbnail","6":"product_cat-elektronik","8":"first","9":"outofstock","10":"shipping-taxable","11":"purchasable","12":"product-type-simple"},"_links":{"self":[{"href":"https:\/\/personalcity.net\/home\/wp-json\/wp\/v2\/product\/4602","targetHints":{"allow":["GET"]}}],"collection":[{"href":"https:\/\/personalcity.net\/home\/wp-json\/wp\/v2\/product"}],"about":[{"href":"https:\/\/personalcity.net\/home\/wp-json\/wp\/v2\/types\/product"}],"replies":[{"embeddable":true,"href":"https:\/\/personalcity.net\/home\/wp-json\/wp\/v2\/comments?post=4602"}],"wp:featuredmedia":[{"embeddable":true,"href":"https:\/\/personalcity.net\/home\/wp-json\/wp\/v2\/media\/4603"}],"wp:attachment":[{"href":"https:\/\/personalcity.net\/home\/wp-json\/wp\/v2\/media?parent=4602"}],"wp:term":[{"taxonomy":"product_cat","embeddable":true,"href":"https:\/\/personalcity.net\/home\/wp-json\/wp\/v2\/product_cat?post=4602"},{"taxonomy":"product_tag","embeddable":true,"href":"https:\/\/personalcity.net\/home\/wp-json\/wp\/v2\/product_tag?post=4602"}],"curies":[{"name":"wp","href":"https:\/\/api.w.org\/{rel}","templated":true}]}}