{"id":4614,"date":"2024-05-24T11:12:37","date_gmt":"2024-05-24T09:12:37","guid":{"rendered":"http:\/\/personalcity.net\/home\/produkt\/5-x-federklemme-dynasun-wos2009-studioclip-klemme-zur-befestigung-hintergrund\/"},"modified":"2025-04-28T15:48:28","modified_gmt":"2025-04-28T13:48:28","slug":"5-x-federklemme-dynasun-wos2009-studioclip-klemme-zur-befestigung-hintergrund","status":"publish","type":"product","link":"https:\/\/personalcity.net\/home\/produkt\/5-x-federklemme-dynasun-wos2009-studioclip-klemme-zur-befestigung-hintergrund\/","title":{"rendered":"5 x Federklemme DynaSun WOS2009 Studioclip Klemme zur Befestigung Hintergrund"},"content":{"rendered":"<p>Universal Federklemme DynaSun WOS2009 Studioclip Klemme zur Befestigung Hintergrund Ideal f\u00fcr Studio-Blitzger\u00e4te und Halter zu befestigen Beschreibung Die DynaSun WOS2009 Universal Klemmen sind ein unverzichtbares Zubeh\u00f6r zu haben im Studio. Mit Diesen kleinen, leichte und hohe Qualit\u00e4t Klemmen, Sie k\u00f6nnen schnell befestigen Hintergr\u00fcnde, Muslin auf Ihre Hintergrundsystem. Lieferumfang * 5x Federklemme DynaSun WOS2009<\/p>\n","protected":false},"excerpt":{"rendered":"<p>Universal Federklemme DynaSun WOS2009 Studioclip Klemme zur Befestigung Hintergrund Ideal f\u00fcr Studio-Blitzger\u00e4te und Halter zu befestigen Beschreibung Die DynaSun WOS2009 Universal Klemmen sind ein unverzichtbares Zubeh\u00f6r zu haben im Studio. Mit Diesen kleinen, leichte und hohe Qualit\u00e4t Klemmen, Sie k\u00f6nnen schnell befestigen Hintergr\u00fcnde, Muslin auf Ihre Hintergrundsystem. Lieferumfang * 5x Federklemme DynaSun WOS2009<\/p>\n","protected":false},"featured_media":4615,"comment_status":"open","ping_status":"closed","template":"","meta":[],"product_cat":[218],"product_tag":[],"class_list":{"0":"post-4614","1":"product","2":"type-product","3":"status-publish","4":"has-post-thumbnail","6":"product_cat-elektronik","8":"first","9":"outofstock","10":"shipping-taxable","11":"purchasable","12":"product-type-simple"},"_links":{"self":[{"href":"https:\/\/personalcity.net\/home\/wp-json\/wp\/v2\/product\/4614","targetHints":{"allow":["GET"]}}],"collection":[{"href":"https:\/\/personalcity.net\/home\/wp-json\/wp\/v2\/product"}],"about":[{"href":"https:\/\/personalcity.net\/home\/wp-json\/wp\/v2\/types\/product"}],"replies":[{"embeddable":true,"href":"https:\/\/personalcity.net\/home\/wp-json\/wp\/v2\/comments?post=4614"}],"wp:featuredmedia":[{"embeddable":true,"href":"https:\/\/personalcity.net\/home\/wp-json\/wp\/v2\/media\/4615"}],"wp:attachment":[{"href":"https:\/\/personalcity.net\/home\/wp-json\/wp\/v2\/media?parent=4614"}],"wp:term":[{"taxonomy":"product_cat","embeddable":true,"href":"https:\/\/personalcity.net\/home\/wp-json\/wp\/v2\/product_cat?post=4614"},{"taxonomy":"product_tag","embeddable":true,"href":"https:\/\/personalcity.net\/home\/wp-json\/wp\/v2\/product_tag?post=4614"}],"curies":[{"name":"wp","href":"https:\/\/api.w.org\/{rel}","templated":true}]}}