{"id":4616,"date":"2024-05-24T11:12:38","date_gmt":"2024-05-24T09:12:38","guid":{"rendered":"http:\/\/personalcity.net\/home\/produkt\/dynasun-2x-s22-xl-federklemme-studioklemme-klemme-zur-befestigung-hintergrund\/"},"modified":"2025-04-28T15:48:28","modified_gmt":"2025-04-28T13:48:28","slug":"dynasun-2x-s22-xl-federklemme-studioklemme-klemme-zur-befestigung-hintergrund","status":"publish","type":"product","link":"https:\/\/personalcity.net\/home\/produkt\/dynasun-2x-s22-xl-federklemme-studioklemme-klemme-zur-befestigung-hintergrund\/","title":{"rendered":"DynaSun 2x S22 XL Federklemme Studioklemme Klemme zur Befestigung Hintergrund"},"content":{"rendered":"<p>Federklemme DynaSun Kit 2x S22 Studioklemme Klemme zur Befestigung Hintergrund Beschreibung Die DynaSun S22 universal Klemmen sind ein unverzichtbares Zubeh\u00f6r. Diese m\u00fcssen Sie unbedingt in Ihrem Studio haben. Sie sind geeignet f\u00fcr Funktionserweiterung bei Aufnahme im Studio. Mit diesen praktischen Klemmen werden alle m\u00f6glichen Zubeh\u00f6rteile sowie Ger\u00e4te, Kameras, Studioblitze, Videoleuchten und sogar Mikrofone einfach am Aufnahmetisch, Stativen, St\u00fchlen oder W\u00e4nden befestigt. Die Klemmen sind aus extra stabilem und verst\u00e4rktem Kunststoff gefertigt und das bei hoher Qualit\u00e4t und kleinem Preis. Mit diesen kleinen und leichten Klemmen k\u00f6nnen Sie schnell Hintergr\u00fcnde befestigen. Sie sollten sich dieses Produkt vormerken und sofort bestellen, denn diese Federklemmen d\u00fcrfen in keinem Foto und Video Studio fehlen. Technische Daten * Leicht aber stabil * Kann kr\u00e4ftig klemmen * Material: Kunststoff * Farbe Griff: Schwarz * Gewicht: 55g * Masse: 11x8x3cm<\/p>\n","protected":false},"excerpt":{"rendered":"<p>Federklemme DynaSun Kit 2x S22 Studioklemme Klemme zur Befestigung Hintergrund Beschreibung Die DynaSun S22 universal Klemmen sind ein unverzichtbares Zubeh\u00f6r. Diese m\u00fcssen Sie unbedingt in Ihrem Studio haben. Sie sind geeignet f\u00fcr Funktionserweiterung bei Aufnahme im Studio. Mit diesen praktischen Klemmen werden alle m\u00f6glichen Zubeh\u00f6rteile sowie Ger\u00e4te, Kameras, Studioblitze, Videoleuchten und sogar Mikrofone einfach am&hellip; <br \/> <a class=\"read-more\" href=\"https:\/\/personalcity.net\/home\/produkt\/dynasun-2x-s22-xl-federklemme-studioklemme-klemme-zur-befestigung-hintergrund\/\">Weiterlesen<\/a><\/p>\n","protected":false},"featured_media":4617,"comment_status":"open","ping_status":"closed","template":"","meta":[],"product_cat":[218],"product_tag":[],"class_list":{"0":"post-4616","1":"product","2":"type-product","3":"status-publish","4":"has-post-thumbnail","6":"product_cat-elektronik","8":"first","9":"outofstock","10":"shipping-taxable","11":"purchasable","12":"product-type-simple"},"_links":{"self":[{"href":"https:\/\/personalcity.net\/home\/wp-json\/wp\/v2\/product\/4616","targetHints":{"allow":["GET"]}}],"collection":[{"href":"https:\/\/personalcity.net\/home\/wp-json\/wp\/v2\/product"}],"about":[{"href":"https:\/\/personalcity.net\/home\/wp-json\/wp\/v2\/types\/product"}],"replies":[{"embeddable":true,"href":"https:\/\/personalcity.net\/home\/wp-json\/wp\/v2\/comments?post=4616"}],"wp:featuredmedia":[{"embeddable":true,"href":"https:\/\/personalcity.net\/home\/wp-json\/wp\/v2\/media\/4617"}],"wp:attachment":[{"href":"https:\/\/personalcity.net\/home\/wp-json\/wp\/v2\/media?parent=4616"}],"wp:term":[{"taxonomy":"product_cat","embeddable":true,"href":"https:\/\/personalcity.net\/home\/wp-json\/wp\/v2\/product_cat?post=4616"},{"taxonomy":"product_tag","embeddable":true,"href":"https:\/\/personalcity.net\/home\/wp-json\/wp\/v2\/product_tag?post=4616"}],"curies":[{"name":"wp","href":"https:\/\/api.w.org\/{rel}","templated":true}]}}