{"id":4618,"date":"2024-05-24T11:12:39","date_gmt":"2024-05-24T09:12:39","guid":{"rendered":"http:\/\/personalcity.net\/home\/produkt\/spotvorsatz-lichttubus-dynasun-a182-engstrahlreflektor-mit-wabenaufsatz-bowens-bajonett-fuer-studio\/"},"modified":"2025-04-28T15:48:28","modified_gmt":"2025-04-28T13:48:28","slug":"spotvorsatz-lichttubus-dynasun-a182-engstrahlreflektor-mit-wabenaufsatz-bowens-bajonett-fuer-studio","status":"publish","type":"product","link":"https:\/\/personalcity.net\/home\/produkt\/spotvorsatz-lichttubus-dynasun-a182-engstrahlreflektor-mit-wabenaufsatz-bowens-bajonett-fuer-studio\/","title":{"rendered":"Spotvorsatz Lichttubus DynaSun A182 Engstrahlreflektor mit Wabenaufsatz Bowens-Bajonett f\u00fcr Studio"},"content":{"rendered":"<p>Spotvorsatz Lichttubus Narrow Snoot DynaSun A182 Konisch Engstrahlreflektor mit Wabenaufsatz Bowens-Bajonett f\u00fcr Studio Beschreibung DynaSun Narrow Snoot Reflektor A182 f\u00fcr Flash Head (Bowens typ -S standard) bietet eine direkte, schmale konische Lichtquelle zwecks kontrollierter Betonung. Ein bayonet locking System erm\u00f6glicht stabile und schnelle Montage. Snoots sind die wichtigsten Bestandteile der Lichtkontrolle. Sie sind perfekt f\u00fcr hair light oder betonte Lichtquelle. Stark fokussiertes Licht beseitigt Probleme mit Kamera. Schmale Abschirmung mit scharfem \u00dcbergang bei der Lichtquelle. DynaSun Narrow Snoot Reflector A182 hat ein Durchmesser von 4&#8243; (10cm) und eine L\u00e4nge von 8.6&#8243; (22cm). Es ist aus Aluminium, konisch gebaut, mit Bayonet-System. Technische Daten * L\u00e4nge: 8.6&#8243; (22cm) * Durchmesser: 4&#8243; (10cm) * Durchmesser furs Licht: 2.4&#8243; (6cm) * Aluminium * Konisch snoot mit bayonet * Honeycomb inbegriffen * F\u00fcr professionelle kontrollierte Lichtquelle * F\u00fcr Flash Heads (Bowens typ -S standard) Lieferumfang * DynaSun Narrow Snoot Reflector A182 * Honeycomb<\/p>\n","protected":false},"excerpt":{"rendered":"<p>Spotvorsatz Lichttubus Narrow Snoot DynaSun A182 Konisch Engstrahlreflektor mit Wabenaufsatz Bowens-Bajonett f\u00fcr Studio Beschreibung DynaSun Narrow Snoot Reflektor A182 f\u00fcr Flash Head (Bowens typ -S standard) bietet eine direkte, schmale konische Lichtquelle zwecks kontrollierter Betonung. Ein bayonet locking System erm\u00f6glicht stabile und schnelle Montage. Snoots sind die wichtigsten Bestandteile der Lichtkontrolle. Sie sind perfekt f\u00fcr&hellip; <br \/> <a class=\"read-more\" href=\"https:\/\/personalcity.net\/home\/produkt\/spotvorsatz-lichttubus-dynasun-a182-engstrahlreflektor-mit-wabenaufsatz-bowens-bajonett-fuer-studio\/\">Weiterlesen<\/a><\/p>\n","protected":false},"featured_media":4619,"comment_status":"open","ping_status":"closed","template":"","meta":[],"product_cat":[218],"product_tag":[],"class_list":{"0":"post-4618","1":"product","2":"type-product","3":"status-publish","4":"has-post-thumbnail","6":"product_cat-elektronik","8":"first","9":"outofstock","10":"shipping-taxable","11":"purchasable","12":"product-type-simple"},"_links":{"self":[{"href":"https:\/\/personalcity.net\/home\/wp-json\/wp\/v2\/product\/4618","targetHints":{"allow":["GET"]}}],"collection":[{"href":"https:\/\/personalcity.net\/home\/wp-json\/wp\/v2\/product"}],"about":[{"href":"https:\/\/personalcity.net\/home\/wp-json\/wp\/v2\/types\/product"}],"replies":[{"embeddable":true,"href":"https:\/\/personalcity.net\/home\/wp-json\/wp\/v2\/comments?post=4618"}],"wp:featuredmedia":[{"embeddable":true,"href":"https:\/\/personalcity.net\/home\/wp-json\/wp\/v2\/media\/4619"}],"wp:attachment":[{"href":"https:\/\/personalcity.net\/home\/wp-json\/wp\/v2\/media?parent=4618"}],"wp:term":[{"taxonomy":"product_cat","embeddable":true,"href":"https:\/\/personalcity.net\/home\/wp-json\/wp\/v2\/product_cat?post=4618"},{"taxonomy":"product_tag","embeddable":true,"href":"https:\/\/personalcity.net\/home\/wp-json\/wp\/v2\/product_tag?post=4618"}],"curies":[{"name":"wp","href":"https:\/\/api.w.org\/{rel}","templated":true}]}}