{"id":4620,"date":"2024-05-24T11:12:40","date_gmt":"2024-05-24T09:12:40","guid":{"rendered":"http:\/\/personalcity.net\/home\/produkt\/spotvorsatz-lichttubus-dynasun-a183-xxl-engstrahlreflektor-wabenaufsatz-bowens-bajonett-fuer-studio\/"},"modified":"2025-04-28T15:48:28","modified_gmt":"2025-04-28T13:48:28","slug":"spotvorsatz-lichttubus-dynasun-a183-xxl-engstrahlreflektor-wabenaufsatz-bowens-bajonett-fuer-studio","status":"publish","type":"product","link":"https:\/\/personalcity.net\/home\/produkt\/spotvorsatz-lichttubus-dynasun-a183-xxl-engstrahlreflektor-wabenaufsatz-bowens-bajonett-fuer-studio\/","title":{"rendered":"Spotvorsatz Lichttubus DynaSun A183 XXL Engstrahlreflektor Wabenaufsatz Bowens-Bajonett f\u00fcr Studio"},"content":{"rendered":"<p>Spotvorsatz Lichttubus Narrow Snoot DynaSun A183 XXL Konisch Engstrahlreflektor mit Grid\/Wabe Wabenaufsatz und 4 Farb Filter mit Bowens-Bajonett Anschluss f\u00fcr Studio Beschreibung Der DynnaSun A183 XXL Spotvorsatz erzeugt ein effektvolles Kopflicht in der Beauty- und Portraitfotografie. Das Licht wird geb\u00fcndelt und unterstreicht nur einen kleinen Bereich auf dem Objekt. Sie k\u00f6nnen das Licht b\u00fcndeln und auf eine bestimmte Stelle lenken Die Wabeneins\u00e4tze sorgt f\u00fcr eine gradlinigere Lichtf\u00fchrung. Die Farbfilter bieten einen gro\u00dfen Gestaltungsfreiraum f\u00fcr Farbvariationen und Effekte. DynaSun Narrow Snoot Reflektor A183 XXL f\u00fcr Flash Head (Bowens typ -S standard) bietet eine direkte, schmale konische Lichtquelle zwecks kontrollierter Betonung. Ein bayonet locking System erm\u00f6glicht stabile und schnelle Montage. DynaSun Narrow Snoot Reflector A183 XXL hat ein Durchmesser von 8cm\/18cm und eine L\u00e4nge von 25cm. Es ist aus Metall, konisch gebaut, mit Bayonet-System (Typ Bowens -S). Technische Daten * L\u00e4nge: 25cm * Durchmesser: 18cm * Durchmesser furs Licht: 8cm * Konisch snoot mit bayonet * Honeycomb inbegriffen * Sehr gut f\u00fcr enge Lichtf\u00fchrung * Ideal um Spots zu setzen * Hochwertige silberne Reflektorinnenbeschichtung * F\u00fcr professionelle kontrollierte Lichtquelle * F\u00fcr Flash Heads Blitzger\u00e4te mit Bowens Typ -S standard Anschluss Lieferumfang * DynaSun Narrow Snoot Reflector A183 XXL * Honeycomb\/Wabe * 4x Farbfilter: Blau, Gr\u00fcn, Rot, Weiss\/Transparent<\/p>\n","protected":false},"excerpt":{"rendered":"<p>Spotvorsatz Lichttubus Narrow Snoot DynaSun A183 XXL Konisch Engstrahlreflektor mit Grid\/Wabe Wabenaufsatz und 4 Farb Filter mit Bowens-Bajonett Anschluss f\u00fcr Studio Beschreibung Der DynnaSun A183 XXL Spotvorsatz erzeugt ein effektvolles Kopflicht in der Beauty- und Portraitfotografie. Das Licht wird geb\u00fcndelt und unterstreicht nur einen kleinen Bereich auf dem Objekt. Sie k\u00f6nnen das Licht b\u00fcndeln und&hellip; <br \/> <a class=\"read-more\" href=\"https:\/\/personalcity.net\/home\/produkt\/spotvorsatz-lichttubus-dynasun-a183-xxl-engstrahlreflektor-wabenaufsatz-bowens-bajonett-fuer-studio\/\">Weiterlesen<\/a><\/p>\n","protected":false},"featured_media":4621,"comment_status":"open","ping_status":"closed","template":"","meta":[],"product_cat":[218],"product_tag":[],"class_list":{"0":"post-4620","1":"product","2":"type-product","3":"status-publish","4":"has-post-thumbnail","6":"product_cat-elektronik","8":"first","9":"outofstock","10":"shipping-taxable","11":"purchasable","12":"product-type-simple"},"_links":{"self":[{"href":"https:\/\/personalcity.net\/home\/wp-json\/wp\/v2\/product\/4620","targetHints":{"allow":["GET"]}}],"collection":[{"href":"https:\/\/personalcity.net\/home\/wp-json\/wp\/v2\/product"}],"about":[{"href":"https:\/\/personalcity.net\/home\/wp-json\/wp\/v2\/types\/product"}],"replies":[{"embeddable":true,"href":"https:\/\/personalcity.net\/home\/wp-json\/wp\/v2\/comments?post=4620"}],"wp:featuredmedia":[{"embeddable":true,"href":"https:\/\/personalcity.net\/home\/wp-json\/wp\/v2\/media\/4621"}],"wp:attachment":[{"href":"https:\/\/personalcity.net\/home\/wp-json\/wp\/v2\/media?parent=4620"}],"wp:term":[{"taxonomy":"product_cat","embeddable":true,"href":"https:\/\/personalcity.net\/home\/wp-json\/wp\/v2\/product_cat?post=4620"},{"taxonomy":"product_tag","embeddable":true,"href":"https:\/\/personalcity.net\/home\/wp-json\/wp\/v2\/product_tag?post=4620"}],"curies":[{"name":"wp","href":"https:\/\/api.w.org\/{rel}","templated":true}]}}