{"id":4622,"date":"2024-05-24T11:12:41","date_gmt":"2024-05-24T09:12:41","guid":{"rendered":"http:\/\/personalcity.net\/home\/produkt\/dynasun-a185-xxl-spotvorsatz-lichttubus-narrow-snoot-studio-konisch-engstrahlreflektor-mit-grid-wabe-wabenaufsatz-mit-bowens-bajonett-anschluss\/"},"modified":"2025-04-28T15:48:28","modified_gmt":"2025-04-28T13:48:28","slug":"dynasun-a185-xxl-spotvorsatz-lichttubus-narrow-snoot-studio-konisch-engstrahlreflektor-mit-grid-wabe-wabenaufsatz-mit-bowens-bajonett-anschluss","status":"publish","type":"product","link":"https:\/\/personalcity.net\/home\/produkt\/dynasun-a185-xxl-spotvorsatz-lichttubus-narrow-snoot-studio-konisch-engstrahlreflektor-mit-grid-wabe-wabenaufsatz-mit-bowens-bajonett-anschluss\/","title":{"rendered":"DynaSun A185 XXL Spotvorsatz Lichttubus Narrow Snoot Studio Konisch Engstrahlreflektor mit Grid\/Wabe Wabenaufsatz mit Bowens-Bajonett Anschluss"},"content":{"rendered":"<p>Spotvorsatz Lichttubus Narrow Snoot DynaSun A185 XXL Konisch Engstrahlreflektor mit Grid\/Wabe Wabenaufsatz mit Bowens-Bajonett Anschluss f\u00fcr Studio Beschreibung Der DynnaSun A185 XXL Spotvorsatz erzeugt ein effektvolles Kopflicht in der Beauty- und Portraitfotografie. Das Licht wird geb\u00fcndelt und unterstreicht nur einen kleinen Bereich auf dem Objekt. Sie k\u00f6nnen das Licht b\u00fcndeln und auf eine bestimmte Stelle lenken Die Wabeneins\u00e4tze sorgt f\u00fcr eine gradlinigere Lichtf\u00fchrung. DynaSun Narrow Snoot Reflektor A185 XXL f\u00fcr Flash Head (Bowens typ -S standard) bietet eine direkte, schmale konische Lichtquelle zwecks kontrollierter Betonung. Ein bayonet locking System erm\u00f6glicht stabile und schnelle Montage. DynaSun Narrow Snoot Reflector A185 XXL hat ein Durchmesser von 7cm\/16cm und eine L\u00e4nge von 22cm. Es ist aus Metall, konisch gebaut, mit Bayonet-System (Typ Bowens -S). Technische Daten * L\u00e4nge: 22cm * Durchmesser: 16cm * Durchmesser furs Licht: 7cm * Konisch snoot mit bayonet * Honeycomb inbegriffen * Sehr gut f\u00fcr enge Lichtf\u00fchrung * Ideal um Spots zu setzen * Hochwertige silberne Reflektorinnenbeschichtung * F\u00fcr professionelle kontrollierte Lichtquelle * F\u00fcr Flash Heads Blitzger\u00e4te mit Bowens Typ -S standard Anschluss Lieferumfang * DynaSun Narrow Snoot Reflector A185 XXL * Honeycomb\/Wabe<\/p>\n","protected":false},"excerpt":{"rendered":"<p>Spotvorsatz Lichttubus Narrow Snoot DynaSun A185 XXL Konisch Engstrahlreflektor mit Grid\/Wabe Wabenaufsatz mit Bowens-Bajonett Anschluss f\u00fcr Studio Beschreibung Der DynnaSun A185 XXL Spotvorsatz erzeugt ein effektvolles Kopflicht in der Beauty- und Portraitfotografie. Das Licht wird geb\u00fcndelt und unterstreicht nur einen kleinen Bereich auf dem Objekt. Sie k\u00f6nnen das Licht b\u00fcndeln und auf eine bestimmte Stelle&hellip; <br \/> <a class=\"read-more\" href=\"https:\/\/personalcity.net\/home\/produkt\/dynasun-a185-xxl-spotvorsatz-lichttubus-narrow-snoot-studio-konisch-engstrahlreflektor-mit-grid-wabe-wabenaufsatz-mit-bowens-bajonett-anschluss\/\">Weiterlesen<\/a><\/p>\n","protected":false},"featured_media":4623,"comment_status":"open","ping_status":"closed","template":"","meta":[],"product_cat":[218],"product_tag":[],"class_list":{"0":"post-4622","1":"product","2":"type-product","3":"status-publish","4":"has-post-thumbnail","6":"product_cat-elektronik","8":"first","9":"outofstock","10":"shipping-taxable","11":"purchasable","12":"product-type-simple"},"_links":{"self":[{"href":"https:\/\/personalcity.net\/home\/wp-json\/wp\/v2\/product\/4622","targetHints":{"allow":["GET"]}}],"collection":[{"href":"https:\/\/personalcity.net\/home\/wp-json\/wp\/v2\/product"}],"about":[{"href":"https:\/\/personalcity.net\/home\/wp-json\/wp\/v2\/types\/product"}],"replies":[{"embeddable":true,"href":"https:\/\/personalcity.net\/home\/wp-json\/wp\/v2\/comments?post=4622"}],"wp:featuredmedia":[{"embeddable":true,"href":"https:\/\/personalcity.net\/home\/wp-json\/wp\/v2\/media\/4623"}],"wp:attachment":[{"href":"https:\/\/personalcity.net\/home\/wp-json\/wp\/v2\/media?parent=4622"}],"wp:term":[{"taxonomy":"product_cat","embeddable":true,"href":"https:\/\/personalcity.net\/home\/wp-json\/wp\/v2\/product_cat?post=4622"},{"taxonomy":"product_tag","embeddable":true,"href":"https:\/\/personalcity.net\/home\/wp-json\/wp\/v2\/product_tag?post=4622"}],"curies":[{"name":"wp","href":"https:\/\/api.w.org\/{rel}","templated":true}]}}