{"id":4630,"date":"2024-05-24T11:12:47","date_gmt":"2024-05-24T09:12:47","guid":{"rendered":"http:\/\/personalcity.net\/home\/produkt\/dynasun-adapter-bow-ec-konverter-ring-fuer-bowens-s-typ-bajonett-zubehoer-an-elinchrom-studio-flash-und-beleuchtungen\/"},"modified":"2025-04-28T15:48:10","modified_gmt":"2025-04-28T13:48:10","slug":"dynasun-adapter-bow-ec-konverter-ring-fuer-bowens-s-typ-bajonett-zubehoer-an-elinchrom-studio-flash-und-beleuchtungen","status":"publish","type":"product","link":"https:\/\/personalcity.net\/home\/produkt\/dynasun-adapter-bow-ec-konverter-ring-fuer-bowens-s-typ-bajonett-zubehoer-an-elinchrom-studio-flash-und-beleuchtungen\/","title":{"rendered":"DynaSun Adapter BOW-EC Konverter Ring f\u00fcr Bowens S-Typ Bajonett Zubeh\u00f6r an Elinchrom Studio Flash und Beleuchtungen"},"content":{"rendered":"<p>DynaSun Adapter BOW-EC Konverter Ring f\u00fcr Bowens S-Typ Bajonett Zubeh\u00f6r an Elinchrom Ger\u00e4ten F\u00fcr Studio Flash und Beleuchtungen mit Standard Elinchrom Anschluss Beschreibung Mit dem DynaSun Adapter BOW-EC Elinchrom an Bowens S-Typ kann s\u00e4mtliches Zubeh\u00f6r mit Bowens S-Typ Bajonett Anschluss an Ger\u00e4ten mit Elinchrom Anschluss verwendet werden. Besonderes geeignet f\u00fcr die, dass Elichrom Ger\u00e4te verwenden und Bowens S-Typ Zubeh\u00f6r nutzen wollen. Technische Daten * Robustes Metalladapterring * Konverter Ring von Zubeh\u00f6r mit Bowens S-Typ Bajonett Anschluss an Elinchrom Ger\u00e4te * Erm\u00f6glicht die Nutzung von weiterem Zubeh\u00f6r * Einfache Montage * Feststellschraube * Gewicht: ca. 310g * Farbe: Schwarz\/Silber Lieferumfang 1x DynaSun BOW-EC Elinchrom an Bowens S-Typ Bajonett<\/p>\n","protected":false},"excerpt":{"rendered":"<p>DynaSun Adapter BOW-EC Konverter Ring f\u00fcr Bowens S-Typ Bajonett Zubeh\u00f6r an Elinchrom Ger\u00e4ten F\u00fcr Studio Flash und Beleuchtungen mit Standard Elinchrom Anschluss Beschreibung Mit dem DynaSun Adapter BOW-EC Elinchrom an Bowens S-Typ kann s\u00e4mtliches Zubeh\u00f6r mit Bowens S-Typ Bajonett Anschluss an Ger\u00e4ten mit Elinchrom Anschluss verwendet werden. Besonderes geeignet f\u00fcr die, dass Elichrom Ger\u00e4te verwenden&hellip; <br \/> <a class=\"read-more\" href=\"https:\/\/personalcity.net\/home\/produkt\/dynasun-adapter-bow-ec-konverter-ring-fuer-bowens-s-typ-bajonett-zubehoer-an-elinchrom-studio-flash-und-beleuchtungen\/\">Weiterlesen<\/a><\/p>\n","protected":false},"featured_media":4631,"comment_status":"open","ping_status":"closed","template":"","meta":[],"product_cat":[218],"product_tag":[],"class_list":{"0":"post-4630","1":"product","2":"type-product","3":"status-publish","4":"has-post-thumbnail","6":"product_cat-elektronik","8":"first","9":"outofstock","10":"shipping-taxable","11":"purchasable","12":"product-type-simple"},"_links":{"self":[{"href":"https:\/\/personalcity.net\/home\/wp-json\/wp\/v2\/product\/4630","targetHints":{"allow":["GET"]}}],"collection":[{"href":"https:\/\/personalcity.net\/home\/wp-json\/wp\/v2\/product"}],"about":[{"href":"https:\/\/personalcity.net\/home\/wp-json\/wp\/v2\/types\/product"}],"replies":[{"embeddable":true,"href":"https:\/\/personalcity.net\/home\/wp-json\/wp\/v2\/comments?post=4630"}],"wp:featuredmedia":[{"embeddable":true,"href":"https:\/\/personalcity.net\/home\/wp-json\/wp\/v2\/media\/4631"}],"wp:attachment":[{"href":"https:\/\/personalcity.net\/home\/wp-json\/wp\/v2\/media?parent=4630"}],"wp:term":[{"taxonomy":"product_cat","embeddable":true,"href":"https:\/\/personalcity.net\/home\/wp-json\/wp\/v2\/product_cat?post=4630"},{"taxonomy":"product_tag","embeddable":true,"href":"https:\/\/personalcity.net\/home\/wp-json\/wp\/v2\/product_tag?post=4630"}],"curies":[{"name":"wp","href":"https:\/\/api.w.org\/{rel}","templated":true}]}}