{"id":4637,"date":"2024-05-24T11:12:52","date_gmt":"2024-05-24T09:12:52","guid":{"rendered":"http:\/\/personalcity.net\/home\/produkt\/dynasun-s40-mult-beauty-dish-lichtformer-40cm-silber-weiss-innenreflektor-mit-wabe-und-diffusor-fuer-blitzgeraete-flash-mit-multiblitz-big-anschluss\/"},"modified":"2025-04-28T15:48:10","modified_gmt":"2025-04-28T13:48:10","slug":"dynasun-s40-mult-beauty-dish-lichtformer-40cm-silber-weiss-innenreflektor-mit-wabe-und-diffusor-fuer-blitzgeraete-flash-mit-multiblitz-big-anschluss","status":"publish","type":"product","link":"https:\/\/personalcity.net\/home\/produkt\/dynasun-s40-mult-beauty-dish-lichtformer-40cm-silber-weiss-innenreflektor-mit-wabe-und-diffusor-fuer-blitzgeraete-flash-mit-multiblitz-big-anschluss\/","title":{"rendered":"DynaSun S40-MULT Beauty Dish Lichtformer 40cm Silber\/Weiss Innenreflektor mit Wabe und Diffusor f\u00fcr Blitzger\u00e4te Flash mit Multiblitz Big Anschluss"},"content":{"rendered":"<p>DynaSun S40-MULT Beauty Dish Lichtformer 40cm mit Wabe Wabeeinsatz und Diffusor f\u00fcr Blitzger\u00e4te Flash mit Multiblitz Big Anschluss, Silber\/Weiss pulverbeschichtetem Innenreflektor Beschreibung Der Beauty Dish DynaSun S40 ist ein klassischer Lichtformer in der Fotografie. Der leichte Reflektor erzeugt eine rundes und gleichm\u00e4\u00dfiges Licht f\u00fcr nat\u00fcrliche Augenreflexe. Der Beauty Dish DynaSun S40 ist daher ideal f\u00fcr konventionelle Portr\u00e4ts, Mode und Beautyfotografie. Der Beauty Dish ist vielseitig einsetzbar und bietet einfaches Nutzung mit hohem Wirkungsgrad. Durch die Innenbeschichtung wird ein weniger kontrastreiches, weicheres Licht mit sehr sch\u00f6ner Lichtcharakteristik erzeugt. Durch den mitgeliefertes Diffusor kann das Licht weicher gestaltet werden. Der Wabenvorsatz f\u00fcr den Beauty Dish erzeugt ein besseres, gerichtetes Licht nicht nur in der Portraits und Beautyfotografie, aber auch im Outdoorbereich. Der Wabenvorsatz l\u00e4sst sich leicht transportieren und schnell durch 3 Metallklemmen am Beauty Dish montieren. Mit seinem gerichteten und kontrollierbaren Licht wird Ihnen der Wabenvorsatz zu mehr Brillanz in Ihren Bildern geben. Technische Daten * Erzeugt ein rundes, nat\u00fcrliches Augenlicht * Silber\/Weisser, pulverbeschichtetem Innenreflektor * Ideal f\u00fcr die Portr\u00e4t und Beautyfotografie * Leichte Bauweise mit geringem Gewicht * Einfache Montage * Geeignet f\u00fcr alle Lampen mit Standard Multiblitz Big Anchluss Lieferumfang * Beauty Dish DynaSun S40-MULT 40cm * Wabeneins\u00e4tz * Frontdiffusor<\/p>\n","protected":false},"excerpt":{"rendered":"<p>DynaSun S40-MULT Beauty Dish Lichtformer 40cm mit Wabe Wabeeinsatz und Diffusor f\u00fcr Blitzger\u00e4te Flash mit Multiblitz Big Anschluss, Silber\/Weiss pulverbeschichtetem Innenreflektor Beschreibung Der Beauty Dish DynaSun S40 ist ein klassischer Lichtformer in der Fotografie. Der leichte Reflektor erzeugt eine rundes und gleichm\u00e4\u00dfiges Licht f\u00fcr nat\u00fcrliche Augenreflexe. Der Beauty Dish DynaSun S40 ist daher ideal f\u00fcr&hellip; <br \/> <a class=\"read-more\" href=\"https:\/\/personalcity.net\/home\/produkt\/dynasun-s40-mult-beauty-dish-lichtformer-40cm-silber-weiss-innenreflektor-mit-wabe-und-diffusor-fuer-blitzgeraete-flash-mit-multiblitz-big-anschluss\/\">Weiterlesen<\/a><\/p>\n","protected":false},"featured_media":4638,"comment_status":"open","ping_status":"closed","template":"","meta":[],"product_cat":[218],"product_tag":[],"class_list":{"0":"post-4637","1":"product","2":"type-product","3":"status-publish","4":"has-post-thumbnail","6":"product_cat-elektronik","8":"first","9":"outofstock","10":"shipping-taxable","11":"purchasable","12":"product-type-simple"},"_links":{"self":[{"href":"https:\/\/personalcity.net\/home\/wp-json\/wp\/v2\/product\/4637","targetHints":{"allow":["GET"]}}],"collection":[{"href":"https:\/\/personalcity.net\/home\/wp-json\/wp\/v2\/product"}],"about":[{"href":"https:\/\/personalcity.net\/home\/wp-json\/wp\/v2\/types\/product"}],"replies":[{"embeddable":true,"href":"https:\/\/personalcity.net\/home\/wp-json\/wp\/v2\/comments?post=4637"}],"wp:featuredmedia":[{"embeddable":true,"href":"https:\/\/personalcity.net\/home\/wp-json\/wp\/v2\/media\/4638"}],"wp:attachment":[{"href":"https:\/\/personalcity.net\/home\/wp-json\/wp\/v2\/media?parent=4637"}],"wp:term":[{"taxonomy":"product_cat","embeddable":true,"href":"https:\/\/personalcity.net\/home\/wp-json\/wp\/v2\/product_cat?post=4637"},{"taxonomy":"product_tag","embeddable":true,"href":"https:\/\/personalcity.net\/home\/wp-json\/wp\/v2\/product_tag?post=4637"}],"curies":[{"name":"wp","href":"https:\/\/api.w.org\/{rel}","templated":true}]}}