{"id":4656,"date":"2024-05-24T11:13:02","date_gmt":"2024-05-24T09:13:02","guid":{"rendered":"http:\/\/personalcity.net\/home\/produkt\/kit-original-profi-fahne-reflektor-set-4in1-dynasun-wos2008-60x92cm-mit-lampenstativ-w803-stativ-mit-flag-flagreflektor-in-4-farben-golden-weiss-silbern-schwarz\/"},"modified":"2025-04-28T15:48:10","modified_gmt":"2025-04-28T13:48:10","slug":"kit-original-profi-fahne-reflektor-set-4in1-dynasun-wos2008-60x92cm-mit-lampenstativ-w803-stativ-mit-flag-flagreflektor-in-4-farben-golden-weiss-silbern-schwarz","status":"publish","type":"product","link":"https:\/\/personalcity.net\/home\/produkt\/kit-original-profi-fahne-reflektor-set-4in1-dynasun-wos2008-60x92cm-mit-lampenstativ-w803-stativ-mit-flag-flagreflektor-in-4-farben-golden-weiss-silbern-schwarz\/","title":{"rendered":"Kit Original Profi Fahne Reflektor Set 4in1 DynaSun WOS2008 60x92cm mit Lampenstativ W803 Stativ mit Flag Flagreflektor in 4 Farben: Golden, Wei\u00df, Silbern, Schwarz"},"content":{"rendered":"<p>Kit Original Profi Fahne Reflektor Set 4in1 DynaSun WOS2008 60x92cm mit Lampenstativ W803 Stativ mit Flag Flagreflektor in 4 Farben: Golden, Wei\u00df, Silbern, Schwarz Beschreibung Fahne Reflektor DynaSun WOS2008 Das DynaSun WOS2008 4-in-1 Fahne Reflektor Set besteht aus einem Metall Reflektorrahmen, der mit Folien in gold\/schwarz\/wei\u00df\/silber bespannt werden kann. Der Rahmen kann an allen Lampenstativen befestigt werden. Silber: Der silberne Reflektor produziert einen scharfen Kontrast. Er wird \u00f6fter in der Photographie wie Stillleben, Warenpr\u00e4sentation, Portrait eingesetzt. Die feine Oberfl\u00e4che kann hoch stilisiert werden und die Farben werden durch starke Widerspiegelung besser dargestellt. Er wird auch oft in B\/W Photographie eingesetzt.Gold: Goldner Reflektor produziert einen sonnigen Effekt, gibt warmes Gef\u00fchl und sanfte Hautfarbe. Er ist geeignet f\u00fcr Portrait, auch f\u00fcr Warenphotographie. Weiss: Perlewei\u00df kann sogar bei nat\u00fcrlichem Licht extreme Farbenf\u00fclle hervorrufen. Er ist sowohl f\u00fcr Warenphotographie als auch f\u00fcr Portrait geeignet. Schwarz: Der schwarze Reflektor kann manche Lichte filtern oder einen dramatischen Lichteffekt bilden. Stativ W803Das sehr stabile Lampenstativ von DynaSun W803 Pro Studio ist f\u00fcr Blitze und Studio leuchten geeignet. Diese sehr stabilen Lampenstative f\u00fcr den professionellen Fotografen eignen sich auch hervorragend f\u00fcr Studioblitze, Tageslichtlampen, Reflektoren oder andere Ger\u00e4te mit einem Eigengewicht von bis zu 2kg. Das sehr gut verarbeitete Stativ ist mit 955g portabel und flexibel einsetzbar. Mit dem Standard-Spigot Anschluss 5\/8&#8243; ist das DynaSun W803 f\u00fcr alle \u00fcblichen Studio leuchten und Studioblitze geeignet. Lieferumfang * Fahne Reflektor DynaSun WOS2008 60x92cm Goldene Oberfl\u00e4che Wei\u00dfe Oberfl\u00e4che Silberne Oberfl\u00e4che Schwarze Oberfl\u00e4che * Stativ DynaSun W803 * Rei\u00dfverschlu\u00dfstofftasche f\u00fcr Stativ<\/p>\n","protected":false},"excerpt":{"rendered":"<p>Kit Original Profi Fahne Reflektor Set 4in1 DynaSun WOS2008 60x92cm mit Lampenstativ W803 Stativ mit Flag Flagreflektor in 4 Farben: Golden, Wei\u00df, Silbern, Schwarz Beschreibung Fahne Reflektor DynaSun WOS2008 Das DynaSun WOS2008 4-in-1 Fahne Reflektor Set besteht aus einem Metall Reflektorrahmen, der mit Folien in gold\/schwarz\/wei\u00df\/silber bespannt werden kann. Der Rahmen kann an allen Lampenstativen&hellip; <br \/> <a class=\"read-more\" href=\"https:\/\/personalcity.net\/home\/produkt\/kit-original-profi-fahne-reflektor-set-4in1-dynasun-wos2008-60x92cm-mit-lampenstativ-w803-stativ-mit-flag-flagreflektor-in-4-farben-golden-weiss-silbern-schwarz\/\">Weiterlesen<\/a><\/p>\n","protected":false},"featured_media":4657,"comment_status":"open","ping_status":"closed","template":"","meta":[],"product_cat":[218],"product_tag":[],"class_list":{"0":"post-4656","1":"product","2":"type-product","3":"status-publish","4":"has-post-thumbnail","6":"product_cat-elektronik","8":"first","9":"outofstock","10":"shipping-taxable","11":"purchasable","12":"product-type-simple"},"_links":{"self":[{"href":"https:\/\/personalcity.net\/home\/wp-json\/wp\/v2\/product\/4656","targetHints":{"allow":["GET"]}}],"collection":[{"href":"https:\/\/personalcity.net\/home\/wp-json\/wp\/v2\/product"}],"about":[{"href":"https:\/\/personalcity.net\/home\/wp-json\/wp\/v2\/types\/product"}],"replies":[{"embeddable":true,"href":"https:\/\/personalcity.net\/home\/wp-json\/wp\/v2\/comments?post=4656"}],"wp:featuredmedia":[{"embeddable":true,"href":"https:\/\/personalcity.net\/home\/wp-json\/wp\/v2\/media\/4657"}],"wp:attachment":[{"href":"https:\/\/personalcity.net\/home\/wp-json\/wp\/v2\/media?parent=4656"}],"wp:term":[{"taxonomy":"product_cat","embeddable":true,"href":"https:\/\/personalcity.net\/home\/wp-json\/wp\/v2\/product_cat?post=4656"},{"taxonomy":"product_tag","embeddable":true,"href":"https:\/\/personalcity.net\/home\/wp-json\/wp\/v2\/product_tag?post=4656"}],"curies":[{"name":"wp","href":"https:\/\/api.w.org\/{rel}","templated":true}]}}