{"id":4673,"date":"2024-05-24T11:13:11","date_gmt":"2024-05-24T09:13:11","guid":{"rendered":"http:\/\/personalcity.net\/home\/produkt\/original-dynasun-foto-lichtzelt-wos4030-100x180\/"},"modified":"2025-04-28T15:47:50","modified_gmt":"2025-04-28T13:47:50","slug":"original-dynasun-foto-lichtzelt-wos4030-100x180","status":"publish","type":"product","link":"https:\/\/personalcity.net\/home\/produkt\/original-dynasun-foto-lichtzelt-wos4030-100x180\/","title":{"rendered":"Original Dynasun Foto Lichtzelt WOS4030 100\u00d7180"},"content":{"rendered":"<p>Lichtzelt Lichtw\u00fcrfel Dome-Studio DynaSun WOS4030 \u00d8100x180cm Basic Fotostudio Fotozelt Cone Zusammenfaltbares Lichtkegelzelt Beschreibung Wenn man Fototisch, Lichtbox oder Softbox nutzen m\u00f6chte, braucht man schon viel Platz, zus\u00e4tzlich ist es auch sehr teuer. Mit diesem Lichtzelt sparen Sie viel Platz und photographieren Sie in aller Bequemlichkeit. Das DynaSun WOS4030 Lichtzelt ist zusammenfaltbar, leicht, sch\u00f6n aussehend, um professionelle Bilder zu machen. Das Lichtzelt erleichtert speziell das Fotografieren stark reflektierender Oberfl\u00e4chen. F\u00fcr die kinderleichte Erstellung von schattenfreien Produktfotos f\u00fcr jedermann. Als Photograph bekommen Sie dadurch saubere Fotos. Sie k\u00f6nnen viel Zeit und Platz sparen und Ihre Produktivit\u00e4t und Qualit\u00e4t erh\u00f6hen. Mit diesem Zelt sind Sie sehr flexibel mit der Lichtquelle, weil die lichtdurchl\u00e4ssige Farbe wickelt Ihr Objekt mit sanftem Licht, aus jedem Winkel und jeder Richtung. Dieses Zelt kann zusammengeklappt werden in eine Tragtasche. Lieferumfang * Lichtzelt DynaSun WOS4030 \u00d8100x180cm * Tragtasche<\/p>\n","protected":false},"excerpt":{"rendered":"<p>Lichtzelt Lichtw\u00fcrfel Dome-Studio DynaSun WOS4030 \u00d8100x180cm Basic Fotostudio Fotozelt Cone Zusammenfaltbares Lichtkegelzelt Beschreibung Wenn man Fototisch, Lichtbox oder Softbox nutzen m\u00f6chte, braucht man schon viel Platz, zus\u00e4tzlich ist es auch sehr teuer. Mit diesem Lichtzelt sparen Sie viel Platz und photographieren Sie in aller Bequemlichkeit. Das DynaSun WOS4030 Lichtzelt ist zusammenfaltbar, leicht, sch\u00f6n aussehend, um&hellip; <br \/> <a class=\"read-more\" href=\"https:\/\/personalcity.net\/home\/produkt\/original-dynasun-foto-lichtzelt-wos4030-100x180\/\">Weiterlesen<\/a><\/p>\n","protected":false},"featured_media":4674,"comment_status":"open","ping_status":"closed","template":"","meta":[],"product_cat":[218],"product_tag":[],"class_list":{"0":"post-4673","1":"product","2":"type-product","3":"status-publish","4":"has-post-thumbnail","6":"product_cat-elektronik","8":"first","9":"outofstock","10":"shipping-taxable","11":"purchasable","12":"product-type-simple"},"_links":{"self":[{"href":"https:\/\/personalcity.net\/home\/wp-json\/wp\/v2\/product\/4673","targetHints":{"allow":["GET"]}}],"collection":[{"href":"https:\/\/personalcity.net\/home\/wp-json\/wp\/v2\/product"}],"about":[{"href":"https:\/\/personalcity.net\/home\/wp-json\/wp\/v2\/types\/product"}],"replies":[{"embeddable":true,"href":"https:\/\/personalcity.net\/home\/wp-json\/wp\/v2\/comments?post=4673"}],"wp:featuredmedia":[{"embeddable":true,"href":"https:\/\/personalcity.net\/home\/wp-json\/wp\/v2\/media\/4674"}],"wp:attachment":[{"href":"https:\/\/personalcity.net\/home\/wp-json\/wp\/v2\/media?parent=4673"}],"wp:term":[{"taxonomy":"product_cat","embeddable":true,"href":"https:\/\/personalcity.net\/home\/wp-json\/wp\/v2\/product_cat?post=4673"},{"taxonomy":"product_tag","embeddable":true,"href":"https:\/\/personalcity.net\/home\/wp-json\/wp\/v2\/product_tag?post=4673"}],"curies":[{"name":"wp","href":"https:\/\/api.w.org\/{rel}","templated":true}]}}