{"id":4677,"date":"2024-05-24T11:13:12","date_gmt":"2024-05-24T09:13:12","guid":{"rendered":"http:\/\/personalcity.net\/home\/produkt\/aufnahmetisch-fototisch-mit-hohlkehle-dynasun-pro-wos5007-mit-aufnahme-platte-100x200-studio\/"},"modified":"2025-04-28T15:47:50","modified_gmt":"2025-04-28T13:47:50","slug":"aufnahmetisch-fototisch-mit-hohlkehle-dynasun-pro-wos5007-mit-aufnahme-platte-100x200-studio","status":"publish","type":"product","link":"https:\/\/personalcity.net\/home\/produkt\/aufnahmetisch-fototisch-mit-hohlkehle-dynasun-pro-wos5007-mit-aufnahme-platte-100x200-studio\/","title":{"rendered":"Aufnahmetisch Fototisch mit Hohlkehle DynaSun PRO WOS5007 mit Aufnahme-Platte 100\u00d7200 Studio"},"content":{"rendered":"<p>PHOTOGRAPHIC AUFNAHMETISCH DYNASUN WOS5007 100&#215;200 Maxi MIT NICHTREFLEKTIERBAREM OPAQUE PLEXIGLASS Shooting Table mit nichtreflektierbarem Opaque Plexiglas, Festklemmen und Lampenst\u00fctzen Beschreibung DynaSun WOS5007 Maxi Version photographic Aufnahmetisch beinhaltet ein leichtes Aluminiumgestell, ein nichtreflektierbares Opaque Plexiglas. Sie k\u00f6nnen auch nach Ihrem Wunsch Plexiglas, Masonite, Formica oder Veneer Oberfl\u00e4che zum Einsatz kommen lassen. Zu diesem komfortablen Set geh\u00f6ren ein leicht einstellbares Gestell, gro\u00dfe Festklemmen f\u00fcr die Hintergrundmaterialien, 2 Lampenst\u00fctzen f\u00fcr Lichtverh\u00e4ltnisse. &#8222;Weniger Schatten Design&#8220; l\u00f6scht die Querwellen im Aufnahmebereich. DynaSun WOS5007 Maxi Version Aufnahmetisch ist f\u00fcr perfekte Photographie konstruiert. Dank dem nichtreflektierbaren lichtdurchl\u00e4ssigen Plexiglas k\u00f6nnen Sie aus jeder Richtung das Objekt photographieren, ganz unter Ihrer Kontrolle. Lieferumfang * Aluminiumgestell DynaSun WOS5007 100x200cm * 8 Festklemmen f\u00fcr schnelle und sichere Installation * 2 Lampenst\u00fctzen * Opaque Plexiglass Shooting Oberfl\u00e4che<\/p>\n","protected":false},"excerpt":{"rendered":"<p>PHOTOGRAPHIC AUFNAHMETISCH DYNASUN WOS5007 100&#215;200 Maxi MIT NICHTREFLEKTIERBAREM OPAQUE PLEXIGLASS Shooting Table mit nichtreflektierbarem Opaque Plexiglas, Festklemmen und Lampenst\u00fctzen Beschreibung DynaSun WOS5007 Maxi Version photographic Aufnahmetisch beinhaltet ein leichtes Aluminiumgestell, ein nichtreflektierbares Opaque Plexiglas. Sie k\u00f6nnen auch nach Ihrem Wunsch Plexiglas, Masonite, Formica oder Veneer Oberfl\u00e4che zum Einsatz kommen lassen. Zu diesem komfortablen Set geh\u00f6ren&hellip; <br \/> <a class=\"read-more\" href=\"https:\/\/personalcity.net\/home\/produkt\/aufnahmetisch-fototisch-mit-hohlkehle-dynasun-pro-wos5007-mit-aufnahme-platte-100x200-studio\/\">Weiterlesen<\/a><\/p>\n","protected":false},"featured_media":4678,"comment_status":"open","ping_status":"closed","template":"","meta":[],"product_cat":[218],"product_tag":[],"class_list":{"0":"post-4677","1":"product","2":"type-product","3":"status-publish","4":"has-post-thumbnail","6":"product_cat-elektronik","8":"first","9":"outofstock","10":"shipping-taxable","11":"purchasable","12":"product-type-simple"},"_links":{"self":[{"href":"https:\/\/personalcity.net\/home\/wp-json\/wp\/v2\/product\/4677","targetHints":{"allow":["GET"]}}],"collection":[{"href":"https:\/\/personalcity.net\/home\/wp-json\/wp\/v2\/product"}],"about":[{"href":"https:\/\/personalcity.net\/home\/wp-json\/wp\/v2\/types\/product"}],"replies":[{"embeddable":true,"href":"https:\/\/personalcity.net\/home\/wp-json\/wp\/v2\/comments?post=4677"}],"wp:featuredmedia":[{"embeddable":true,"href":"https:\/\/personalcity.net\/home\/wp-json\/wp\/v2\/media\/4678"}],"wp:attachment":[{"href":"https:\/\/personalcity.net\/home\/wp-json\/wp\/v2\/media?parent=4677"}],"wp:term":[{"taxonomy":"product_cat","embeddable":true,"href":"https:\/\/personalcity.net\/home\/wp-json\/wp\/v2\/product_cat?post=4677"},{"taxonomy":"product_tag","embeddable":true,"href":"https:\/\/personalcity.net\/home\/wp-json\/wp\/v2\/product_tag?post=4677"}],"curies":[{"name":"wp","href":"https:\/\/api.w.org\/{rel}","templated":true}]}}