{"id":4697,"date":"2024-05-24T11:13:24","date_gmt":"2024-05-24T09:13:24","guid":{"rendered":"http:\/\/personalcity.net\/home\/produkt\/dynasun-ad-rh-adapter-anschluss-fuer-flash-blitz-richter-und-hensel\/"},"modified":"2025-04-28T15:47:27","modified_gmt":"2025-04-28T13:47:27","slug":"dynasun-ad-rh-adapter-anschluss-fuer-flash-blitz-richter-und-hensel","status":"publish","type":"product","link":"https:\/\/personalcity.net\/home\/produkt\/dynasun-ad-rh-adapter-anschluss-fuer-flash-blitz-richter-und-hensel\/","title":{"rendered":"DynaSun AD-RH Adapter Anschluss f\u00fcr Flash\/Blitz Richter und Hensel"},"content":{"rendered":"<p>DynaSun AD-RH Adapter Anschluss f\u00fcr Flash\/Blitz Richter und Hensel Beschreibung Mit diesem Adapter werden einige Zubeh\u00f6r DynaSun mit Blitz Richter und Hensel kompatibel sein. Technische Daten * Leicht und robust * Durchmesser Platte: 15,3cm * Innendurchmesser: 9,8cm * H\u00f6he: 2,5 cm * Gewicht: 122g * Farbe: Silber * F\u00fcr Blitz mit normalen Richter Hensel Anschluss Lieferumfang * DynaSun AD-RH Adapter f\u00fcr Flash Richter und Hensel<\/p>\n","protected":false},"excerpt":{"rendered":"<p>DynaSun AD-RH Adapter Anschluss f\u00fcr Flash\/Blitz Richter und Hensel Beschreibung Mit diesem Adapter werden einige Zubeh\u00f6r DynaSun mit Blitz Richter und Hensel kompatibel sein. Technische Daten * Leicht und robust * Durchmesser Platte: 15,3cm * Innendurchmesser: 9,8cm * H\u00f6he: 2,5 cm * Gewicht: 122g * Farbe: Silber * F\u00fcr Blitz mit normalen Richter Hensel Anschluss&hellip; <br \/> <a class=\"read-more\" href=\"https:\/\/personalcity.net\/home\/produkt\/dynasun-ad-rh-adapter-anschluss-fuer-flash-blitz-richter-und-hensel\/\">Weiterlesen<\/a><\/p>\n","protected":false},"featured_media":4698,"comment_status":"open","ping_status":"closed","template":"","meta":[],"product_cat":[218],"product_tag":[],"class_list":{"0":"post-4697","1":"product","2":"type-product","3":"status-publish","4":"has-post-thumbnail","6":"product_cat-elektronik","8":"first","9":"outofstock","10":"shipping-taxable","11":"purchasable","12":"product-type-simple"},"_links":{"self":[{"href":"https:\/\/personalcity.net\/home\/wp-json\/wp\/v2\/product\/4697","targetHints":{"allow":["GET"]}}],"collection":[{"href":"https:\/\/personalcity.net\/home\/wp-json\/wp\/v2\/product"}],"about":[{"href":"https:\/\/personalcity.net\/home\/wp-json\/wp\/v2\/types\/product"}],"replies":[{"embeddable":true,"href":"https:\/\/personalcity.net\/home\/wp-json\/wp\/v2\/comments?post=4697"}],"wp:featuredmedia":[{"embeddable":true,"href":"https:\/\/personalcity.net\/home\/wp-json\/wp\/v2\/media\/4698"}],"wp:attachment":[{"href":"https:\/\/personalcity.net\/home\/wp-json\/wp\/v2\/media?parent=4697"}],"wp:term":[{"taxonomy":"product_cat","embeddable":true,"href":"https:\/\/personalcity.net\/home\/wp-json\/wp\/v2\/product_cat?post=4697"},{"taxonomy":"product_tag","embeddable":true,"href":"https:\/\/personalcity.net\/home\/wp-json\/wp\/v2\/product_tag?post=4697"}],"curies":[{"name":"wp","href":"https:\/\/api.w.org\/{rel}","templated":true}]}}