{"id":4705,"date":"2024-05-24T11:13:30","date_gmt":"2024-05-24T09:13:30","guid":{"rendered":"http:\/\/personalcity.net\/home\/produkt\/dynasun-pro-pb1-xxl-150x150x150cm-faltbares-lichtwuerfel-lichtzelt-cubelight-fotostudio-fotozelt-mit-6-fotolampe-tisch-stativ-und-4-hintergrund\/"},"modified":"2025-04-28T15:47:27","modified_gmt":"2025-04-28T13:47:27","slug":"dynasun-pro-pb1-xxl-150x150x150cm-faltbares-lichtwuerfel-lichtzelt-cubelight-fotostudio-fotozelt-mit-6-fotolampe-tisch-stativ-und-4-hintergrund","status":"publish","type":"product","link":"https:\/\/personalcity.net\/home\/produkt\/dynasun-pro-pb1-xxl-150x150x150cm-faltbares-lichtwuerfel-lichtzelt-cubelight-fotostudio-fotozelt-mit-6-fotolampe-tisch-stativ-und-4-hintergrund\/","title":{"rendered":"DynaSun PRO PB1 XXL 150x150x150cm Faltbares Lichtw\u00fcrfel Lichtzelt Cubelight Fotostudio Fotozelt mit 6 Fotolampe, Tisch Stativ und 4 Hintergrund"},"content":{"rendered":"<p>Faltbares Lichtw\u00fcrfel Lichtzelt DynaSun PRO Cubelight PB1 150x150x150cm Fotostudio Fotozelt mit 6 Fotolampe, Tisch Stativ und 4 Hintergrund Beschreibung Lichtzelt PB01 Das DynaSun PB01 Lichtzelt ist ein kompaktes fotografisches Design-Zelt, indem Sie \u00e4u\u00dferst bequem die sch\u00f6nsten, gleichm\u00e4\u00dfig beleuchteten Bilder von Ihren Produkten aufnehmen k\u00f6nnen. Wenn Sie etwas Kompaktes und Kleines fotografieren m\u00f6chten, ist unser Lichtzelt PB01 genau das Richtige f\u00fcr Sie. Das Lichtzelt ist faltbar und wird zum einfachen Transport in einer sehr kompakten Tasche aufbewahrt. Das DynaSun PB01 Lichtzelt ist einfach aufzubauen und es erlaubt Ihnen, professionell und perfekt ausgeleuchtete Fotos Ihrer Produkte anzufertigen. Cleveres Design erm\u00f6glicht einen schnellen Auf- und Abbau. Durch die vordere \u00d6ffnung k\u00f6nnen Sie aus verschiedenen Winkeln fotografieren. Der Aufbau zu einem Studiogeh\u00e4use geht in Minutenschnelle und ist kinderleicht. Nun haben Sie die perfekte M\u00f6glichkeit beste Fotos f\u00fcr Ihre Webseite, Online Auktionen oder andere Zwecke aufzunehmen. Das DynaSun PB01 Lichtzelt besteht aus lichtdurchl\u00e4ssigem, haltbarem, neutralem Nylon im Rahmen. Je nach Erfordernis wird im Innern des Lichtzeltes mit nat\u00fcrlichem Licht von au\u00dfen oder von jedem m\u00f6glichem Winkel, ein komplett gleichm\u00e4\u00dfiges, nicht-reflektives Lichtverh\u00e4ltnis geschaffen. Damit werden die zu fotografierenden Objekte sehr sch\u00f6n im weichen Licht fotografiert und kommen so bestens zur Geltung. Studioleuchte HY50W Die DynaSun HY50 Studioleuchten mit Halogen-Reflektoren (50 W) haben einen integrierten Glas Diffusor und sorgen f\u00fcr optimale Lichtverh\u00e4ltnisse beim Fotografieren. Diese Studioleuchten HY50 sind schnell aufgebaut durch drei ausziehbare Standf\u00fc\u00dfe und damit auch geeignet f\u00fcr die Produkt-Fotografie im Fotozelt.<\/p>\n","protected":false},"excerpt":{"rendered":"<p>Faltbares Lichtw\u00fcrfel Lichtzelt DynaSun PRO Cubelight PB1 150x150x150cm Fotostudio Fotozelt mit 6 Fotolampe, Tisch Stativ und 4 Hintergrund Beschreibung Lichtzelt PB01 Das DynaSun PB01 Lichtzelt ist ein kompaktes fotografisches Design-Zelt, indem Sie \u00e4u\u00dferst bequem die sch\u00f6nsten, gleichm\u00e4\u00dfig beleuchteten Bilder von Ihren Produkten aufnehmen k\u00f6nnen. Wenn Sie etwas Kompaktes und Kleines fotografieren m\u00f6chten, ist unser Lichtzelt&hellip; <br \/> <a class=\"read-more\" href=\"https:\/\/personalcity.net\/home\/produkt\/dynasun-pro-pb1-xxl-150x150x150cm-faltbares-lichtwuerfel-lichtzelt-cubelight-fotostudio-fotozelt-mit-6-fotolampe-tisch-stativ-und-4-hintergrund\/\">Weiterlesen<\/a><\/p>\n","protected":false},"featured_media":4706,"comment_status":"open","ping_status":"closed","template":"","meta":[],"product_cat":[218],"product_tag":[],"class_list":{"0":"post-4705","1":"product","2":"type-product","3":"status-publish","4":"has-post-thumbnail","6":"product_cat-elektronik","8":"first","9":"outofstock","10":"shipping-taxable","11":"purchasable","12":"product-type-simple"},"_links":{"self":[{"href":"https:\/\/personalcity.net\/home\/wp-json\/wp\/v2\/product\/4705","targetHints":{"allow":["GET"]}}],"collection":[{"href":"https:\/\/personalcity.net\/home\/wp-json\/wp\/v2\/product"}],"about":[{"href":"https:\/\/personalcity.net\/home\/wp-json\/wp\/v2\/types\/product"}],"replies":[{"embeddable":true,"href":"https:\/\/personalcity.net\/home\/wp-json\/wp\/v2\/comments?post=4705"}],"wp:featuredmedia":[{"embeddable":true,"href":"https:\/\/personalcity.net\/home\/wp-json\/wp\/v2\/media\/4706"}],"wp:attachment":[{"href":"https:\/\/personalcity.net\/home\/wp-json\/wp\/v2\/media?parent=4705"}],"wp:term":[{"taxonomy":"product_cat","embeddable":true,"href":"https:\/\/personalcity.net\/home\/wp-json\/wp\/v2\/product_cat?post=4705"},{"taxonomy":"product_tag","embeddable":true,"href":"https:\/\/personalcity.net\/home\/wp-json\/wp\/v2\/product_tag?post=4705"}],"curies":[{"name":"wp","href":"https:\/\/api.w.org\/{rel}","templated":true}]}}