{"id":4707,"date":"2024-05-24T11:13:32","date_gmt":"2024-05-24T09:13:32","guid":{"rendered":"http:\/\/personalcity.net\/home\/produkt\/lichtwuerfel-lichtzelt-dynasun-pro-cubelight-fotobox-pb4-60-fotostudio-fotozelt-mit-4-hintergrund\/"},"modified":"2025-04-28T15:47:27","modified_gmt":"2025-04-28T13:47:27","slug":"lichtwuerfel-lichtzelt-dynasun-pro-cubelight-fotobox-pb4-60-fotostudio-fotozelt-mit-4-hintergrund","status":"publish","type":"product","link":"https:\/\/personalcity.net\/home\/produkt\/lichtwuerfel-lichtzelt-dynasun-pro-cubelight-fotobox-pb4-60-fotostudio-fotozelt-mit-4-hintergrund\/","title":{"rendered":"Lichtw\u00fcrfel Lichtzelt DynaSun PRO Cubelight Fotobox PB4 60 Fotostudio Fotozelt mit 4 Hintergrund"},"content":{"rendered":"<p>Lichtw\u00fcrfel Lichtzelt DynaSun PRO Cubelight Fotobox PB4 60x60cm Fotostudio Fotozelt mit 4 Hintergrund Beschreibung Wenn Sie etwas Kompaktes und Leichtes zum Photographieren haben m\u00f6chten, unser PB04 ist genau f\u00fcr Sie das Richtige. DynasSun PB04 Cube ist ein kompaktes photographisches Design-Zelt, womit Sie \u00e4u\u00dferst bequem die sch\u00f6nsten gleichm\u00e4\u00dfigen Bilder von Ihren Produkten aufnehmen k\u00f6nnen. Faltbares Design erm\u00f6glicht die Aufbewahrung in einer 60cm quadratischen Mappe f\u00fcr einfachen Transport. Nach schnellem Aufbau zu einem Studiogeh\u00e4use von 60cm lang haben Sie die beste M\u00f6glichkeit, die Bilder aufzunehmen f\u00fcr Ihre Webseite, Ihre bestimmte Online Auktionen und andere Zwecke. DynaSun PB04 ist ganz einfach aufzubauen und es erlaubt Ihnen, die professionellen und gleichm\u00e4\u00dfigen Bilder aller Ihrer Produkte aufzunehmen. Klevers Design erm\u00f6glicht einen schnellen Abbau. Vordere \u00d6ffnung erlaubt Ihnen, aus verschiedenen Winkeln zu photographieren. Objekte k\u00f6nnen im DynasSun PB04 Zelt mit maximalem nat\u00fcrlichem Licht von au\u00dfen fotografiert werden, oder kann von jedem m\u00f6glichem Winkel, wie z.B. von den Seiten, oben, R\u00fcckseite, Frontseite, beleuchtet werden. DynaSun PB04 besteht aus lichtdurchl\u00e4ssigem, haltbarem, neutralem Nylonrahmen, damit Ihr Produkt sch\u00f6n im weichen Licht photographiert wird. Das Innere erm\u00f6glicht ein komplett gleichm\u00e4\u00dfiges, non-reflectives Lichtverh\u00e4ltnis. Lieferumfang * Faltbares design DynaSun PB04 60x60x60cm * 4 Hintergr\u00fcnde<\/p>\n","protected":false},"excerpt":{"rendered":"<p>Lichtw\u00fcrfel Lichtzelt DynaSun PRO Cubelight Fotobox PB4 60x60cm Fotostudio Fotozelt mit 4 Hintergrund Beschreibung Wenn Sie etwas Kompaktes und Leichtes zum Photographieren haben m\u00f6chten, unser PB04 ist genau f\u00fcr Sie das Richtige. DynasSun PB04 Cube ist ein kompaktes photographisches Design-Zelt, womit Sie \u00e4u\u00dferst bequem die sch\u00f6nsten gleichm\u00e4\u00dfigen Bilder von Ihren Produkten aufnehmen k\u00f6nnen. Faltbares Design&hellip; <br \/> <a class=\"read-more\" href=\"https:\/\/personalcity.net\/home\/produkt\/lichtwuerfel-lichtzelt-dynasun-pro-cubelight-fotobox-pb4-60-fotostudio-fotozelt-mit-4-hintergrund\/\">Weiterlesen<\/a><\/p>\n","protected":false},"featured_media":4708,"comment_status":"open","ping_status":"closed","template":"","meta":[],"product_cat":[218],"product_tag":[],"class_list":{"0":"post-4707","1":"product","2":"type-product","3":"status-publish","4":"has-post-thumbnail","6":"product_cat-elektronik","8":"first","9":"outofstock","10":"shipping-taxable","11":"purchasable","12":"product-type-simple"},"_links":{"self":[{"href":"https:\/\/personalcity.net\/home\/wp-json\/wp\/v2\/product\/4707","targetHints":{"allow":["GET"]}}],"collection":[{"href":"https:\/\/personalcity.net\/home\/wp-json\/wp\/v2\/product"}],"about":[{"href":"https:\/\/personalcity.net\/home\/wp-json\/wp\/v2\/types\/product"}],"replies":[{"embeddable":true,"href":"https:\/\/personalcity.net\/home\/wp-json\/wp\/v2\/comments?post=4707"}],"wp:featuredmedia":[{"embeddable":true,"href":"https:\/\/personalcity.net\/home\/wp-json\/wp\/v2\/media\/4708"}],"wp:attachment":[{"href":"https:\/\/personalcity.net\/home\/wp-json\/wp\/v2\/media?parent=4707"}],"wp:term":[{"taxonomy":"product_cat","embeddable":true,"href":"https:\/\/personalcity.net\/home\/wp-json\/wp\/v2\/product_cat?post=4707"},{"taxonomy":"product_tag","embeddable":true,"href":"https:\/\/personalcity.net\/home\/wp-json\/wp\/v2\/product_tag?post=4707"}],"curies":[{"name":"wp","href":"https:\/\/api.w.org\/{rel}","templated":true}]}}