{"id":4711,"date":"2024-05-24T11:13:33","date_gmt":"2024-05-24T09:13:33","guid":{"rendered":"http:\/\/personalcity.net\/home\/produkt\/lichtwuerfel-lichtzelt-dynasun-cubelight-pb5l-40-fotostudio-fotozelt-stativ2-fotolampe4-hintergrund\/"},"modified":"2025-04-28T15:47:27","modified_gmt":"2025-04-28T13:47:27","slug":"lichtwuerfel-lichtzelt-dynasun-cubelight-pb5l-40-fotostudio-fotozelt-stativ2-fotolampe4-hintergrund","status":"publish","type":"product","link":"https:\/\/personalcity.net\/home\/produkt\/lichtwuerfel-lichtzelt-dynasun-cubelight-pb5l-40-fotostudio-fotozelt-stativ2-fotolampe4-hintergrund\/","title":{"rendered":"Lichtw\u00fcrfel Lichtzelt DynaSun Cubelight PB5L 40 Fotostudio Fotozelt Stativ,2 Fotolampe,4 Hintergrund"},"content":{"rendered":"<p>Lichtw\u00fcrfel Lichtzelt DynaSun Cubelight PB5L 40 Fotostudio Fotozelt Stativ, 2x Fotolampe, 4x Hintergrund Komplettes Set mit Softbox, Support, Stativ, 2 Holder, 2 Lampen, 4 Hintergr\u00fcnde Beschreibung Wenn Sie etwas Kompaktes und Leichtes zum Photographieren haben m\u00f6chten, unser PB05 ist genau f\u00fcr Sie das Richtige. DynasSun PB05 Cube ist ein kompaktes photographisches Design-Zelt, womit Sie \u00e4u\u00dferst bequem die sch\u00f6nsten gleichm\u00e4\u00dfigen Bilder von Ihren Produkten aufnehmen k\u00f6nnen. Faltbares Design erm\u00f6glicht die Aufbewahrung in einer 40cm quadratischen Mappe f\u00fcr einfachen Transport. Nach schnellem Aufbau zu einem Studiogeh\u00e4use von 40 cm lang haben Sie die beste M\u00f6glichkeit, die Bilder aufzunehmen f\u00fcr Ihre Webseite, Ihre bestimmte Online Auktionen und andere Zwecke. DynaSun PB05 ist ganz einfach aufzubauen und es erlaubt Ihnen, die professionellen und gleichm\u00e4\u00dfigen Bilder aller Ihrer Produkte aufzunehmen. Kleves Design erm\u00f6glicht einen schnellen Abbau. Vordere \u00d6ffnung erlaubt Ihnen, aus verschiedenen Winkeln zu photographieren. Objekte k\u00f6nnen im DynasSun PB05 Zelt mit maximalem nat\u00fcrlichem Licht von au\u00dfen fotografiert werden, oder kann von jedem m\u00f6glichem Winkel, wie z.B. von den Seiten, oben, R\u00fcckseite, Frontseite, beleuchtet werden. Sie k\u00f6nnen die Beleuchtung auch von unten anbringen, indem Sie das Zelt auf einem Shooting-Table aufstellen. Mitgeliefert sind je ein blauer, wei\u00dfer, schwarzer, roter Hintergrund, womit Sie beim Shooting-Termin das Schatten vom Licht vermeiden k\u00f6nnen und eine absolut ideale Rahmenbedingung schaffen. Lieferumfang * Faltbares design Lichtzelt Cube 40x40x40cm * 2 Holders * 2 Halogen Lampen * Unterteil f\u00fcr Monopod * Monopod * Roter Hintergrund * Wei\u00dfer Hintergrund * Schwarzer Hintergrund * Blauer Hintergrund<\/p>\n","protected":false},"excerpt":{"rendered":"<p>Lichtw\u00fcrfel Lichtzelt DynaSun Cubelight PB5L 40 Fotostudio Fotozelt Stativ, 2x Fotolampe, 4x Hintergrund Komplettes Set mit Softbox, Support, Stativ, 2 Holder, 2 Lampen, 4 Hintergr\u00fcnde Beschreibung Wenn Sie etwas Kompaktes und Leichtes zum Photographieren haben m\u00f6chten, unser PB05 ist genau f\u00fcr Sie das Richtige. DynasSun PB05 Cube ist ein kompaktes photographisches Design-Zelt, womit Sie \u00e4u\u00dferst&hellip; <br \/> <a class=\"read-more\" href=\"https:\/\/personalcity.net\/home\/produkt\/lichtwuerfel-lichtzelt-dynasun-cubelight-pb5l-40-fotostudio-fotozelt-stativ2-fotolampe4-hintergrund\/\">Weiterlesen<\/a><\/p>\n","protected":false},"featured_media":4712,"comment_status":"open","ping_status":"closed","template":"","meta":[],"product_cat":[218],"product_tag":[],"class_list":{"0":"post-4711","1":"product","2":"type-product","3":"status-publish","4":"has-post-thumbnail","6":"product_cat-elektronik","8":"first","9":"outofstock","10":"shipping-taxable","11":"purchasable","12":"product-type-simple"},"_links":{"self":[{"href":"https:\/\/personalcity.net\/home\/wp-json\/wp\/v2\/product\/4711","targetHints":{"allow":["GET"]}}],"collection":[{"href":"https:\/\/personalcity.net\/home\/wp-json\/wp\/v2\/product"}],"about":[{"href":"https:\/\/personalcity.net\/home\/wp-json\/wp\/v2\/types\/product"}],"replies":[{"embeddable":true,"href":"https:\/\/personalcity.net\/home\/wp-json\/wp\/v2\/comments?post=4711"}],"wp:featuredmedia":[{"embeddable":true,"href":"https:\/\/personalcity.net\/home\/wp-json\/wp\/v2\/media\/4712"}],"wp:attachment":[{"href":"https:\/\/personalcity.net\/home\/wp-json\/wp\/v2\/media?parent=4711"}],"wp:term":[{"taxonomy":"product_cat","embeddable":true,"href":"https:\/\/personalcity.net\/home\/wp-json\/wp\/v2\/product_cat?post=4711"},{"taxonomy":"product_tag","embeddable":true,"href":"https:\/\/personalcity.net\/home\/wp-json\/wp\/v2\/product_tag?post=4711"}],"curies":[{"name":"wp","href":"https:\/\/api.w.org\/{rel}","templated":true}]}}