{"id":4713,"date":"2024-05-24T11:13:34","date_gmt":"2024-05-24T09:13:34","guid":{"rendered":"http:\/\/personalcity.net\/home\/produkt\/dynasun-led440-40cm-professional-led-lichtwuerfel-lichtzelt-fotozeltwuerfel-softbox-fotostudio-fotozelt-mit-4-hintergruenden\/"},"modified":"2025-04-28T15:47:27","modified_gmt":"2025-04-28T13:47:27","slug":"dynasun-led440-40cm-professional-led-lichtwuerfel-lichtzelt-fotozeltwuerfel-softbox-fotostudio-fotozelt-mit-4-hintergruenden","status":"publish","type":"product","link":"https:\/\/personalcity.net\/home\/produkt\/dynasun-led440-40cm-professional-led-lichtwuerfel-lichtzelt-fotozeltwuerfel-softbox-fotostudio-fotozelt-mit-4-hintergruenden\/","title":{"rendered":"DynaSun LED440 40cm Professional LED Lichtw\u00fcrfel Lichtzelt Fotozeltw\u00fcrfel Softbox Fotostudio Fotozelt mit 4 Hintergr\u00fcnden"},"content":{"rendered":"<p>DynaSun LED440 40cm Professional LED Lichtw\u00fcrfel Lichtzelt Fotozeltw\u00fcrfel Softbox Fotostudio Fotozelt mit 4 Hintergr\u00fcnden (wei\u00df, schwarz, grau, orange) und integrierten LED Lichtern f\u00fcr Fotostudio, Foto und Video Beschreibung Das DynaSun LED440 Pro LED-Fotozelt ist ein w\u00fcrfelf\u00f6rmiges digitales Fotostudio, das jeder nutzen kann, um professionelle, farbauthentische und schattenfreie Fotografien zu erzeugen, die perfekt sind f\u00fcr Webseiten, Produktkataloge, Online-Auktionen, Qualit\u00e4tskontrollen, erweiterte Gesch\u00e4ftskommunikation und mehr. Montier es, setz etwas hinein und beginne noch heute damit, professionelle Bilder zu erzeugen. Eine gute Beleuchtung macht den Unterschied zwischen einem guten Bild und einem gro\u00dfartigen. F\u00fcr Mobilit\u00e4t entworfen kann diese Beleuchtungsumgebung mit jeder Digitalkamera genutzt werden, um ein professionelles Foto zu schie\u00dfen, dabei aber zugleich die Zeit f\u00fcr Fotovorbereitung und Bildbearbeitung dramatisch zu reduzieren. Die Licht-Box bietet immer wieder konsistente, ans Tageslicht angepasste Resultate und ist ideal f\u00fcr den Gebrauch mit digitalen SLR-Kameras. Das DynaSun LED440 Pro LED-Fotozelt besitzt Merkmale wie Tageslicht-LED-Lichtleisten, die von der Vorderseite der Box bis nach hinten laufen und so ein schattenloses Licht. Die flimmerfreie, farbkorrigierte (5500 K +\/- 200 K) LED-Lichtquelle wurde so gestaltet, dass sie die echten Farben von Schmuck, Sammlerst\u00fccken &#038; kommerziellen Produkten herausstellt. Die LED-Birnen verbrauchen wenig Energie, sind lang haltbar &#038; beseitigen die Notwendigkeit f\u00fcr h\u00e4ufigen Birnenwechsel. Das DynaSun LED440 Pro LED ist leicht zu montieren und wird dir erlauben, f\u00fcr all deine Produkte professionelle und konsistente Bilder zu kreieren. Ein intelligentes Design erlaubt die schnelle Demontage des Produkts.<\/p>\n","protected":false},"excerpt":{"rendered":"<p>DynaSun LED440 40cm Professional LED Lichtw\u00fcrfel Lichtzelt Fotozeltw\u00fcrfel Softbox Fotostudio Fotozelt mit 4 Hintergr\u00fcnden (wei\u00df, schwarz, grau, orange) und integrierten LED Lichtern f\u00fcr Fotostudio, Foto und Video Beschreibung Das DynaSun LED440 Pro LED-Fotozelt ist ein w\u00fcrfelf\u00f6rmiges digitales Fotostudio, das jeder nutzen kann, um professionelle, farbauthentische und schattenfreie Fotografien zu erzeugen, die perfekt sind f\u00fcr Webseiten,&hellip; <br \/> <a class=\"read-more\" href=\"https:\/\/personalcity.net\/home\/produkt\/dynasun-led440-40cm-professional-led-lichtwuerfel-lichtzelt-fotozeltwuerfel-softbox-fotostudio-fotozelt-mit-4-hintergruenden\/\">Weiterlesen<\/a><\/p>\n","protected":false},"featured_media":4714,"comment_status":"open","ping_status":"closed","template":"","meta":[],"product_cat":[218],"product_tag":[],"class_list":{"0":"post-4713","1":"product","2":"type-product","3":"status-publish","4":"has-post-thumbnail","6":"product_cat-elektronik","8":"first","9":"outofstock","10":"shipping-taxable","11":"purchasable","12":"product-type-simple"},"_links":{"self":[{"href":"https:\/\/personalcity.net\/home\/wp-json\/wp\/v2\/product\/4713","targetHints":{"allow":["GET"]}}],"collection":[{"href":"https:\/\/personalcity.net\/home\/wp-json\/wp\/v2\/product"}],"about":[{"href":"https:\/\/personalcity.net\/home\/wp-json\/wp\/v2\/types\/product"}],"replies":[{"embeddable":true,"href":"https:\/\/personalcity.net\/home\/wp-json\/wp\/v2\/comments?post=4713"}],"wp:featuredmedia":[{"embeddable":true,"href":"https:\/\/personalcity.net\/home\/wp-json\/wp\/v2\/media\/4714"}],"wp:attachment":[{"href":"https:\/\/personalcity.net\/home\/wp-json\/wp\/v2\/media?parent=4713"}],"wp:term":[{"taxonomy":"product_cat","embeddable":true,"href":"https:\/\/personalcity.net\/home\/wp-json\/wp\/v2\/product_cat?post=4713"},{"taxonomy":"product_tag","embeddable":true,"href":"https:\/\/personalcity.net\/home\/wp-json\/wp\/v2\/product_tag?post=4713"}],"curies":[{"name":"wp","href":"https:\/\/api.w.org\/{rel}","templated":true}]}}