{"id":4726,"date":"2024-05-24T11:13:42","date_gmt":"2024-05-24T09:13:42","guid":{"rendered":"http:\/\/personalcity.net\/home\/produkt\/studio-halogen-videoleuchte-videolicht-pro-dynasun-hy50-halogenlicht-fotolampe\/"},"modified":"2025-04-28T15:47:27","modified_gmt":"2025-04-28T13:47:27","slug":"studio-halogen-videoleuchte-videolicht-pro-dynasun-hy50-halogenlicht-fotolampe","status":"publish","type":"product","link":"https:\/\/personalcity.net\/home\/produkt\/studio-halogen-videoleuchte-videolicht-pro-dynasun-hy50-halogenlicht-fotolampe\/","title":{"rendered":"Studio Halogen Videoleuchte Videolicht Pro DynaSun HY50 Halogenlicht Fotolampe"},"content":{"rendered":"<p>DynaSun Pro HY50 50W Studio Halogen Videoleuchte Videolicht Fotoleuchte Studioleuchte inkl. Halogenlicht Fotolampe Beschreibung Die DynaSun HY50 Studioleuchten mit Halogen-Reflektoren (50 W) haben einen integrierten Glas Diffusor und sorgen f\u00fcr optimale Lichtverh\u00e4ltnisse beim Fotografieren. Diese Studioleuchten HY50 sind schnell aufgebaut durch drei ausziehbare Standf\u00fc\u00dfe und damit auch geeignet f\u00fcr die Produkt-Fotografie im Fotozelt. Starke Lichtausbeute mit extra hellem Licht wird durch die mitgelieferten 50 Watt Halogenlampen und die speziellen Glas Diffusorscheiben erzeugt. Dadurch lassen sich gro\u00dffl\u00e4chige und homogene Ausleuchtungen realisieren. Also: Perfektes Licht f\u00fcr perfekte Fotos. DynaSun HY50 mit 50 W Halogen-Reflektor mit integriertem Glas Diffusor sorgt f\u00fcr optimale Lichtverh\u00e4ltnisse beim Fotografieren. Schnell aufgebaut mit drei ausziehbaren Standf\u00fc\u00dfen. Auch geeignet f\u00fcr die Produkt-Fotografie im Fotozelt. Starke Lichtausbeute mit extra hellem Licht, erstens durch die mitgelieferte 50 Watt Tageslicht &#8211; Halogenlampe mit echten 5300 Kelvin und zweitens durch die im Leuchtmittel eingebaute spezielle Glas Diffusorscheibe, lassen sich gro\u00dffl\u00e4chige und homogene Fl\u00e4chenausleuchtung realisieren. Perfektes Licht f\u00fcr perfekte Bilder! Technische Daten * Halogenreflektor GU10 &#8211; 50 Watt * Farbtemperatur Daylight &#8211; 5300 Kelvin * 180\u00b0 schwenkbarer Leuchtk\u00f6rper * Integrierte spezielle Glas Diffusorscheibe * Schalter An\/Aus auf der R\u00fcckseite * \u00d8 Leuchtk\u00f6rper ca. 6,5 cm * Strom Spannung 2A &#8211; (220 &#8211; 240V) * Schnell aufgebaut mit drei ausziehbaren Standf\u00fc\u00dfen. * Optimal auch f\u00fcr die Produkt-Fotografie im Fotozelt geeignet Lieferumfang * Studioleuchte DynaSun HY50W mit integriertes Halogen Lampe<\/p>\n","protected":false},"excerpt":{"rendered":"<p>DynaSun Pro HY50 50W Studio Halogen Videoleuchte Videolicht Fotoleuchte Studioleuchte inkl. Halogenlicht Fotolampe Beschreibung Die DynaSun HY50 Studioleuchten mit Halogen-Reflektoren (50 W) haben einen integrierten Glas Diffusor und sorgen f\u00fcr optimale Lichtverh\u00e4ltnisse beim Fotografieren. Diese Studioleuchten HY50 sind schnell aufgebaut durch drei ausziehbare Standf\u00fc\u00dfe und damit auch geeignet f\u00fcr die Produkt-Fotografie im Fotozelt. Starke Lichtausbeute&hellip; <br \/> <a class=\"read-more\" href=\"https:\/\/personalcity.net\/home\/produkt\/studio-halogen-videoleuchte-videolicht-pro-dynasun-hy50-halogenlicht-fotolampe\/\">Weiterlesen<\/a><\/p>\n","protected":false},"featured_media":4727,"comment_status":"open","ping_status":"closed","template":"","meta":[],"product_cat":[218],"product_tag":[],"class_list":{"0":"post-4726","1":"product","2":"type-product","3":"status-publish","4":"has-post-thumbnail","6":"product_cat-elektronik","8":"first","9":"outofstock","10":"shipping-taxable","11":"purchasable","12":"product-type-simple"},"_links":{"self":[{"href":"https:\/\/personalcity.net\/home\/wp-json\/wp\/v2\/product\/4726","targetHints":{"allow":["GET"]}}],"collection":[{"href":"https:\/\/personalcity.net\/home\/wp-json\/wp\/v2\/product"}],"about":[{"href":"https:\/\/personalcity.net\/home\/wp-json\/wp\/v2\/types\/product"}],"replies":[{"embeddable":true,"href":"https:\/\/personalcity.net\/home\/wp-json\/wp\/v2\/comments?post=4726"}],"wp:featuredmedia":[{"embeddable":true,"href":"https:\/\/personalcity.net\/home\/wp-json\/wp\/v2\/media\/4727"}],"wp:attachment":[{"href":"https:\/\/personalcity.net\/home\/wp-json\/wp\/v2\/media?parent=4726"}],"wp:term":[{"taxonomy":"product_cat","embeddable":true,"href":"https:\/\/personalcity.net\/home\/wp-json\/wp\/v2\/product_cat?post=4726"},{"taxonomy":"product_tag","embeddable":true,"href":"https:\/\/personalcity.net\/home\/wp-json\/wp\/v2\/product_tag?post=4726"}],"curies":[{"name":"wp","href":"https:\/\/api.w.org\/{rel}","templated":true}]}}