{"id":4736,"date":"2024-05-24T11:13:45","date_gmt":"2024-05-24T09:13:45","guid":{"rendered":"http:\/\/personalcity.net\/home\/produkt\/dynasun-profi-kit-h2258w957-reflektorhalter-teleskoparm-mit-hintergrund-falthintergrund-2in1-faltbar-dynasun-re2010bg-150x200cm-xxl-blau-gruen-mit-stativ-w957\/"},"modified":"2025-04-28T15:46:45","modified_gmt":"2025-04-28T13:46:45","slug":"dynasun-profi-kit-h2258w957-reflektorhalter-teleskoparm-mit-hintergrund-falthintergrund-2in1-faltbar-dynasun-re2010bg-150x200cm-xxl-blau-gruen-mit-stativ-w957","status":"publish","type":"product","link":"https:\/\/personalcity.net\/home\/produkt\/dynasun-profi-kit-h2258w957-reflektorhalter-teleskoparm-mit-hintergrund-falthintergrund-2in1-faltbar-dynasun-re2010bg-150x200cm-xxl-blau-gruen-mit-stativ-w957\/","title":{"rendered":"DynaSun Profi Kit H2258W957 Reflektorhalter Teleskoparm mit Hintergrund Falthintergrund 2in1 faltbar DynaSun RE2010BG 150x200cm XXL Blau Gr\u00fcn mit Stativ W957"},"content":{"rendered":"<p>DynaSun Profi Kit H2258W957 Reflektorhalter Teleskoparm mit Hintergrund Falthintergrund 2in1 faltbar DynaSun RE2010BG 150x200cm XXL Blau Gr\u00fcn mit Stativ W957 Beschreibung Faltbarer Hintergrund RE2010 Blau\/Gr\u00fcn Unser DynaSun RE2010 Blau\/Gr\u00fcn 150x200cm faltbarer Hintergrund wird viel im Studio oder bei der Dreharbeit angewendet, wo ein Hintergrund digital addiert wird. Mir diesen transportablen Falthintergrund arbeiten Sie flexibel im Studio wie auch im Freien. Die Vorder- und Ruckseite ist in Blau und Gr\u00fcn ausgef\u00fchrt. DynaSun RE2010 Blau\/Gr\u00fcn ist eine perfekte L\u00f6sung f\u00fcr einen einfach anwendbaren und v\u00f6llig beweglichen Hintergrund. Die Hintergr\u00fcnde sind extrem beweglich (Wahl der Farbe h\u00e4ngt von den dominierenden Farben des Themas). Er ist einfach zu verwenden und einfach zusammenzufalten. Reflektorhalter Teleskoparm H2258 Der DynaSun H2258W957 Lichtreflektor Disc Halterungsarm zeichnet sich durch sein einwandfrei funktionierendes Kugel-Gelenksystem aus. Es ist ein ideales Zusatzger\u00e4t f\u00fcr die exakte Positionierung der Reflektoren und der faltbaren Hintergrundprodukte. Der DynaSun H2258W957 h\u00e4lt praktisch alle Art Reflektoren (Rundscheiben, quadratische oder rechteckige). Die L\u00e4nge des Armes ist 175cm. Er passt zu allen Arten von Reflektoren. Lampenstativ W957Das sehr stabile Lampenstativ von DynaSun W957 Pro Studio ist f\u00fcr mittelgro\u00dfe und gr\u00f6\u00dfere Blitze und Studio leuchten geeignet. Diese sehr stabilen Lampenstative f\u00fcr den professionellen Fotografen eignen sich auch hervorragend f\u00fcr Studioblitze, Tageslichtlampen, Reflektoren oder andere Ger\u00e4te mit einem Eigengewicht von bis zu 6kg. Das sehr gut verarbeitete Stativ ist, mit weniger als 2,0kg, portabel und flexibel einsetzbar. Federd\u00e4mpfung sorgt f\u00fcr Sicherheit Ihrer Ger\u00e4te. Mit dem Standard-Spigot Anschluss 5\/8&#8243; ist das DynaSun W957 f\u00fcr alle \u00fcblichen Studio leuchten und Studioblitze geeignet.<\/p>\n","protected":false},"excerpt":{"rendered":"<p>DynaSun Profi Kit H2258W957 Reflektorhalter Teleskoparm mit Hintergrund Falthintergrund 2in1 faltbar DynaSun RE2010BG 150x200cm XXL Blau Gr\u00fcn mit Stativ W957 Beschreibung Faltbarer Hintergrund RE2010 Blau\/Gr\u00fcn Unser DynaSun RE2010 Blau\/Gr\u00fcn 150x200cm faltbarer Hintergrund wird viel im Studio oder bei der Dreharbeit angewendet, wo ein Hintergrund digital addiert wird. Mir diesen transportablen Falthintergrund arbeiten Sie flexibel im&hellip; <br \/> <a class=\"read-more\" href=\"https:\/\/personalcity.net\/home\/produkt\/dynasun-profi-kit-h2258w957-reflektorhalter-teleskoparm-mit-hintergrund-falthintergrund-2in1-faltbar-dynasun-re2010bg-150x200cm-xxl-blau-gruen-mit-stativ-w957\/\">Weiterlesen<\/a><\/p>\n","protected":false},"featured_media":4737,"comment_status":"open","ping_status":"closed","template":"","meta":[],"product_cat":[218],"product_tag":[],"class_list":{"0":"post-4736","1":"product","2":"type-product","3":"status-publish","4":"has-post-thumbnail","6":"product_cat-elektronik","8":"first","9":"outofstock","10":"shipping-taxable","11":"purchasable","12":"product-type-simple"},"_links":{"self":[{"href":"https:\/\/personalcity.net\/home\/wp-json\/wp\/v2\/product\/4736","targetHints":{"allow":["GET"]}}],"collection":[{"href":"https:\/\/personalcity.net\/home\/wp-json\/wp\/v2\/product"}],"about":[{"href":"https:\/\/personalcity.net\/home\/wp-json\/wp\/v2\/types\/product"}],"replies":[{"embeddable":true,"href":"https:\/\/personalcity.net\/home\/wp-json\/wp\/v2\/comments?post=4736"}],"wp:featuredmedia":[{"embeddable":true,"href":"https:\/\/personalcity.net\/home\/wp-json\/wp\/v2\/media\/4737"}],"wp:attachment":[{"href":"https:\/\/personalcity.net\/home\/wp-json\/wp\/v2\/media?parent=4736"}],"wp:term":[{"taxonomy":"product_cat","embeddable":true,"href":"https:\/\/personalcity.net\/home\/wp-json\/wp\/v2\/product_cat?post=4736"},{"taxonomy":"product_tag","embeddable":true,"href":"https:\/\/personalcity.net\/home\/wp-json\/wp\/v2\/product_tag?post=4736"}],"curies":[{"name":"wp","href":"https:\/\/api.w.org\/{rel}","templated":true}]}}