{"id":4740,"date":"2024-05-24T11:13:47","date_gmt":"2024-05-24T09:13:47","guid":{"rendered":"http:\/\/personalcity.net\/home\/produkt\/falt-diffusor-blitz-softbox-dynasun-re2019-xl-silber-gold-faltreflektor-fuer-kamerablitz\/"},"modified":"2025-04-28T15:46:45","modified_gmt":"2025-04-28T13:46:45","slug":"falt-diffusor-blitz-softbox-dynasun-re2019-xl-silber-gold-faltreflektor-fuer-kamerablitz","status":"publish","type":"product","link":"https:\/\/personalcity.net\/home\/produkt\/falt-diffusor-blitz-softbox-dynasun-re2019-xl-silber-gold-faltreflektor-fuer-kamerablitz\/","title":{"rendered":"Falt Diffusor Blitz Softbox DynaSun RE2019 XL Silber Gold Faltreflektor f\u00fcr Kamerablitz"},"content":{"rendered":"<p>Falt Diffusor Blitz Softbox DynaSun RE2019 XL Silber Gold Faltreflektor Beschreibung Durch den Blitz Reflektor DynaSun RE2019 wird das Blitzlicht gestreut, um ein weiches Licht zu erzeugen und um st\u00f6rende Reflexe zu reduzieren. Auch Schatten werden dadurch weicher. Mit diesem Reklektor erzeugt ihr Blitzger\u00e4t gleichm\u00e4\u00dfiges und weiches Licht &#8211; Harte Schatten werden weicher und heller. Silber: Der silberne Reflektor produziert einen scharfen Kontrast. Er wird \u00f6fter in der Photographie wie Stillleben, Warenpr\u00e4sentation, Portrait eingesetzt. Die feine Oberfl\u00e4che kann hoch stilisiert werden und die Farben werden durch starke Widerspiegelung besser dargestellt. Er wird auch oft in B\/W Photographie eingesetzt. Gold: Goldner Reflektor produziert einen sonnigen Effekt, gibt warmes Gef\u00fchl und sanfte Hautfarbe. Er ist geeignet f\u00fcr Portrait, auch f\u00fcr Warenphotographie. Technische Daten * Reduziert \u00dcberblitzungen und st\u00f6rende Blitz Reflektionen * Loch f\u00fcr Objektiv: ca. 7cm flexibel * Gr\u00f6\u00dfe: 30cm * Tasche Lieferumfang * Reflektor Blitz DynaSun RE2019 * Tragtasche<\/p>\n","protected":false},"excerpt":{"rendered":"<p>Falt Diffusor Blitz Softbox DynaSun RE2019 XL Silber Gold Faltreflektor Beschreibung Durch den Blitz Reflektor DynaSun RE2019 wird das Blitzlicht gestreut, um ein weiches Licht zu erzeugen und um st\u00f6rende Reflexe zu reduzieren. Auch Schatten werden dadurch weicher. Mit diesem Reklektor erzeugt ihr Blitzger\u00e4t gleichm\u00e4\u00dfiges und weiches Licht &#8211; Harte Schatten werden weicher und heller.&hellip; <br \/> <a class=\"read-more\" href=\"https:\/\/personalcity.net\/home\/produkt\/falt-diffusor-blitz-softbox-dynasun-re2019-xl-silber-gold-faltreflektor-fuer-kamerablitz\/\">Weiterlesen<\/a><\/p>\n","protected":false},"featured_media":4741,"comment_status":"open","ping_status":"closed","template":"","meta":[],"product_cat":[218],"product_tag":[],"class_list":{"0":"post-4740","1":"product","2":"type-product","3":"status-publish","4":"has-post-thumbnail","6":"product_cat-elektronik","8":"first","9":"outofstock","10":"shipping-taxable","11":"purchasable","12":"product-type-simple"},"_links":{"self":[{"href":"https:\/\/personalcity.net\/home\/wp-json\/wp\/v2\/product\/4740","targetHints":{"allow":["GET"]}}],"collection":[{"href":"https:\/\/personalcity.net\/home\/wp-json\/wp\/v2\/product"}],"about":[{"href":"https:\/\/personalcity.net\/home\/wp-json\/wp\/v2\/types\/product"}],"replies":[{"embeddable":true,"href":"https:\/\/personalcity.net\/home\/wp-json\/wp\/v2\/comments?post=4740"}],"wp:featuredmedia":[{"embeddable":true,"href":"https:\/\/personalcity.net\/home\/wp-json\/wp\/v2\/media\/4741"}],"wp:attachment":[{"href":"https:\/\/personalcity.net\/home\/wp-json\/wp\/v2\/media?parent=4740"}],"wp:term":[{"taxonomy":"product_cat","embeddable":true,"href":"https:\/\/personalcity.net\/home\/wp-json\/wp\/v2\/product_cat?post=4740"},{"taxonomy":"product_tag","embeddable":true,"href":"https:\/\/personalcity.net\/home\/wp-json\/wp\/v2\/product_tag?post=4740"}],"curies":[{"name":"wp","href":"https:\/\/api.w.org\/{rel}","templated":true}]}}