{"id":4742,"date":"2024-05-24T11:13:47","date_gmt":"2024-05-24T09:13:47","guid":{"rendered":"http:\/\/personalcity.net\/home\/produkt\/hintergrundreflektor-dynasun-pro-rbo18-standard-reflektor-fuer-blitz-mit-bowens-bajonett\/"},"modified":"2025-04-28T15:46:45","modified_gmt":"2025-04-28T13:46:45","slug":"hintergrundreflektor-dynasun-pro-rbo18-standard-reflektor-fuer-blitz-mit-bowens-bajonett","status":"publish","type":"product","link":"https:\/\/personalcity.net\/home\/produkt\/hintergrundreflektor-dynasun-pro-rbo18-standard-reflektor-fuer-blitz-mit-bowens-bajonett\/","title":{"rendered":"Hintergrundreflektor DynaSun PRO RBO18 Standard Reflektor f\u00fcr Blitz mit Bowens-Bajonett"},"content":{"rendered":"<p>Hintergrundreflektor Lichtformer DynaSun PRO RBO18 Reflektor f\u00fcr Blitz Studioblitze mit Bowens-Bajonett Beschreibung Standard geformter Reflektor zur effektvollen Beleuchtung des Hintergrunds. Dieser Standard Reflektor eignet sich f\u00fcr alle Studioblitze standard anschluss bajonett typ -S. Dieser Reflektor wird einfach auf das Geh\u00e4use des Studioblitzes gesteckt. Mit Hilfe des Reflektors l\u00e4sst sich der Lichtwinkel einschr\u00e4nken. Besonders gut geeignet f\u00fcr Pass,- und Portr\u00e4taufnahmen, mit diesem Reflektor ist es sehr einfach, gleichm\u00e4\u00dfige Verl\u00e4ufe auf dem Hintergrund zu erzeugen. Geeignet f\u00fcr Studioblitze und Studioleuchten mit Bowens-Bajonett. Kontrollieren Sie das Licht mit diesem Hintergrund-Reflektor. Lieferumfang * Reflektor Lichtformer DynaSun PRO RBO18<\/p>\n","protected":false},"excerpt":{"rendered":"<p>Hintergrundreflektor Lichtformer DynaSun PRO RBO18 Reflektor f\u00fcr Blitz Studioblitze mit Bowens-Bajonett Beschreibung Standard geformter Reflektor zur effektvollen Beleuchtung des Hintergrunds. Dieser Standard Reflektor eignet sich f\u00fcr alle Studioblitze standard anschluss bajonett typ -S. Dieser Reflektor wird einfach auf das Geh\u00e4use des Studioblitzes gesteckt. Mit Hilfe des Reflektors l\u00e4sst sich der Lichtwinkel einschr\u00e4nken. Besonders gut geeignet&hellip; <br \/> <a class=\"read-more\" href=\"https:\/\/personalcity.net\/home\/produkt\/hintergrundreflektor-dynasun-pro-rbo18-standard-reflektor-fuer-blitz-mit-bowens-bajonett\/\">Weiterlesen<\/a><\/p>\n","protected":false},"featured_media":4743,"comment_status":"open","ping_status":"closed","template":"","meta":[],"product_cat":[218],"product_tag":[],"class_list":{"0":"post-4742","1":"product","2":"type-product","3":"status-publish","4":"has-post-thumbnail","6":"product_cat-elektronik","8":"first","9":"outofstock","10":"shipping-taxable","11":"purchasable","12":"product-type-simple"},"_links":{"self":[{"href":"https:\/\/personalcity.net\/home\/wp-json\/wp\/v2\/product\/4742","targetHints":{"allow":["GET"]}}],"collection":[{"href":"https:\/\/personalcity.net\/home\/wp-json\/wp\/v2\/product"}],"about":[{"href":"https:\/\/personalcity.net\/home\/wp-json\/wp\/v2\/types\/product"}],"replies":[{"embeddable":true,"href":"https:\/\/personalcity.net\/home\/wp-json\/wp\/v2\/comments?post=4742"}],"wp:featuredmedia":[{"embeddable":true,"href":"https:\/\/personalcity.net\/home\/wp-json\/wp\/v2\/media\/4743"}],"wp:attachment":[{"href":"https:\/\/personalcity.net\/home\/wp-json\/wp\/v2\/media?parent=4742"}],"wp:term":[{"taxonomy":"product_cat","embeddable":true,"href":"https:\/\/personalcity.net\/home\/wp-json\/wp\/v2\/product_cat?post=4742"},{"taxonomy":"product_tag","embeddable":true,"href":"https:\/\/personalcity.net\/home\/wp-json\/wp\/v2\/product_tag?post=4742"}],"curies":[{"name":"wp","href":"https:\/\/api.w.org\/{rel}","templated":true}]}}