{"id":4748,"date":"2024-05-24T11:13:50","date_gmt":"2024-05-24T09:13:50","guid":{"rendered":"http:\/\/personalcity.net\/home\/produkt\/dynasun-pro-cs04-hintergrundreflektor-lichtformer-beauty-model-reflektor-fuer-blitz-studioblitze-mit-bowens-bajonett\/"},"modified":"2025-04-28T15:46:45","modified_gmt":"2025-04-28T13:46:45","slug":"dynasun-pro-cs04-hintergrundreflektor-lichtformer-beauty-model-reflektor-fuer-blitz-studioblitze-mit-bowens-bajonett","status":"publish","type":"product","link":"https:\/\/personalcity.net\/home\/produkt\/dynasun-pro-cs04-hintergrundreflektor-lichtformer-beauty-model-reflektor-fuer-blitz-studioblitze-mit-bowens-bajonett\/","title":{"rendered":"DynaSun PRO CS04 Hintergrundreflektor Lichtformer Beauty Model Reflektor f\u00fcr Blitz Studioblitze mit Bowens-Bajonett"},"content":{"rendered":"<p>Hintergrundreflektor Lichtformer DynaSun PRO CS04 Beauty Model Reflektor f\u00fcr Blitz Studioblitze mit Bowens-Bajonett Beschreibung Speziell geformter Reflektor zur effektvollen Beleuchtung des Hintergrunds. Dieser Standard Reflektor eignet sich f\u00fcr alle Studioblitze standard anschluss bajonett typ -S. Dieser Reflektor wird einfach auf das Geh\u00e4use des Studioblitzes gesteckt. Mit Hilfe des Reflektors l\u00e4sst sich der Lichtwinkel auf ungef\u00e4hr Schr\u00e4g einschr\u00e4nken. Besonders gut geeignet f\u00fcr Pass,- und Portr\u00e4taufnahmen, mit diesem Reflektor ist es sehr einfach, gleichm\u00e4\u00dfige Verl\u00e4ufe auf dem Hintergrund zu erzeugen. Geeignet f\u00fcr Studioblitze und Studioleuchten mit Bowens-Bajonett. Kontrollieren Sie das Licht mit diesem Hintergrund-Reflektor. Technische Daten * L\u00e4nge: 34cm * Schr\u00e4gdurchmesser max: 30cm * Schr\u00e4gdurchmesser min: 18cm * Hochwertige silberne Reflektorinnenbeschichtung * F\u00fcr professionelle kontrollierte Lichtquelle * F\u00fcr Flash Heads Blitzger\u00e4te mit Bowens Typ -S standard Anschluss Lieferumfang * Reflektor Lichtformer DynaSun CS04 Beauty Model<\/p>\n","protected":false},"excerpt":{"rendered":"<p>Hintergrundreflektor Lichtformer DynaSun PRO CS04 Beauty Model Reflektor f\u00fcr Blitz Studioblitze mit Bowens-Bajonett Beschreibung Speziell geformter Reflektor zur effektvollen Beleuchtung des Hintergrunds. Dieser Standard Reflektor eignet sich f\u00fcr alle Studioblitze standard anschluss bajonett typ -S. Dieser Reflektor wird einfach auf das Geh\u00e4use des Studioblitzes gesteckt. Mit Hilfe des Reflektors l\u00e4sst sich der Lichtwinkel auf ungef\u00e4hr&hellip; <br \/> <a class=\"read-more\" href=\"https:\/\/personalcity.net\/home\/produkt\/dynasun-pro-cs04-hintergrundreflektor-lichtformer-beauty-model-reflektor-fuer-blitz-studioblitze-mit-bowens-bajonett\/\">Weiterlesen<\/a><\/p>\n","protected":false},"featured_media":4749,"comment_status":"open","ping_status":"closed","template":"","meta":[],"product_cat":[218],"product_tag":[],"class_list":{"0":"post-4748","1":"product","2":"type-product","3":"status-publish","4":"has-post-thumbnail","6":"product_cat-elektronik","8":"first","9":"outofstock","10":"shipping-taxable","11":"purchasable","12":"product-type-simple"},"_links":{"self":[{"href":"https:\/\/personalcity.net\/home\/wp-json\/wp\/v2\/product\/4748","targetHints":{"allow":["GET"]}}],"collection":[{"href":"https:\/\/personalcity.net\/home\/wp-json\/wp\/v2\/product"}],"about":[{"href":"https:\/\/personalcity.net\/home\/wp-json\/wp\/v2\/types\/product"}],"replies":[{"embeddable":true,"href":"https:\/\/personalcity.net\/home\/wp-json\/wp\/v2\/comments?post=4748"}],"wp:featuredmedia":[{"embeddable":true,"href":"https:\/\/personalcity.net\/home\/wp-json\/wp\/v2\/media\/4749"}],"wp:attachment":[{"href":"https:\/\/personalcity.net\/home\/wp-json\/wp\/v2\/media?parent=4748"}],"wp:term":[{"taxonomy":"product_cat","embeddable":true,"href":"https:\/\/personalcity.net\/home\/wp-json\/wp\/v2\/product_cat?post=4748"},{"taxonomy":"product_tag","embeddable":true,"href":"https:\/\/personalcity.net\/home\/wp-json\/wp\/v2\/product_tag?post=4748"}],"curies":[{"name":"wp","href":"https:\/\/api.w.org\/{rel}","templated":true}]}}