{"id":4752,"date":"2024-05-24T11:13:51","date_gmt":"2024-05-24T09:13:51","guid":{"rendered":"http:\/\/personalcity.net\/home\/produkt\/stativrollen-set-dynasun-3x-sa75a-lampenstativrollen-mit-bremse-fuer-lampenstativ-studiostativ-fotostativ-videostativ-mit-%cf%8625mm\/"},"modified":"2025-04-28T15:46:45","modified_gmt":"2025-04-28T13:46:45","slug":"stativrollen-set-dynasun-3x-sa75a-lampenstativrollen-mit-bremse-fuer-lampenstativ-studiostativ-fotostativ-videostativ-mit-%cf%8625mm","status":"publish","type":"product","link":"https:\/\/personalcity.net\/home\/produkt\/stativrollen-set-dynasun-3x-sa75a-lampenstativrollen-mit-bremse-fuer-lampenstativ-studiostativ-fotostativ-videostativ-mit-%cf%8625mm\/","title":{"rendered":"Stativrollen-Set DynaSun 3x SA75A Lampenstativrollen mit Bremse f\u00fcr Lampenstativ, Studiostativ, Fotostativ, Videostativ mit \u03a625mm"},"content":{"rendered":"<p>Stativrollen-Set DynaSun 3x SA75A Lampenstativrollen mit Bremse f\u00fcr Lampenstativ, Studiostativ, Fotostativ, Videostativ mit \u03a625mm Beschreibung Die Stativrollen Set DynaSun 3x SA75A verhelfen Ihnen zu mehr Mobilit\u00e4t und somit Zeitgewinn im Studio. Sie erleichtern Ihnen Ihre Arbeit bei der Ausrichtung und schnellen Positionierung Ihrer Studioblitzger\u00e4te. Die integrierte Feststellbremese an jeder einzelnen Rolle sorgt f\u00fcr einen sicheren Stand. F\u00fcr Stative mit einem Beindurchmesser mit einem Beindurchmesser von \u03a625mm Technische Daten * Leichtg\u00e4ngige und robuste Stativrollen * Material Struktur: Metall, Rollen: Hartgummi * Integrierter Feststellbremse * F\u00fcr Stative mit einem Beindurchmesser mit einem Beindurchmesser von \u03a625mm * Masse: 18x13cm * Gewicht: 470 g * Durchmesser der Rollen: 75mm * Breite der Rollen: 20mm Lieferumfang * Stativrollen-Set DynaSun 3x SA75A<\/p>\n","protected":false},"excerpt":{"rendered":"<p>Stativrollen-Set DynaSun 3x SA75A Lampenstativrollen mit Bremse f\u00fcr Lampenstativ, Studiostativ, Fotostativ, Videostativ mit \u03a625mm Beschreibung Die Stativrollen Set DynaSun 3x SA75A verhelfen Ihnen zu mehr Mobilit\u00e4t und somit Zeitgewinn im Studio. Sie erleichtern Ihnen Ihre Arbeit bei der Ausrichtung und schnellen Positionierung Ihrer Studioblitzger\u00e4te. Die integrierte Feststellbremese an jeder einzelnen Rolle sorgt f\u00fcr einen sicheren&hellip; <br \/> <a class=\"read-more\" href=\"https:\/\/personalcity.net\/home\/produkt\/stativrollen-set-dynasun-3x-sa75a-lampenstativrollen-mit-bremse-fuer-lampenstativ-studiostativ-fotostativ-videostativ-mit-%cf%8625mm\/\">Weiterlesen<\/a><\/p>\n","protected":false},"featured_media":4753,"comment_status":"open","ping_status":"closed","template":"","meta":[],"product_cat":[218],"product_tag":[],"class_list":{"0":"post-4752","1":"product","2":"type-product","3":"status-publish","4":"has-post-thumbnail","6":"product_cat-elektronik","8":"first","9":"outofstock","10":"shipping-taxable","11":"purchasable","12":"product-type-simple"},"_links":{"self":[{"href":"https:\/\/personalcity.net\/home\/wp-json\/wp\/v2\/product\/4752","targetHints":{"allow":["GET"]}}],"collection":[{"href":"https:\/\/personalcity.net\/home\/wp-json\/wp\/v2\/product"}],"about":[{"href":"https:\/\/personalcity.net\/home\/wp-json\/wp\/v2\/types\/product"}],"replies":[{"embeddable":true,"href":"https:\/\/personalcity.net\/home\/wp-json\/wp\/v2\/comments?post=4752"}],"wp:featuredmedia":[{"embeddable":true,"href":"https:\/\/personalcity.net\/home\/wp-json\/wp\/v2\/media\/4753"}],"wp:attachment":[{"href":"https:\/\/personalcity.net\/home\/wp-json\/wp\/v2\/media?parent=4752"}],"wp:term":[{"taxonomy":"product_cat","embeddable":true,"href":"https:\/\/personalcity.net\/home\/wp-json\/wp\/v2\/product_cat?post=4752"},{"taxonomy":"product_tag","embeddable":true,"href":"https:\/\/personalcity.net\/home\/wp-json\/wp\/v2\/product_tag?post=4752"}],"curies":[{"name":"wp","href":"https:\/\/api.w.org\/{rel}","templated":true}]}}