{"id":4759,"date":"2024-05-24T11:13:55","date_gmt":"2024-05-24T09:13:55","guid":{"rendered":"http:\/\/personalcity.net\/home\/produkt\/dynasun-faltreflektor-pro-5in1-91x122cm-zusammenfaltbarer-reflektor-in-5-farben-golden-perleweiss-silbern-schwarz-und-softdiffusor\/"},"modified":"2025-04-28T15:46:45","modified_gmt":"2025-04-28T13:46:45","slug":"dynasun-faltreflektor-pro-5in1-91x122cm-zusammenfaltbarer-reflektor-in-5-farben-golden-perleweiss-silbern-schwarz-und-softdiffusor","status":"publish","type":"product","link":"https:\/\/personalcity.net\/home\/produkt\/dynasun-faltreflektor-pro-5in1-91x122cm-zusammenfaltbarer-reflektor-in-5-farben-golden-perleweiss-silbern-schwarz-und-softdiffusor\/","title":{"rendered":"DynaSun Faltreflektor PRO 5in1 91x122cm Zusammenfaltbarer Reflektor in 5 Farben: Golden, Perlewei\u00df, Silbern, Schwarz und Softdiffusor"},"content":{"rendered":"<p>Original Faltreflektor 5in1 DynaSun WOS2002 91x122cm XXL OVAL JUMBO VERSION Zusammenfaltbarer Reflektor Leicht und Handlich In 5 Farben: Golden, Perlewei\u00df, Silbern, Schwarz und Softdiffusor Beschreibung DynaSun WOS2002 91x122cm, 5 in 1 Reflektor-Set beinhaltet 5 h\u00e4ufig benutzte Reflektoren in heutiger Photographie-Welt. Die reflektierenden Oberfl\u00e4chen sind in einer Tragtasche zu erhalten. Ob Sie die lichtdurchl\u00e4ssige Oberfl\u00e4che, um dem Bild ein sanftes Touch zu geben, oder ob Sie den silbernen Reflektor nutzen, um das Licht einfach zu reflektieren, oder ob Sie den goldenen einsetzen, um dem Licht einen warmen Ton zu geben, alles liegt in Ihren H\u00e4nden. Diese Tasche l\u00e4sst sich auch zusammenfalten, damit sie handlich ist. Silber: Der silberne Reflektor produziert einen scharfen Kontrast. Er wird \u00f6fter in der Photographie wie Stillleben, Warenpr\u00e4sentation, Portrait eingesetzt. Die feine Oberfl\u00e4che kann hoch stilisiert werden und die Farben werden durch starke Widerspiegelung besser dargestellt. Er wird auch oft in B\/W Photographie eingesetzt. Gold: Goldner Reflektor produziert einen sonnigen Effekt, gibt warmes Gef\u00fchl und sanfte Hautfarbe. Er ist geeignet f\u00fcr Portrait, auch f\u00fcr Warenphotographie. Pearl\/Weiss: Perlewei\u00df kann sogar bei nat\u00fcrlichem Licht extreme Farbenf\u00fclle hervorrufen. Er ist sowohl f\u00fcr Warenphotographie als auch f\u00fcr Portrait geeignet. Schwarz: Der schwarze Reflektor kann manche Lichte filtern oder einen dramatischen Lichteffekt bilden. Lichdurchl\u00e4ssig Diffusor: Der ideale Aufheller f\u00fcr Makroaufnahmen. Mit diesem Reflektor werden Sie Schatten weicher und Heller. Mit diesem Reflektor die Bilder werden viel harmonischer. Lieferumfang * Reflektor DynaSun WOS2002 91x122cm Goldene Oberfl\u00e4che Perlewei\u00dfe Oberfl\u00e4che Silberne Oberfl\u00e4che Schwarze Oberfl\u00e4che Lichtdurchl\u00e4ssige\/Soft Oberfl\u00e4che * Tragtasche<\/p>\n","protected":false},"excerpt":{"rendered":"<p>Original Faltreflektor 5in1 DynaSun WOS2002 91x122cm XXL OVAL JUMBO VERSION Zusammenfaltbarer Reflektor Leicht und Handlich In 5 Farben: Golden, Perlewei\u00df, Silbern, Schwarz und Softdiffusor Beschreibung DynaSun WOS2002 91x122cm, 5 in 1 Reflektor-Set beinhaltet 5 h\u00e4ufig benutzte Reflektoren in heutiger Photographie-Welt. Die reflektierenden Oberfl\u00e4chen sind in einer Tragtasche zu erhalten. Ob Sie die lichtdurchl\u00e4ssige Oberfl\u00e4che, um&hellip; <br \/> <a class=\"read-more\" href=\"https:\/\/personalcity.net\/home\/produkt\/dynasun-faltreflektor-pro-5in1-91x122cm-zusammenfaltbarer-reflektor-in-5-farben-golden-perleweiss-silbern-schwarz-und-softdiffusor\/\">Weiterlesen<\/a><\/p>\n","protected":false},"featured_media":4760,"comment_status":"open","ping_status":"closed","template":"","meta":[],"product_cat":[218],"product_tag":[],"class_list":{"0":"post-4759","1":"product","2":"type-product","3":"status-publish","4":"has-post-thumbnail","6":"product_cat-elektronik","8":"first","9":"outofstock","10":"shipping-taxable","11":"purchasable","12":"product-type-simple"},"_links":{"self":[{"href":"https:\/\/personalcity.net\/home\/wp-json\/wp\/v2\/product\/4759","targetHints":{"allow":["GET"]}}],"collection":[{"href":"https:\/\/personalcity.net\/home\/wp-json\/wp\/v2\/product"}],"about":[{"href":"https:\/\/personalcity.net\/home\/wp-json\/wp\/v2\/types\/product"}],"replies":[{"embeddable":true,"href":"https:\/\/personalcity.net\/home\/wp-json\/wp\/v2\/comments?post=4759"}],"wp:featuredmedia":[{"embeddable":true,"href":"https:\/\/personalcity.net\/home\/wp-json\/wp\/v2\/media\/4760"}],"wp:attachment":[{"href":"https:\/\/personalcity.net\/home\/wp-json\/wp\/v2\/media?parent=4759"}],"wp:term":[{"taxonomy":"product_cat","embeddable":true,"href":"https:\/\/personalcity.net\/home\/wp-json\/wp\/v2\/product_cat?post=4759"},{"taxonomy":"product_tag","embeddable":true,"href":"https:\/\/personalcity.net\/home\/wp-json\/wp\/v2\/product_tag?post=4759"}],"curies":[{"name":"wp","href":"https:\/\/api.w.org\/{rel}","templated":true}]}}