{"id":4770,"date":"2024-05-24T11:14:01","date_gmt":"2024-05-24T09:14:01","guid":{"rendered":"http:\/\/personalcity.net\/home\/produkt\/dynasun-wos2070-100x150cm-7in1-faltreflektor-zusammenfaltbarer-reflektor-in-7-farben-perleweiss-silbern-schwarz-golden-silber-blau-gruen-chromakey-und-softdiffusor\/"},"modified":"2025-04-28T15:46:17","modified_gmt":"2025-04-28T13:46:17","slug":"dynasun-wos2070-100x150cm-7in1-faltreflektor-zusammenfaltbarer-reflektor-in-7-farben-perleweiss-silbern-schwarz-golden-silber-blau-gruen-chromakey-und-softdiffusor","status":"publish","type":"product","link":"https:\/\/personalcity.net\/home\/produkt\/dynasun-wos2070-100x150cm-7in1-faltreflektor-zusammenfaltbarer-reflektor-in-7-farben-perleweiss-silbern-schwarz-golden-silber-blau-gruen-chromakey-und-softdiffusor\/","title":{"rendered":"DynaSun WOS2070 100x150cm 7in1 Faltreflektor Zusammenfaltbarer Reflektor in 7 Farben: Perlewei\u00df, Silbern, Schwarz, Golden\/Silber, Blau, Gr\u00fcn Chromakey und Softdiffusor"},"content":{"rendered":"<p>Original Faltreflektor 7in1 DynaSun WOS2070 100x150cm OVAL MEGA PACK VERSION Zusammenfaltbarer Reflektor Leicht und Handlich In 7 Farben: Perlewei\u00df, Silbern, Schwarz, Golden\/Silber, Blau, Gr\u00fcn Chromakey und Softdiffusor Beschreibung DynaSun WOS2070, 7 in 1 Reflektor-Set, beinhaltet 7 h\u00e4ufig benutzte Reflektoren in heutiger Photographie-Welt. Die reflektierenden Oberfl\u00e4chen sind in einer Tragtasche zu erhalten. Ob Sie die transparente Oberfl\u00e4che, um dem Bild ein sanftes Touch zu geben, oder ob Sie den silbernen Reflektor nutzen, um das Licht einfach zu reflektieren, oder ob Sie den goldenen einsetzen, um dem Licht einen warmen Ton zu geben, alles liegt in Ihren H\u00e4nden. Diese Tasche l\u00e4sst sich zusammen falten, damit sie handlich wird. Silber: Der silberne Reflektor produziert einen scharfen Kontrast. Er wird \u00f6fter in der Photographie wie Stillleben, Warenpr\u00e4sentation, Portrait eingesetzt. Die feine Oberfl\u00e4che kann hoch stilisiert werden und die Farben werden durch starke Widerspiegelung besser dargestellt. Er wird auch oft in B\/W Photographie eingesetzt. Pearl\/Weiss: Perlewei\u00df kann sogar bei nat\u00fcrlichem Licht extreme Farbenf\u00fclle hervorrufen. Er ist sowohl f\u00fcr Warenphotographie als auch f\u00fcr Portrait geeignet. Gold\/Silber: Der silberne\/goldene Reflektor produziert einen scharfen Kontrast mit sonnigen Effekt. Er wird \u00f6fter in der Photographie wie Stillleben, Warenpr\u00e4sentation, Portrait eingesetzt. Blau: ist eine perfekte L\u00f6sung f\u00fcr einen einfach anwendbaren und v\u00f6llig beweglichen Hintergrund. H\u00e4\u00fcfig benutz f\u00fcr Chromakey Gr\u00fcn: \u00e4hnlich wie Blau, ist auch h\u00e4ufig benutzt f\u00fcr Chromakey Lichdurchl\u00e4ssig Diffusor: Der ideale Aufheller f\u00fcr Makroaufnahmen. Mit diesem Reflektor werden Sie Schatten weicher und Heller. Mit diesem Reflektor die Bilder werden viel harmonischer.<\/p>\n","protected":false},"excerpt":{"rendered":"<p>Original Faltreflektor 7in1 DynaSun WOS2070 100x150cm OVAL MEGA PACK VERSION Zusammenfaltbarer Reflektor Leicht und Handlich In 7 Farben: Perlewei\u00df, Silbern, Schwarz, Golden\/Silber, Blau, Gr\u00fcn Chromakey und Softdiffusor Beschreibung DynaSun WOS2070, 7 in 1 Reflektor-Set, beinhaltet 7 h\u00e4ufig benutzte Reflektoren in heutiger Photographie-Welt. Die reflektierenden Oberfl\u00e4chen sind in einer Tragtasche zu erhalten. Ob Sie die transparente&hellip; <br \/> <a class=\"read-more\" href=\"https:\/\/personalcity.net\/home\/produkt\/dynasun-wos2070-100x150cm-7in1-faltreflektor-zusammenfaltbarer-reflektor-in-7-farben-perleweiss-silbern-schwarz-golden-silber-blau-gruen-chromakey-und-softdiffusor\/\">Weiterlesen<\/a><\/p>\n","protected":false},"featured_media":4769,"comment_status":"open","ping_status":"closed","template":"","meta":[],"product_cat":[218],"product_tag":[],"class_list":{"0":"post-4770","1":"product","2":"type-product","3":"status-publish","4":"has-post-thumbnail","6":"product_cat-elektronik","8":"first","9":"outofstock","10":"shipping-taxable","11":"purchasable","12":"product-type-simple"},"_links":{"self":[{"href":"https:\/\/personalcity.net\/home\/wp-json\/wp\/v2\/product\/4770","targetHints":{"allow":["GET"]}}],"collection":[{"href":"https:\/\/personalcity.net\/home\/wp-json\/wp\/v2\/product"}],"about":[{"href":"https:\/\/personalcity.net\/home\/wp-json\/wp\/v2\/types\/product"}],"replies":[{"embeddable":true,"href":"https:\/\/personalcity.net\/home\/wp-json\/wp\/v2\/comments?post=4770"}],"wp:featuredmedia":[{"embeddable":true,"href":"https:\/\/personalcity.net\/home\/wp-json\/wp\/v2\/media\/4769"}],"wp:attachment":[{"href":"https:\/\/personalcity.net\/home\/wp-json\/wp\/v2\/media?parent=4770"}],"wp:term":[{"taxonomy":"product_cat","embeddable":true,"href":"https:\/\/personalcity.net\/home\/wp-json\/wp\/v2\/product_cat?post=4770"},{"taxonomy":"product_tag","embeddable":true,"href":"https:\/\/personalcity.net\/home\/wp-json\/wp\/v2\/product_tag?post=4770"}],"curies":[{"name":"wp","href":"https:\/\/api.w.org\/{rel}","templated":true}]}}